{"id":18,"date":"2024-04-04T15:46:00","date_gmt":"2024-04-04T13:46:00","guid":{"rendered":"https:\/\/eurasierclub.be\/?page_id=18"},"modified":"2024-06-25T11:32:42","modified_gmt":"2024-06-25T09:32:42","slug":"lecb","status":"publish","type":"page","link":"https:\/\/eurasierclub.be\/fr\/lecb\/","title":{"rendered":"L&rsquo;ECB"},"content":{"rendered":"\n<p>Le 23 octobre 2024, des propri\u00e9taires passionn\u00e9s d\u2019Eurasiers se sont r\u00e9unis pour fonder l\u2019ECB (Eurasier Club Belgie) afin de faire connaitre la race de l\u2019Eurasier en Belgique. L\u2019occasion de se retrouver entre passionn\u00e9s lors de promenades et \u00e9v\u00e9nements.<br>L\u2019ECB est \u00e9galement membre de l\u2019IFEZ (International Federation for Eurasier Breeding).<br><\/p>\n\n\n\n<p>Nos objectifs sont:<\/p>\n\n\n\n<ul class=\"wp-block-list\">\n<li>De perp\u00e9tuer la race de l\u2019Eurasier<\/li>\n\n\n\n<li>De r\u00e9unir des passionn\u00e9s lors d\u2019\u00e9v\u00e9nements<\/li>\n\n\n\n<li>D\u2019encourager un \u00e9levage \u00e9thique selon les crit\u00e8res de l\u2019IFEZ<\/li>\n<\/ul>\n\n\n\n<p><\/p>\n\n\n\n<p><em>Le conseil d\u2019administration \u00e9lu:<\/em><br>Erik Verhulst: pr\u00e9sident<br>Corinne Colet : vice-pr\u00e9sidente<br>Nancy Dekkers : tr\u00e9sori\u00e8re<br>Aur\u00e9lie Pradeau : secr\u00e9taire<\/p>\n","protected":false},"excerpt":{"rendered":"<p>Le 23 octobre 2024, des propri\u00e9taires passionn\u00e9s d\u2019Eurasiers se sont r\u00e9unis pour fonder l\u2019ECB (Eurasier Club Belgie) afin de faire connaitre la race de l\u2019Eurasier en Belgique. L\u2019occasion de se retrouver entre passionn\u00e9s lors de promenades et \u00e9v\u00e9nements.L\u2019ECB est \u00e9galement membre de l\u2019IFEZ (International Federation for Eurasier Breeding). Nos objectifs sont: Le conseil d\u2019administration \u00e9lu:Erik [&hellip;]<\/p>\n","protected":false},"author":1,"featured_media":0,"parent":0,"menu_order":0,"comment_status":"closed","ping_status":"closed","template":"","meta":{"footnotes":""},"class_list":["post-18","page","type-page","status-publish","hentry"],"yoast_head":"<!-- This site is optimized with the Yoast SEO plugin v27.0 - https:\/\/yoast.com\/product\/yoast-seo-wordpress\/ -->\n<title>L&#039;ECB - Eurasier Club Belgium<\/title>\n<meta name=\"description\" content=\"eurasier club belgique belgie belgium\" \/>\n<meta name=\"robots\" content=\"index, follow, max-snippet:-1, max-image-preview:large, max-video-preview:-1\" \/>\n<link rel=\"canonical\" href=\"https:\/\/eurasierclub.be\/fr\/lecb\/\" \/>\n<meta property=\"og:locale\" content=\"fr_FR\" \/>\n<meta property=\"og:type\" content=\"article\" \/>\n<meta property=\"og:title\" content=\"L&#039;ECB - Eurasier Club Belgium\" \/>\n<meta property=\"og:description\" content=\"eurasier club belgique belgie belgium\" \/>\n<meta property=\"og:url\" content=\"https:\/\/eurasierclub.be\/fr\/lecb\/\" \/>\n<meta property=\"og:site_name\" content=\"Eurasier Club Belgium\" \/>\n<meta property=\"article:publisher\" content=\"https:\/\/www.facebook.com\/EcbEurasierClubBelgie\" \/>\n<meta property=\"article:modified_time\" content=\"2024-06-25T09:32:42+00:00\" \/>\n<meta name=\"twitter:card\" content=\"summary_large_image\" \/>\n<meta name=\"twitter:label1\" content=\"Dur\u00e9e de lecture est.\" \/>\n\t<meta name=\"twitter:data1\" content=\"1 minute\" \/>\n<script type=\"application\/ld+json\" class=\"yoast-schema-graph\">{\"@context\":\"https:\/\/schema.org\",\"@graph\":[{\"@type\":\"WebPage\",\"@id\":\"https:\/\/eurasierclub.be\/lecb\/\",\"url\":\"https:\/\/eurasierclub.be\/lecb\/\",\"name\":\"L'ECB - Eurasier Club Belgium\",\"isPartOf\":{\"@id\":\"https:\/\/eurasierclub.be\/#website\"},\"datePublished\":\"2024-04-04T13:46:00+00:00\",\"dateModified\":\"2024-06-25T09:32:42+00:00\",\"description\":\"eurasier club belgique belgie belgium\",\"breadcrumb\":{\"@id\":\"https:\/\/eurasierclub.be\/lecb\/#breadcrumb\"},\"inLanguage\":\"fr-BE\",\"potentialAction\":[{\"@type\":\"ReadAction\",\"target\":[\"https:\/\/eurasierclub.be\/lecb\/\"]}]},{\"@type\":\"BreadcrumbList\",\"@id\":\"https:\/\/eurasierclub.be\/lecb\/#breadcrumb\",\"itemListElement\":[{\"@type\":\"ListItem\",\"position\":1,\"name\":\"Accueil\",\"item\":\"https:\/\/eurasierclub.be\/\"},{\"@type\":\"ListItem\",\"position\":2,\"name\":\"L&rsquo;ECB\"}]},{\"@type\":\"WebSite\",\"@id\":\"https:\/\/eurasierclub.be\/#website\",\"url\":\"https:\/\/eurasierclub.be\/\",\"name\":\"Eurasier Club Belgium\",\"description\":\"Eurasier Club Belgium\",\"publisher\":{\"@id\":\"https:\/\/eurasierclub.be\/#organization\"},\"alternateName\":\"eurasier belgium\",\"potentialAction\":[{\"@type\":\"SearchAction\",\"target\":{\"@type\":\"EntryPoint\",\"urlTemplate\":\"https:\/\/eurasierclub.be\/?s={search_term_string}\"},\"query-input\":{\"@type\":\"PropertyValueSpecification\",\"valueRequired\":true,\"valueName\":\"search_term_string\"}}],\"inLanguage\":\"fr-BE\"},{\"@type\":\"Organization\",\"@id\":\"https:\/\/eurasierclub.be\/#organization\",\"name\":\"ECB\",\"alternateName\":\"Eurasier Club Belgium\",\"url\":\"https:\/\/eurasierclub.be\/\",\"logo\":{\"@type\":\"ImageObject\",\"inLanguage\":\"fr-BE\",\"@id\":\"https:\/\/eurasierclub.be\/#\/schema\/logo\/image\/\",\"url\":\"https:\/\/eurasierclub.be\/wp-content\/uploads\/2024\/04\/eurasier.jpg\",\"contentUrl\":\"https:\/\/eurasierclub.be\/wp-content\/uploads\/2024\/04\/eurasier.jpg\",\"width\":493,\"height\":444,\"caption\":\"ECB\"},\"image\":{\"@id\":\"https:\/\/eurasierclub.be\/#\/schema\/logo\/image\/\"},\"sameAs\":[\"https:\/\/www.facebook.com\/EcbEurasierClubBelgie\",\"https:\/\/www.instagram.com\/eurasierclubbelgium\/\"]}]}<\/script>\n<!-- \/ Yoast SEO plugin. -->","yoast_head_json":{"title":"L'ECB - Eurasier Club Belgium","description":"eurasier club belgique belgie belgium","robots":{"index":"index","follow":"follow","max-snippet":"max-snippet:-1","max-image-preview":"max-image-preview:large","max-video-preview":"max-video-preview:-1"},"canonical":"https:\/\/eurasierclub.be\/fr\/lecb\/","og_locale":"fr_FR","og_type":"article","og_title":"L'ECB - Eurasier Club Belgium","og_description":"eurasier club belgique belgie belgium","og_url":"https:\/\/eurasierclub.be\/fr\/lecb\/","og_site_name":"Eurasier Club Belgium","article_publisher":"https:\/\/www.facebook.com\/EcbEurasierClubBelgie","article_modified_time":"2024-06-25T09:32:42+00:00","twitter_card":"summary_large_image","twitter_misc":{"Dur\u00e9e de lecture est.":"1 minute"},"schema":{"@context":"https:\/\/schema.org","@graph":[{"@type":"WebPage","@id":"https:\/\/eurasierclub.be\/lecb\/","url":"https:\/\/eurasierclub.be\/lecb\/","name":"L'ECB - Eurasier Club Belgium","isPartOf":{"@id":"https:\/\/eurasierclub.be\/#website"},"datePublished":"2024-04-04T13:46:00+00:00","dateModified":"2024-06-25T09:32:42+00:00","description":"eurasier club belgique belgie belgium","breadcrumb":{"@id":"https:\/\/eurasierclub.be\/lecb\/#breadcrumb"},"inLanguage":"fr-BE","potentialAction":[{"@type":"ReadAction","target":["https:\/\/eurasierclub.be\/lecb\/"]}]},{"@type":"BreadcrumbList","@id":"https:\/\/eurasierclub.be\/lecb\/#breadcrumb","itemListElement":[{"@type":"ListItem","position":1,"name":"Accueil","item":"https:\/\/eurasierclub.be\/"},{"@type":"ListItem","position":2,"name":"L&rsquo;ECB"}]},{"@type":"WebSite","@id":"https:\/\/eurasierclub.be\/#website","url":"https:\/\/eurasierclub.be\/","name":"Eurasier Club Belgium","description":"Eurasier Club Belgium","publisher":{"@id":"https:\/\/eurasierclub.be\/#organization"},"alternateName":"eurasier belgium","potentialAction":[{"@type":"SearchAction","target":{"@type":"EntryPoint","urlTemplate":"https:\/\/eurasierclub.be\/?s={search_term_string}"},"query-input":{"@type":"PropertyValueSpecification","valueRequired":true,"valueName":"search_term_string"}}],"inLanguage":"fr-BE"},{"@type":"Organization","@id":"https:\/\/eurasierclub.be\/#organization","name":"ECB","alternateName":"Eurasier Club Belgium","url":"https:\/\/eurasierclub.be\/","logo":{"@type":"ImageObject","inLanguage":"fr-BE","@id":"https:\/\/eurasierclub.be\/#\/schema\/logo\/image\/","url":"https:\/\/eurasierclub.be\/wp-content\/uploads\/2024\/04\/eurasier.jpg","contentUrl":"https:\/\/eurasierclub.be\/wp-content\/uploads\/2024\/04\/eurasier.jpg","width":493,"height":444,"caption":"ECB"},"image":{"@id":"https:\/\/eurasierclub.be\/#\/schema\/logo\/image\/"},"sameAs":["https:\/\/www.facebook.com\/EcbEurasierClubBelgie","https:\/\/www.instagram.com\/eurasierclubbelgium\/"]}]}},"_links":{"self":[{"href":"https:\/\/eurasierclub.be\/fr\/wp-json\/wp\/v2\/pages\/18","targetHints":{"allow":["GET"]}}],"collection":[{"href":"https:\/\/eurasierclub.be\/fr\/wp-json\/wp\/v2\/pages"}],"about":[{"href":"https:\/\/eurasierclub.be\/fr\/wp-json\/wp\/v2\/types\/page"}],"author":[{"embeddable":true,"href":"https:\/\/eurasierclub.be\/fr\/wp-json\/wp\/v2\/users\/1"}],"replies":[{"embeddable":true,"href":"https:\/\/eurasierclub.be\/fr\/wp-json\/wp\/v2\/comments?post=18"}],"version-history":[{"count":4,"href":"https:\/\/eurasierclub.be\/fr\/wp-json\/wp\/v2\/pages\/18\/revisions"}],"predecessor-version":[{"id":536,"href":"https:\/\/eurasierclub.be\/fr\/wp-json\/wp\/v2\/pages\/18\/revisions\/536"}],"wp:attachment":[{"href":"https:\/\/eurasierclub.be\/fr\/wp-json\/wp\/v2\/media?parent=18"}],"curies":[{"name":"wp","href":"https:\/\/api.w.org\/{rel}","templated":true}]}}