{"id":19,"date":"2024-04-04T15:45:25","date_gmt":"2024-04-04T13:45:25","guid":{"rendered":"https:\/\/eurasierclub.be\/?page_id=19"},"modified":"2025-01-07T18:50:19","modified_gmt":"2025-01-07T17:50:19","slug":"elevage","status":"publish","type":"page","link":"https:\/\/eurasierclub.be\/fr\/elevage\/","title":{"rendered":"Elevage"},"content":{"rendered":"\n<h2 class=\"wp-block-heading\">L\u2019\u00e9levage au sein de l\u2019ECB<\/h2>\n\n\n\n<p>Pour reproduire au sein de l\u2019ECB, il est n\u00e9cessaire de remplir un certain nombre de conditions qui sont d\u00e9crites au sein du r\u00e8glement d&rsquo;\u00e9levage. Ces informations peuvent vous \u00eatre mises \u00e0 disposition sur demande aupr\u00e8s de la commission d&rsquo;\u00e9levage de l&rsquo;ECB. N&rsquo;h\u00e9sitez pas \u00e0 les contacter si vous avez des questions \u00e0 ce sujet.<\/p>\n\n\n\n<p>La commission d\u2019\u00e9levage est ensuite l\u00e0 pour vous aider \u00e0 trouver un m\u00e2le pour votre femelle, ou pour vous conseiller sur les saillies. <br>Avec la cr\u00e9ation de la base de donn\u00e9es de l\u2019IFEZ en 1991, la commission a acc\u00e8s \u00e0 de nombreuses donn\u00e9es et est \u00e0 m\u00eame de vous guider et vous permettre de faire les meilleurs choix pour les chiots et pour le futur de la race.<br>Pour en savoir plus sur l&rsquo;IFEZ, c&rsquo;est par <a href=\"https:\/\/eurasierclub.be\/?page_id=29\">ici<\/a><br>Il s&rsquo;agit de trouver le partenaire id\u00e9al en prenant en compte les r\u00e9sultats de sant\u00e9, la diversit\u00e9 de la race, la consanguinit\u00e9, mais \u00e9galement le caract\u00e8re et les points physiques \u00e0 travailler ou \u00e0 surveiller pour r\u00e9pondre au standard.<br>Pour retrouver plus d&rsquo;informations sur la sant\u00e9 et les tests demand\u00e9s pour l&rsquo;\u00e9levage, rendez-vous sur la page <a href=\"https:\/\/eurasierclub.be\/reglement-delevage\/\">Sant\u00e9<\/a><\/p>\n\n\n\n<p>Le club accorde \u00e9galement une grande importance au d\u00e9veloppement des chiots, \u00e0 leurs apprentissages et \u00e0 leur sociabilisation. Les port\u00e9es sont suivies et le club est pr\u00e9sent pour apporter connaissances et soutien si cela s\u2019av\u00e8re n\u00e9cessaire. Chaque port\u00e9e est visit\u00e9e plusieurs fois par la comission d&rsquo;\u00e9levage afin de v\u00e9rifier que les \u00e9leveurs suivent les directives du club, mais \u00e9galement pour aider \u00e0 d\u00e9terminer les caract\u00e8res et l&rsquo;attribution des chiots.<\/p>\n\n\n\n<p>Il est important de noter que l\u2019\u00e9levage commercial est interdit au sein du club. Nos \u00e9leveurs sont des amoureux de la race qui se soucient du bien-\u00eatre de leurs eurasiers et les \u00e9levages \u201cusines\u201d n\u2019ont pas leur place au sein du club.<\/p>\n\n\n\n<p><\/p>\n","protected":false},"excerpt":{"rendered":"<p>L\u2019\u00e9levage au sein de l\u2019ECB Pour reproduire au sein de l\u2019ECB, il est n\u00e9cessaire de remplir un certain nombre de conditions qui sont d\u00e9crites au sein du r\u00e8glement d&rsquo;\u00e9levage. Ces informations peuvent vous \u00eatre mises \u00e0 disposition sur demande aupr\u00e8s de la commission d&rsquo;\u00e9levage de l&rsquo;ECB. N&rsquo;h\u00e9sitez pas \u00e0 les contacter si vous avez des [&hellip;]<\/p>\n","protected":false},"author":1,"featured_media":608,"parent":0,"menu_order":0,"comment_status":"closed","ping_status":"closed","template":"","meta":{"footnotes":""},"class_list":["post-19","page","type-page","status-publish","has-post-thumbnail","hentry"],"yoast_head":"<!-- This site is optimized with the Yoast SEO plugin v27.0 - https:\/\/yoast.com\/product\/yoast-seo-wordpress\/ -->\n<title>ECB Elevage - Eurasier Club Belgium<\/title>\n<meta name=\"description\" content=\"Nos principes d&#039;\u00e9levage au sein de l&#039;ECB g\u00e9r\u00e9s par la comission d&#039;\u00e9levage - Onze fokprincipes binnen de ECB geregeld door de fokcommissie\" \/>\n<meta name=\"robots\" content=\"index, follow, max-snippet:-1, max-image-preview:large, max-video-preview:-1\" \/>\n<link rel=\"canonical\" href=\"https:\/\/eurasierclub.be\/fr\/elevage\/\" \/>\n<meta property=\"og:locale\" content=\"fr_FR\" \/>\n<meta property=\"og:type\" content=\"article\" \/>\n<meta property=\"og:title\" content=\"ECB Elevage - Eurasier Club Belgium\" \/>\n<meta property=\"og:description\" content=\"Nos principes d&#039;\u00e9levage au sein de l&#039;ECB g\u00e9r\u00e9s par la comission d&#039;\u00e9levage - Onze fokprincipes binnen de ECB geregeld door de fokcommissie\" \/>\n<meta property=\"og:url\" content=\"https:\/\/eurasierclub.be\/fr\/elevage\/\" \/>\n<meta property=\"og:site_name\" content=\"Eurasier Club Belgium\" \/>\n<meta property=\"article:publisher\" content=\"https:\/\/www.facebook.com\/EcbEurasierClubBelgie\" \/>\n<meta property=\"article:modified_time\" content=\"2025-01-07T17:50:19+00:00\" \/>\n<meta property=\"og:image\" content=\"https:\/\/eurasierclub.be\/wp-content\/uploads\/2025\/01\/eurasier.jpg\" \/>\n\t<meta property=\"og:image:width\" content=\"493\" \/>\n\t<meta property=\"og:image:height\" content=\"444\" \/>\n\t<meta property=\"og:image:type\" content=\"image\/jpeg\" \/>\n<meta name=\"twitter:card\" content=\"summary_large_image\" \/>\n<meta name=\"twitter:label1\" content=\"Dur\u00e9e de lecture est.\" \/>\n\t<meta name=\"twitter:data1\" content=\"2 minutes\" \/>\n<script type=\"application\/ld+json\" class=\"yoast-schema-graph\">{\"@context\":\"https:\/\/schema.org\",\"@graph\":[{\"@type\":\"WebPage\",\"@id\":\"https:\/\/eurasierclub.be\/elevage\/\",\"url\":\"https:\/\/eurasierclub.be\/elevage\/\",\"name\":\"ECB Elevage - Eurasier Club Belgium\",\"isPartOf\":{\"@id\":\"https:\/\/eurasierclub.be\/#website\"},\"primaryImageOfPage\":{\"@id\":\"https:\/\/eurasierclub.be\/elevage\/#primaryimage\"},\"image\":{\"@id\":\"https:\/\/eurasierclub.be\/elevage\/#primaryimage\"},\"thumbnailUrl\":\"https:\/\/eurasierclub.be\/wp-content\/uploads\/2025\/01\/eurasier.jpg\",\"datePublished\":\"2024-04-04T13:45:25+00:00\",\"dateModified\":\"2025-01-07T17:50:19+00:00\",\"description\":\"Nos principes d'\u00e9levage au sein de l'ECB g\u00e9r\u00e9s par la comission d'\u00e9levage - Onze fokprincipes binnen de ECB geregeld door de fokcommissie\",\"breadcrumb\":{\"@id\":\"https:\/\/eurasierclub.be\/elevage\/#breadcrumb\"},\"inLanguage\":\"fr-BE\",\"potentialAction\":[{\"@type\":\"ReadAction\",\"target\":[\"https:\/\/eurasierclub.be\/elevage\/\"]}]},{\"@type\":\"ImageObject\",\"inLanguage\":\"fr-BE\",\"@id\":\"https:\/\/eurasierclub.be\/elevage\/#primaryimage\",\"url\":\"https:\/\/eurasierclub.be\/wp-content\/uploads\/2025\/01\/eurasier.jpg\",\"contentUrl\":\"https:\/\/eurasierclub.be\/wp-content\/uploads\/2025\/01\/eurasier.jpg\",\"width\":493,\"height\":444,\"caption\":\"logo from eurasier club belgie\"},{\"@type\":\"BreadcrumbList\",\"@id\":\"https:\/\/eurasierclub.be\/elevage\/#breadcrumb\",\"itemListElement\":[{\"@type\":\"ListItem\",\"position\":1,\"name\":\"Accueil\",\"item\":\"https:\/\/eurasierclub.be\/\"},{\"@type\":\"ListItem\",\"position\":2,\"name\":\"Elevage\"}]},{\"@type\":\"WebSite\",\"@id\":\"https:\/\/eurasierclub.be\/#website\",\"url\":\"https:\/\/eurasierclub.be\/\",\"name\":\"Eurasier Club Belgium\",\"description\":\"Eurasier Club Belgium\",\"publisher\":{\"@id\":\"https:\/\/eurasierclub.be\/#organization\"},\"alternateName\":\"eurasier belgium\",\"potentialAction\":[{\"@type\":\"SearchAction\",\"target\":{\"@type\":\"EntryPoint\",\"urlTemplate\":\"https:\/\/eurasierclub.be\/?s={search_term_string}\"},\"query-input\":{\"@type\":\"PropertyValueSpecification\",\"valueRequired\":true,\"valueName\":\"search_term_string\"}}],\"inLanguage\":\"fr-BE\"},{\"@type\":\"Organization\",\"@id\":\"https:\/\/eurasierclub.be\/#organization\",\"name\":\"ECB\",\"alternateName\":\"Eurasier Club Belgium\",\"url\":\"https:\/\/eurasierclub.be\/\",\"logo\":{\"@type\":\"ImageObject\",\"inLanguage\":\"fr-BE\",\"@id\":\"https:\/\/eurasierclub.be\/#\/schema\/logo\/image\/\",\"url\":\"https:\/\/eurasierclub.be\/wp-content\/uploads\/2024\/04\/eurasier.jpg\",\"contentUrl\":\"https:\/\/eurasierclub.be\/wp-content\/uploads\/2024\/04\/eurasier.jpg\",\"width\":493,\"height\":444,\"caption\":\"ECB\"},\"image\":{\"@id\":\"https:\/\/eurasierclub.be\/#\/schema\/logo\/image\/\"},\"sameAs\":[\"https:\/\/www.facebook.com\/EcbEurasierClubBelgie\",\"https:\/\/www.instagram.com\/eurasierclubbelgium\/\"]}]}<\/script>\n<!-- \/ Yoast SEO plugin. -->","yoast_head_json":{"title":"ECB Elevage - Eurasier Club Belgium","description":"Nos principes d'\u00e9levage au sein de l'ECB g\u00e9r\u00e9s par la comission d'\u00e9levage - Onze fokprincipes binnen de ECB geregeld door de fokcommissie","robots":{"index":"index","follow":"follow","max-snippet":"max-snippet:-1","max-image-preview":"max-image-preview:large","max-video-preview":"max-video-preview:-1"},"canonical":"https:\/\/eurasierclub.be\/fr\/elevage\/","og_locale":"fr_FR","og_type":"article","og_title":"ECB Elevage - Eurasier Club Belgium","og_description":"Nos principes d'\u00e9levage au sein de l'ECB g\u00e9r\u00e9s par la comission d'\u00e9levage - Onze fokprincipes binnen de ECB geregeld door de fokcommissie","og_url":"https:\/\/eurasierclub.be\/fr\/elevage\/","og_site_name":"Eurasier Club Belgium","article_publisher":"https:\/\/www.facebook.com\/EcbEurasierClubBelgie","article_modified_time":"2025-01-07T17:50:19+00:00","og_image":[{"width":493,"height":444,"url":"https:\/\/eurasierclub.be\/wp-content\/uploads\/2025\/01\/eurasier.jpg","type":"image\/jpeg"}],"twitter_card":"summary_large_image","twitter_misc":{"Dur\u00e9e de lecture est.":"2 minutes"},"schema":{"@context":"https:\/\/schema.org","@graph":[{"@type":"WebPage","@id":"https:\/\/eurasierclub.be\/elevage\/","url":"https:\/\/eurasierclub.be\/elevage\/","name":"ECB Elevage - Eurasier Club Belgium","isPartOf":{"@id":"https:\/\/eurasierclub.be\/#website"},"primaryImageOfPage":{"@id":"https:\/\/eurasierclub.be\/elevage\/#primaryimage"},"image":{"@id":"https:\/\/eurasierclub.be\/elevage\/#primaryimage"},"thumbnailUrl":"https:\/\/eurasierclub.be\/wp-content\/uploads\/2025\/01\/eurasier.jpg","datePublished":"2024-04-04T13:45:25+00:00","dateModified":"2025-01-07T17:50:19+00:00","description":"Nos principes d'\u00e9levage au sein de l'ECB g\u00e9r\u00e9s par la comission d'\u00e9levage - Onze fokprincipes binnen de ECB geregeld door de fokcommissie","breadcrumb":{"@id":"https:\/\/eurasierclub.be\/elevage\/#breadcrumb"},"inLanguage":"fr-BE","potentialAction":[{"@type":"ReadAction","target":["https:\/\/eurasierclub.be\/elevage\/"]}]},{"@type":"ImageObject","inLanguage":"fr-BE","@id":"https:\/\/eurasierclub.be\/elevage\/#primaryimage","url":"https:\/\/eurasierclub.be\/wp-content\/uploads\/2025\/01\/eurasier.jpg","contentUrl":"https:\/\/eurasierclub.be\/wp-content\/uploads\/2025\/01\/eurasier.jpg","width":493,"height":444,"caption":"logo from eurasier club belgie"},{"@type":"BreadcrumbList","@id":"https:\/\/eurasierclub.be\/elevage\/#breadcrumb","itemListElement":[{"@type":"ListItem","position":1,"name":"Accueil","item":"https:\/\/eurasierclub.be\/"},{"@type":"ListItem","position":2,"name":"Elevage"}]},{"@type":"WebSite","@id":"https:\/\/eurasierclub.be\/#website","url":"https:\/\/eurasierclub.be\/","name":"Eurasier Club Belgium","description":"Eurasier Club Belgium","publisher":{"@id":"https:\/\/eurasierclub.be\/#organization"},"alternateName":"eurasier belgium","potentialAction":[{"@type":"SearchAction","target":{"@type":"EntryPoint","urlTemplate":"https:\/\/eurasierclub.be\/?s={search_term_string}"},"query-input":{"@type":"PropertyValueSpecification","valueRequired":true,"valueName":"search_term_string"}}],"inLanguage":"fr-BE"},{"@type":"Organization","@id":"https:\/\/eurasierclub.be\/#organization","name":"ECB","alternateName":"Eurasier Club Belgium","url":"https:\/\/eurasierclub.be\/","logo":{"@type":"ImageObject","inLanguage":"fr-BE","@id":"https:\/\/eurasierclub.be\/#\/schema\/logo\/image\/","url":"https:\/\/eurasierclub.be\/wp-content\/uploads\/2024\/04\/eurasier.jpg","contentUrl":"https:\/\/eurasierclub.be\/wp-content\/uploads\/2024\/04\/eurasier.jpg","width":493,"height":444,"caption":"ECB"},"image":{"@id":"https:\/\/eurasierclub.be\/#\/schema\/logo\/image\/"},"sameAs":["https:\/\/www.facebook.com\/EcbEurasierClubBelgie","https:\/\/www.instagram.com\/eurasierclubbelgium\/"]}]}},"_links":{"self":[{"href":"https:\/\/eurasierclub.be\/fr\/wp-json\/wp\/v2\/pages\/19","targetHints":{"allow":["GET"]}}],"collection":[{"href":"https:\/\/eurasierclub.be\/fr\/wp-json\/wp\/v2\/pages"}],"about":[{"href":"https:\/\/eurasierclub.be\/fr\/wp-json\/wp\/v2\/types\/page"}],"author":[{"embeddable":true,"href":"https:\/\/eurasierclub.be\/fr\/wp-json\/wp\/v2\/users\/1"}],"replies":[{"embeddable":true,"href":"https:\/\/eurasierclub.be\/fr\/wp-json\/wp\/v2\/comments?post=19"}],"version-history":[{"count":3,"href":"https:\/\/eurasierclub.be\/fr\/wp-json\/wp\/v2\/pages\/19\/revisions"}],"predecessor-version":[{"id":614,"href":"https:\/\/eurasierclub.be\/fr\/wp-json\/wp\/v2\/pages\/19\/revisions\/614"}],"wp:featuredmedia":[{"embeddable":true,"href":"https:\/\/eurasierclub.be\/fr\/wp-json\/wp\/v2\/media\/608"}],"wp:attachment":[{"href":"https:\/\/eurasierclub.be\/fr\/wp-json\/wp\/v2\/media?parent=19"}],"curies":[{"name":"wp","href":"https:\/\/api.w.org\/{rel}","templated":true}]}}