{"id":20,"date":"2024-04-04T15:43:45","date_gmt":"2024-04-04T13:43:45","guid":{"rendered":"https:\/\/eurasierclub.be\/?page_id=20"},"modified":"2025-01-07T18:34:10","modified_gmt":"2025-01-07T17:34:10","slug":"activites","status":"publish","type":"page","link":"https:\/\/eurasierclub.be\/fr\/activites\/","title":{"rendered":"Activit\u00e9s"},"content":{"rendered":"\n<p>Vous pouvez retrouver ici toutes les photos de nos diff\u00e9rentes balades et activit\u00e9s !<br>Afin de suivre toutes nos balades, n&rsquo;h\u00e9sitez pas \u00e0 suivre la page <a href=\"https:\/\/www.facebook.com\/EcbEurasierClubBelgie\">Facebook <\/a>du club !<br><br>Recherchez l&rsquo;\u00e9v\u00e8nement qui vous int\u00e9resse ou d\u00e9couvrer les derniers \u00e9v\u00e9nements directement ici.<\/p>\n\n\n<form role=\"search\" method=\"get\" action=\"https:\/\/eurasierclub.be\/fr\/\" class=\"wp-block-search__button-outside wp-block-search__text-button wp-block-search\"    ><label class=\"wp-block-search__label\" for=\"wp-block-search__input-1\" >Rechercher<\/label><div class=\"wp-block-search__inside-wrapper\" ><input class=\"wp-block-search__input\" id=\"wp-block-search__input-1\" placeholder=\"2023\" value=\"\" type=\"search\" name=\"s\" required \/><button aria-label=\"Rechercher\" class=\"wp-block-search__button wp-element-button\" type=\"submit\" >Rechercher<\/button><\/div><\/form>\n\n<ul class=\"wp-block-latest-posts__list is-grid columns-3 wp-block-latest-posts\"><li><div class=\"wp-block-latest-posts__featured-image\"><img loading=\"lazy\" decoding=\"async\" width=\"964\" height=\"1024\" src=\"https:\/\/eurasierclub.be\/wp-content\/uploads\/2025\/07\/DSC04040-964x1024.jpg\" class=\"attachment-large size-large wp-post-image\" alt=\"\" style=\"\" srcset=\"https:\/\/eurasierclub.be\/wp-content\/uploads\/2025\/07\/DSC04040-964x1024.jpg 964w, https:\/\/eurasierclub.be\/wp-content\/uploads\/2025\/07\/DSC04040-283x300.jpg 283w, https:\/\/eurasierclub.be\/wp-content\/uploads\/2025\/07\/DSC04040-768x816.jpg 768w, https:\/\/eurasierclub.be\/wp-content\/uploads\/2025\/07\/DSC04040-1446x1536.jpg 1446w, https:\/\/eurasierclub.be\/wp-content\/uploads\/2025\/07\/DSC04040-1929x2048.jpg 1929w, https:\/\/eurasierclub.be\/wp-content\/uploads\/2025\/07\/DSC04040-11x12.jpg 11w, https:\/\/eurasierclub.be\/wp-content\/uploads\/2025\/07\/DSC04040-1170x1242.jpg 1170w\" sizes=\"auto, (max-width: 964px) 100vw, 964px\" \/><\/div><a class=\"wp-block-latest-posts__post-title\" href=\"https:\/\/eurasierclub.be\/fr\/bonheiden-29-06-2025\/\">Bonheiden: 29-06-2025<\/a><\/li>\n<li><div class=\"wp-block-latest-posts__featured-image\"><img loading=\"lazy\" decoding=\"async\" width=\"1024\" height=\"683\" src=\"https:\/\/eurasierclub.be\/wp-content\/uploads\/2025\/06\/DSC03626-1024x683.jpg\" class=\"attachment-large size-large wp-post-image\" alt=\"\" style=\"\" srcset=\"https:\/\/eurasierclub.be\/wp-content\/uploads\/2025\/06\/DSC03626-1024x683.jpg 1024w, https:\/\/eurasierclub.be\/wp-content\/uploads\/2025\/06\/DSC03626-300x200.jpg 300w, https:\/\/eurasierclub.be\/wp-content\/uploads\/2025\/06\/DSC03626-768x512.jpg 768w, https:\/\/eurasierclub.be\/wp-content\/uploads\/2025\/06\/DSC03626-1536x1024.jpg 1536w, https:\/\/eurasierclub.be\/wp-content\/uploads\/2025\/06\/DSC03626-2048x1365.jpg 2048w, https:\/\/eurasierclub.be\/wp-content\/uploads\/2025\/06\/DSC03626-18x12.jpg 18w, https:\/\/eurasierclub.be\/wp-content\/uploads\/2025\/06\/DSC03626-1170x780.jpg 1170w\" sizes=\"auto, (max-width: 1024px) 100vw, 1024px\" \/><\/div><a class=\"wp-block-latest-posts__post-title\" href=\"https:\/\/eurasierclub.be\/fr\/oud-heverlee-18-05-2025\/\">Oud-Heverlee: 18-05-2025<\/a><\/li>\n<li><div class=\"wp-block-latest-posts__featured-image\"><img loading=\"lazy\" decoding=\"async\" width=\"683\" height=\"1024\" src=\"https:\/\/eurasierclub.be\/wp-content\/uploads\/2025\/05\/DSC03505-683x1024.jpg\" class=\"attachment-large size-large wp-post-image\" alt=\"\" style=\"\" srcset=\"https:\/\/eurasierclub.be\/wp-content\/uploads\/2025\/05\/DSC03505-683x1024.jpg 683w, https:\/\/eurasierclub.be\/wp-content\/uploads\/2025\/05\/DSC03505-200x300.jpg 200w, https:\/\/eurasierclub.be\/wp-content\/uploads\/2025\/05\/DSC03505-768x1152.jpg 768w, https:\/\/eurasierclub.be\/wp-content\/uploads\/2025\/05\/DSC03505-1024x1536.jpg 1024w, https:\/\/eurasierclub.be\/wp-content\/uploads\/2025\/05\/DSC03505-1365x2048.jpg 1365w, https:\/\/eurasierclub.be\/wp-content\/uploads\/2025\/05\/DSC03505-8x12.jpg 8w, https:\/\/eurasierclub.be\/wp-content\/uploads\/2025\/05\/DSC03505-1170x1755.jpg 1170w, https:\/\/eurasierclub.be\/wp-content\/uploads\/2025\/05\/DSC03505-scaled.jpg 1707w\" sizes=\"auto, (max-width: 683px) 100vw, 683px\" \/><\/div><a class=\"wp-block-latest-posts__post-title\" href=\"https:\/\/eurasierclub.be\/fr\/wingene-27-04-2025\/\">Wingene: 27-04-2025<\/a><\/li>\n<li><div class=\"wp-block-latest-posts__featured-image\"><img loading=\"lazy\" decoding=\"async\" width=\"682\" height=\"1024\" src=\"https:\/\/eurasierclub.be\/wp-content\/uploads\/2025\/05\/DSC03291-682x1024.jpg\" class=\"attachment-large size-large wp-post-image\" alt=\"\" style=\"\" srcset=\"https:\/\/eurasierclub.be\/wp-content\/uploads\/2025\/05\/DSC03291-682x1024.jpg 682w, https:\/\/eurasierclub.be\/wp-content\/uploads\/2025\/05\/DSC03291-200x300.jpg 200w, https:\/\/eurasierclub.be\/wp-content\/uploads\/2025\/05\/DSC03291-768x1152.jpg 768w, https:\/\/eurasierclub.be\/wp-content\/uploads\/2025\/05\/DSC03291-8x12.jpg 8w, https:\/\/eurasierclub.be\/wp-content\/uploads\/2025\/05\/DSC03291.jpg 837w\" sizes=\"auto, (max-width: 682px) 100vw, 682px\" \/><\/div><a class=\"wp-block-latest-posts__post-title\" href=\"https:\/\/eurasierclub.be\/fr\/de-haan-23-03-2025\/\">De Haan &#8211; 30-03-2025<\/a><\/li>\n<li><div class=\"wp-block-latest-posts__featured-image\"><img loading=\"lazy\" decoding=\"async\" width=\"763\" height=\"1024\" src=\"https:\/\/eurasierclub.be\/wp-content\/uploads\/2025\/03\/DSC03125-763x1024.jpg\" class=\"attachment-large size-large wp-post-image\" alt=\"\" style=\"\" srcset=\"https:\/\/eurasierclub.be\/wp-content\/uploads\/2025\/03\/DSC03125-763x1024.jpg 763w, https:\/\/eurasierclub.be\/wp-content\/uploads\/2025\/03\/DSC03125-224x300.jpg 224w, https:\/\/eurasierclub.be\/wp-content\/uploads\/2025\/03\/DSC03125-768x1031.jpg 768w, https:\/\/eurasierclub.be\/wp-content\/uploads\/2025\/03\/DSC03125-1144x1536.jpg 1144w, https:\/\/eurasierclub.be\/wp-content\/uploads\/2025\/03\/DSC03125-9x12.jpg 9w, https:\/\/eurasierclub.be\/wp-content\/uploads\/2025\/03\/DSC03125-1170x1570.jpg 1170w, https:\/\/eurasierclub.be\/wp-content\/uploads\/2025\/03\/DSC03125.jpg 1505w\" sizes=\"auto, (max-width: 763px) 100vw, 763px\" \/><\/div><a class=\"wp-block-latest-posts__post-title\" href=\"https:\/\/eurasierclub.be\/fr\/essene-23-02-2025\/\">Essene : 23-02-2025<\/a><\/li>\n<li><div class=\"wp-block-latest-posts__featured-image\"><img loading=\"lazy\" decoding=\"async\" width=\"814\" height=\"1024\" src=\"https:\/\/eurasierclub.be\/wp-content\/uploads\/2025\/03\/DSC02964-814x1024.jpg\" class=\"attachment-large size-large wp-post-image\" alt=\"\" style=\"\" srcset=\"https:\/\/eurasierclub.be\/wp-content\/uploads\/2025\/03\/DSC02964-814x1024.jpg 814w, https:\/\/eurasierclub.be\/wp-content\/uploads\/2025\/03\/DSC02964-238x300.jpg 238w, https:\/\/eurasierclub.be\/wp-content\/uploads\/2025\/03\/DSC02964-768x966.jpg 768w, https:\/\/eurasierclub.be\/wp-content\/uploads\/2025\/03\/DSC02964-1221x1536.jpg 1221w, https:\/\/eurasierclub.be\/wp-content\/uploads\/2025\/03\/DSC02964-1628x2048.jpg 1628w, https:\/\/eurasierclub.be\/wp-content\/uploads\/2025\/03\/DSC02964-10x12.jpg 10w, https:\/\/eurasierclub.be\/wp-content\/uploads\/2025\/03\/DSC02964-1170x1472.jpg 1170w, https:\/\/eurasierclub.be\/wp-content\/uploads\/2025\/03\/DSC02964-scaled.jpg 2035w\" sizes=\"auto, (max-width: 814px) 100vw, 814px\" \/><\/div><a class=\"wp-block-latest-posts__post-title\" href=\"https:\/\/eurasierclub.be\/fr\/charleroi-19-01-2025\/\">Charleroi: 19-01-2025<\/a><\/li>\n<\/ul>\n\n\n<div class=\"wp-block-columns is-layout-flex wp-container-core-columns-is-layout-28f84493 wp-block-columns-is-layout-flex\">\n<div class=\"wp-block-column is-layout-flow wp-block-column-is-layout-flow\"><\/div>\n<\/div>\n","protected":false},"excerpt":{"rendered":"<p>Vous pouvez retrouver ici toutes les photos de nos diff\u00e9rentes balades et activit\u00e9s !Afin de suivre toutes nos balades, n&rsquo;h\u00e9sitez pas \u00e0 suivre la page Facebook du club ! Recherchez l&rsquo;\u00e9v\u00e8nement qui vous int\u00e9resse ou d\u00e9couvrer les derniers \u00e9v\u00e9nements directement ici.<\/p>\n","protected":false},"author":1,"featured_media":608,"parent":0,"menu_order":0,"comment_status":"closed","ping_status":"closed","template":"","meta":{"footnotes":""},"class_list":["post-20","page","type-page","status-publish","has-post-thumbnail","hentry"],"yoast_head":"<!-- This site is optimized with the Yoast SEO plugin v27.0 - https:\/\/yoast.com\/product\/yoast-seo-wordpress\/ -->\n<title>ECB Activit\u00e9s - Eurasier Club Belgium<\/title>\n<meta name=\"description\" content=\"ECB Activities - Wandeling elke maand, barbecue, eurasier re\u00fcnie - Marches tous les mois, barbecue, retrouvailles autour de l&#039;Eurasier\" \/>\n<meta name=\"robots\" content=\"index, follow, max-snippet:-1, max-image-preview:large, max-video-preview:-1\" \/>\n<link rel=\"canonical\" href=\"https:\/\/eurasierclub.be\/fr\/activites\/\" \/>\n<meta property=\"og:locale\" content=\"fr_FR\" \/>\n<meta property=\"og:type\" content=\"article\" \/>\n<meta property=\"og:title\" content=\"ECB Activit\u00e9s - Eurasier Club Belgium\" \/>\n<meta property=\"og:description\" content=\"ECB Activities - Wandeling elke maand, barbecue, eurasier re\u00fcnie - Marches tous les mois, barbecue, retrouvailles autour de l&#039;Eurasier\" \/>\n<meta property=\"og:url\" content=\"https:\/\/eurasierclub.be\/fr\/activites\/\" \/>\n<meta property=\"og:site_name\" content=\"Eurasier Club Belgium\" \/>\n<meta property=\"article:publisher\" content=\"https:\/\/www.facebook.com\/EcbEurasierClubBelgie\" \/>\n<meta property=\"article:modified_time\" content=\"2025-01-07T17:34:10+00:00\" \/>\n<meta property=\"og:image\" content=\"https:\/\/eurasierclub.be\/wp-content\/uploads\/2025\/01\/eurasier.jpg\" \/>\n\t<meta property=\"og:image:width\" content=\"493\" \/>\n\t<meta property=\"og:image:height\" content=\"444\" \/>\n\t<meta property=\"og:image:type\" content=\"image\/jpeg\" \/>\n<meta name=\"twitter:card\" content=\"summary_large_image\" \/>\n<meta name=\"twitter:label1\" content=\"Dur\u00e9e de lecture est.\" \/>\n\t<meta name=\"twitter:data1\" content=\"1 minute\" \/>\n<script type=\"application\/ld+json\" class=\"yoast-schema-graph\">{\"@context\":\"https:\/\/schema.org\",\"@graph\":[{\"@type\":\"WebPage\",\"@id\":\"https:\/\/eurasierclub.be\/activites\/\",\"url\":\"https:\/\/eurasierclub.be\/activites\/\",\"name\":\"ECB Activit\u00e9s - Eurasier Club Belgium\",\"isPartOf\":{\"@id\":\"https:\/\/eurasierclub.be\/#website\"},\"primaryImageOfPage\":{\"@id\":\"https:\/\/eurasierclub.be\/activites\/#primaryimage\"},\"image\":{\"@id\":\"https:\/\/eurasierclub.be\/activites\/#primaryimage\"},\"thumbnailUrl\":\"https:\/\/eurasierclub.be\/wp-content\/uploads\/2025\/01\/eurasier.jpg\",\"datePublished\":\"2024-04-04T13:43:45+00:00\",\"dateModified\":\"2025-01-07T17:34:10+00:00\",\"description\":\"ECB Activities - Wandeling elke maand, barbecue, eurasier re\u00fcnie - Marches tous les mois, barbecue, retrouvailles autour de l'Eurasier\",\"breadcrumb\":{\"@id\":\"https:\/\/eurasierclub.be\/activites\/#breadcrumb\"},\"inLanguage\":\"fr-BE\",\"potentialAction\":[{\"@type\":\"ReadAction\",\"target\":[\"https:\/\/eurasierclub.be\/activites\/\"]}]},{\"@type\":\"ImageObject\",\"inLanguage\":\"fr-BE\",\"@id\":\"https:\/\/eurasierclub.be\/activites\/#primaryimage\",\"url\":\"https:\/\/eurasierclub.be\/wp-content\/uploads\/2025\/01\/eurasier.jpg\",\"contentUrl\":\"https:\/\/eurasierclub.be\/wp-content\/uploads\/2025\/01\/eurasier.jpg\",\"width\":493,\"height\":444,\"caption\":\"logo from eurasier club belgie\"},{\"@type\":\"BreadcrumbList\",\"@id\":\"https:\/\/eurasierclub.be\/activites\/#breadcrumb\",\"itemListElement\":[{\"@type\":\"ListItem\",\"position\":1,\"name\":\"Accueil\",\"item\":\"https:\/\/eurasierclub.be\/\"},{\"@type\":\"ListItem\",\"position\":2,\"name\":\"Activit\u00e9s\"}]},{\"@type\":\"WebSite\",\"@id\":\"https:\/\/eurasierclub.be\/#website\",\"url\":\"https:\/\/eurasierclub.be\/\",\"name\":\"Eurasier Club Belgium\",\"description\":\"Eurasier Club Belgium\",\"publisher\":{\"@id\":\"https:\/\/eurasierclub.be\/#organization\"},\"alternateName\":\"eurasier belgium\",\"potentialAction\":[{\"@type\":\"SearchAction\",\"target\":{\"@type\":\"EntryPoint\",\"urlTemplate\":\"https:\/\/eurasierclub.be\/?s={search_term_string}\"},\"query-input\":{\"@type\":\"PropertyValueSpecification\",\"valueRequired\":true,\"valueName\":\"search_term_string\"}}],\"inLanguage\":\"fr-BE\"},{\"@type\":\"Organization\",\"@id\":\"https:\/\/eurasierclub.be\/#organization\",\"name\":\"ECB\",\"alternateName\":\"Eurasier Club Belgium\",\"url\":\"https:\/\/eurasierclub.be\/\",\"logo\":{\"@type\":\"ImageObject\",\"inLanguage\":\"fr-BE\",\"@id\":\"https:\/\/eurasierclub.be\/#\/schema\/logo\/image\/\",\"url\":\"https:\/\/eurasierclub.be\/wp-content\/uploads\/2024\/04\/eurasier.jpg\",\"contentUrl\":\"https:\/\/eurasierclub.be\/wp-content\/uploads\/2024\/04\/eurasier.jpg\",\"width\":493,\"height\":444,\"caption\":\"ECB\"},\"image\":{\"@id\":\"https:\/\/eurasierclub.be\/#\/schema\/logo\/image\/\"},\"sameAs\":[\"https:\/\/www.facebook.com\/EcbEurasierClubBelgie\",\"https:\/\/www.instagram.com\/eurasierclubbelgium\/\"]}]}<\/script>\n<!-- \/ Yoast SEO plugin. -->","yoast_head_json":{"title":"ECB Activit\u00e9s - Eurasier Club Belgium","description":"ECB Activities - Wandeling elke maand, barbecue, eurasier re\u00fcnie - Marches tous les mois, barbecue, retrouvailles autour de l'Eurasier","robots":{"index":"index","follow":"follow","max-snippet":"max-snippet:-1","max-image-preview":"max-image-preview:large","max-video-preview":"max-video-preview:-1"},"canonical":"https:\/\/eurasierclub.be\/fr\/activites\/","og_locale":"fr_FR","og_type":"article","og_title":"ECB Activit\u00e9s - Eurasier Club Belgium","og_description":"ECB Activities - Wandeling elke maand, barbecue, eurasier re\u00fcnie - Marches tous les mois, barbecue, retrouvailles autour de l'Eurasier","og_url":"https:\/\/eurasierclub.be\/fr\/activites\/","og_site_name":"Eurasier Club Belgium","article_publisher":"https:\/\/www.facebook.com\/EcbEurasierClubBelgie","article_modified_time":"2025-01-07T17:34:10+00:00","og_image":[{"width":493,"height":444,"url":"https:\/\/eurasierclub.be\/wp-content\/uploads\/2025\/01\/eurasier.jpg","type":"image\/jpeg"}],"twitter_card":"summary_large_image","twitter_misc":{"Dur\u00e9e de lecture est.":"1 minute"},"schema":{"@context":"https:\/\/schema.org","@graph":[{"@type":"WebPage","@id":"https:\/\/eurasierclub.be\/activites\/","url":"https:\/\/eurasierclub.be\/activites\/","name":"ECB Activit\u00e9s - Eurasier Club Belgium","isPartOf":{"@id":"https:\/\/eurasierclub.be\/#website"},"primaryImageOfPage":{"@id":"https:\/\/eurasierclub.be\/activites\/#primaryimage"},"image":{"@id":"https:\/\/eurasierclub.be\/activites\/#primaryimage"},"thumbnailUrl":"https:\/\/eurasierclub.be\/wp-content\/uploads\/2025\/01\/eurasier.jpg","datePublished":"2024-04-04T13:43:45+00:00","dateModified":"2025-01-07T17:34:10+00:00","description":"ECB Activities - Wandeling elke maand, barbecue, eurasier re\u00fcnie - Marches tous les mois, barbecue, retrouvailles autour de l'Eurasier","breadcrumb":{"@id":"https:\/\/eurasierclub.be\/activites\/#breadcrumb"},"inLanguage":"fr-BE","potentialAction":[{"@type":"ReadAction","target":["https:\/\/eurasierclub.be\/activites\/"]}]},{"@type":"ImageObject","inLanguage":"fr-BE","@id":"https:\/\/eurasierclub.be\/activites\/#primaryimage","url":"https:\/\/eurasierclub.be\/wp-content\/uploads\/2025\/01\/eurasier.jpg","contentUrl":"https:\/\/eurasierclub.be\/wp-content\/uploads\/2025\/01\/eurasier.jpg","width":493,"height":444,"caption":"logo from eurasier club belgie"},{"@type":"BreadcrumbList","@id":"https:\/\/eurasierclub.be\/activites\/#breadcrumb","itemListElement":[{"@type":"ListItem","position":1,"name":"Accueil","item":"https:\/\/eurasierclub.be\/"},{"@type":"ListItem","position":2,"name":"Activit\u00e9s"}]},{"@type":"WebSite","@id":"https:\/\/eurasierclub.be\/#website","url":"https:\/\/eurasierclub.be\/","name":"Eurasier Club Belgium","description":"Eurasier Club Belgium","publisher":{"@id":"https:\/\/eurasierclub.be\/#organization"},"alternateName":"eurasier belgium","potentialAction":[{"@type":"SearchAction","target":{"@type":"EntryPoint","urlTemplate":"https:\/\/eurasierclub.be\/?s={search_term_string}"},"query-input":{"@type":"PropertyValueSpecification","valueRequired":true,"valueName":"search_term_string"}}],"inLanguage":"fr-BE"},{"@type":"Organization","@id":"https:\/\/eurasierclub.be\/#organization","name":"ECB","alternateName":"Eurasier Club Belgium","url":"https:\/\/eurasierclub.be\/","logo":{"@type":"ImageObject","inLanguage":"fr-BE","@id":"https:\/\/eurasierclub.be\/#\/schema\/logo\/image\/","url":"https:\/\/eurasierclub.be\/wp-content\/uploads\/2024\/04\/eurasier.jpg","contentUrl":"https:\/\/eurasierclub.be\/wp-content\/uploads\/2024\/04\/eurasier.jpg","width":493,"height":444,"caption":"ECB"},"image":{"@id":"https:\/\/eurasierclub.be\/#\/schema\/logo\/image\/"},"sameAs":["https:\/\/www.facebook.com\/EcbEurasierClubBelgie","https:\/\/www.instagram.com\/eurasierclubbelgium\/"]}]}},"_links":{"self":[{"href":"https:\/\/eurasierclub.be\/fr\/wp-json\/wp\/v2\/pages\/20","targetHints":{"allow":["GET"]}}],"collection":[{"href":"https:\/\/eurasierclub.be\/fr\/wp-json\/wp\/v2\/pages"}],"about":[{"href":"https:\/\/eurasierclub.be\/fr\/wp-json\/wp\/v2\/types\/page"}],"author":[{"embeddable":true,"href":"https:\/\/eurasierclub.be\/fr\/wp-json\/wp\/v2\/users\/1"}],"replies":[{"embeddable":true,"href":"https:\/\/eurasierclub.be\/fr\/wp-json\/wp\/v2\/comments?post=20"}],"version-history":[{"count":7,"href":"https:\/\/eurasierclub.be\/fr\/wp-json\/wp\/v2\/pages\/20\/revisions"}],"predecessor-version":[{"id":629,"href":"https:\/\/eurasierclub.be\/fr\/wp-json\/wp\/v2\/pages\/20\/revisions\/629"}],"wp:featuredmedia":[{"embeddable":true,"href":"https:\/\/eurasierclub.be\/fr\/wp-json\/wp\/v2\/media\/608"}],"wp:attachment":[{"href":"https:\/\/eurasierclub.be\/fr\/wp-json\/wp\/v2\/media?parent=20"}],"curies":[{"name":"wp","href":"https:\/\/api.w.org\/{rel}","templated":true}]}}