{"id":22,"date":"2024-04-03T20:38:32","date_gmt":"2024-04-03T18:38:32","guid":{"rendered":"https:\/\/eurasierclub.be\/?page_id=22"},"modified":"2024-06-25T11:19:03","modified_gmt":"2024-06-25T09:19:03","slug":"la-race","status":"publish","type":"page","link":"https:\/\/eurasierclub.be\/fr\/la-race\/","title":{"rendered":"La race"},"content":{"rendered":"\n<p>L&rsquo;Eurasier est une race allemande enregistr\u00e9e aupr\u00e8s de la F\u00e9d\u00e9ration Cynologique Internationale depuis 1973.<\/p>\n\n\n\n<p><\/p>\n\n\n\n<h3 class=\"wp-block-heading\">Histoire<\/h3>\n\n\n\n<p><\/p>\n\n\n\n<p>L\u2019histoire&nbsp;de l\u2019Eurasier commence en 1960 quand Julius Wipfel (1913-2002) qui habitait alors Weinheim (Allemagne) a crois\u00e9 un spitz-loup et un chow-chow. Le but de Julius Wipfel \u00e9tait de cr\u00e9er une race stable, en bonne sant\u00e9 et sociable ; en quelque sorte le chien de compagnie parfait.<\/p>\n\n\n\n<p>Julius Wipfel est n\u00e9 \u00e0 Manheim, en Allemagne. Il a toujours \u00e9t\u00e9 passionn\u00e9 par les exp\u00e9ditions polaires et a toujours poss\u00e9d\u00e9 des chiens (toujours des races m\u00e9lang\u00e9es). Apr\u00e8s la seconde guerre mondiale, les alli\u00e9s, notamment les canadiens ont quitt\u00e9 l\u2019Allemagne en laissant derri\u00e8re eux leurs chiens. Julius Wipfel et son \u00e9pouse Elfriede ont recueilli chez eux l\u2019un de ces chiens de type chien de traineau et l\u2019ont appel\u00e9 \u00ab&nbsp;le Canadien&nbsp;\u00bb. Ce chien \u00e9tait de couleur noire, d\u2019origine inconnue, et ressemblait \u00e0 un croisement avec un chien esquimau et un samoy\u00e8de. Il avait la t\u00eate d\u2019un loup et des oreilles droites. Tr\u00e8s rapidement, le chien s\u2019est adapt\u00e9 \u00e0 eux et \u00e0 leur fils en bas \u00e2ge. Toutefois, il restait tr\u00e8s peu fiable avec les \u00e9trangers. Apr\u00e8s sa mort, Julius et Elfriede Wipfel ont accueilli chez eux Bella von der Waldm\u00fchle, une femelle spitz-loup. Le spitz-loup est l\u2019une des plus anciennes races de chiens en Europe. L\u2019apparence de Bella leur rappelait leur premier chien, mais le temp\u00e9rament de Bella \u00e9tait bien meilleur. Ils ont \u00e9lev\u00e9 des spitz-loups et ont eu plusieurs port\u00e9es. Apr\u00e8s la guerre, le spitz-loup est tomb\u00e9 un peu en d\u00e9su\u00e9tude et les Wipfel ne perdaient pas de vue d\u2019\u00e9lever un chien dans lequel ils retrouveraient leur Bella et \u00ab&nbsp;le Canadien&nbsp;\u00bb. Ils d\u00e9cid\u00e8rent de se lancer dans ce projet.<\/p>\n\n\n\n<p><\/p>\n\n\n\n<p><\/p>\n\n\n\n<div class=\"wp-block-media-text is-stacked-on-mobile\" style=\"grid-template-columns:25% auto\"><figure class=\"wp-block-media-text__media\"><img loading=\"lazy\" decoding=\"async\" width=\"300\" height=\"308\" src=\"http:\/\/eurasierclub.be\/wp-content\/uploads\/2024\/04\/18707_1426937136-1.jpg\" alt=\"\" class=\"wp-image-37 size-full\" srcset=\"https:\/\/eurasierclub.be\/wp-content\/uploads\/2024\/04\/18707_1426937136-1.jpg 300w, https:\/\/eurasierclub.be\/wp-content\/uploads\/2024\/04\/18707_1426937136-1-292x300.jpg 292w\" sizes=\"auto, (max-width: 300px) 100vw, 300px\" \/><\/figure><div class=\"wp-block-media-text__content\">\n<p>D\u2019autre part, Julius Wipfel lisait beaucoup d\u2019ouvrages et de travaux r\u00e9alis\u00e9s par Konrad Lorenz (zoologue et ornithologue autrichien). Il \u00e9tait particuli\u00e8rement int\u00e9ress\u00e9 par les t\u00e9moignages de Konrad Lorenz sur le croisement accidentel d\u2019un chow-chow et d\u2019un berger allemand, notamment sur le temp\u00e9rament des chiots. Sur la base de ses travaux, il a d\u00e9cid\u00e9 de croiser Bella avec un chow-chow, l\u2019une des plus anciennes races dans le monde. Sa th\u00e9orie \u00e9tait que le chow-chow avait le plus de \u00ab&nbsp;g\u00e8nes primitifs&nbsp;\u00bb. De plus l\u2019anatomie des ces deux races \u00e9tait tr\u00e8s adapt\u00e9e. Dans son sch\u00e9ma g\u00e9n\u00e9alogique, Julius Wipfel a d\u00e9montr\u00e9 que le chow-chow et le spitz-loup \u00e9taient au m\u00eame niveau que les descendants des vieux chiens Canis familiaris palustris, le premier chien domestiqu\u00e9 par les hommes du n\u00e9olithique, qui donna naissance aux deux branches de la famille des Spitz : europ\u00e9enne, dont on consid\u00e8re que le Spitz-Loup est le plus beau repr\u00e9sentant, et asiatique, dont la forme la plus achev\u00e9e est le Chow-Chow.Mais il restait un long chemin \u00e0 parcourir, car dans les descendances apparaissaient les qualit\u00e9s et les d\u00e9fauts des chiens primitifs. Au d\u00e9but de l\u2019\u00e9levage, Julius Wipfel a nomm\u00e9 sa race Wolf-Chow. Son but \u00e9tait bien d\u00e9fini : \u00ab&nbsp;Ce doit \u00eatre un type de chien Polaire avec des couleurs agr\u00e9ables et attrayantes. Le chien doit avoir une distance suffisante avec les autres races et, enfin, il doit poss\u00e9der un temp\u00e9rament attrayant et sociable&nbsp;\u00bb.<\/p>\n<\/div><\/div>\n\n\n\n<p>Chow-chow : MANTSUKO Mong-Fu<\/p>\n\n\n\n<div class=\"wp-block-media-text is-stacked-on-mobile\" style=\"grid-template-columns:25% auto\"><figure class=\"wp-block-media-text__media\"><img loading=\"lazy\" decoding=\"async\" width=\"800\" height=\"812\" src=\"https:\/\/eurasierclub.be\/wp-content\/uploads\/2024\/04\/seekoppel-chico-ep-frontv-1_800_812.jpg\" alt=\"\" class=\"wp-image-38 size-full\" srcset=\"https:\/\/eurasierclub.be\/wp-content\/uploads\/2024\/04\/seekoppel-chico-ep-frontv-1_800_812.jpg 800w, https:\/\/eurasierclub.be\/wp-content\/uploads\/2024\/04\/seekoppel-chico-ep-frontv-1_800_812-296x300.jpg 296w, https:\/\/eurasierclub.be\/wp-content\/uploads\/2024\/04\/seekoppel-chico-ep-frontv-1_800_812-768x780.jpg 768w\" sizes=\"auto, (max-width: 800px) 100vw, 800px\" \/><\/figure><div class=\"wp-block-media-text__content\">\n<p class=\"has-text-align-left has-body-text-font-size\">Pour ses premiers croisements, Julius Wipfel a utilis\u00e9 trois chow-chow m\u00e2les et quatre femelles spitz-loup. Les quatre chiennes avaient une ossature l\u00e9g\u00e8re et une fourrure grise.  Il savait que ces croisements produiraient diff\u00e9rents types de chiens, qu\u2019il a isol\u00e9s. Outre le \u00ab&nbsp;Mischtypen&nbsp;\u00bb (Type 1, mixte), chaque port\u00e9e avait deux autres types, totalement diff\u00e9rents. Julius Wipfel a nomm\u00e9 les autres types \u00ab&nbsp;type Wolf-Dingo (II)&nbsp;\u00bb et \u00ab&nbsp;Polar (III)&nbsp;\u00bb. Les types \u00e9taient pr\u00e9sents dans toutes les port\u00e9es. Le type Wolf-Dingo \u00e9tait de diverses couleurs, mais il ne convenait pas comme chien de compagnie. Le type III, le type \u00ab&nbsp;Polar&nbsp;\u00bb, pr\u00e9sent dans chaque port\u00e9e avait une robe rouge jaun\u00e2tre et \u00e0 l\u2019\u00e2ge adulte, il montrait les caract\u00e9ristiques d\u00e9crites dans le standard de la race. Julius Wipfel a \u00e9crit: \u00ab&nbsp;Seul le type III convient \u00e0 l\u2019\u00e9levage&nbsp;\u00bb.<\/p>\n\n\n\n<p>A partir de la premi\u00e8re port\u00e9e, le 22 juin 1960 et jusqu\u2019en 1972, Julius Wipfel contr\u00f4lait l\u2019\u00e9levage chez 20 \u00e9leveurs afin que ces derniers respectent ses orientations. Il d\u00e9cidait notamment que le m\u00e2le le plus typique pouvait saillir telles ou telles femelles. Il \u00e9tait content des r\u00e9sultats mais la consanguinit\u00e9 augmentait. Il a essuy\u00e9 quelques critiques et craignant de ne voir son projet aboutir, il s\u2019est rapproch\u00e9 de l\u2019universit\u00e9 de G\u00f6ttingen pour expliquer en d\u00e9tail son projet. Le docteur Ruth Gruhn lui a r\u00e9pondu qu\u2019elle \u00e9tait int\u00e9ress\u00e9e par cette race \u00ab&nbsp;Wolf-Chow&nbsp;\u00bb et qu\u2019il \u00e9tait dommage que le groupe g\u00e9n\u00e9tique soit construit sur un seul m\u00e2le m\u00eame si \u00e0 ce stade de l\u2019\u00e9volution, ce n\u2019\u00e9tait pas grave. Ruth Gruhn \u00e9tait d\u2019avis que Julius Wipfel devrait conserver la consanguinit\u00e9 et elle lui a conseill\u00e9 de diviser les chiennes disponibles en cinq groupes. Ces groupes devraient \u00eatre accoupl\u00e9s par cinq m\u00e2les diff\u00e9rents. Elle a \u00e9galement conseill\u00e9 un croisement entre fr\u00e8re et soeur. Dans sa lettre \u00e0 l\u2019Institut, Julius Wipfel avait \u00e9galement demand\u00e9 s\u2019il existait une relation entre la couleur rouge et le type d\u00e9sir\u00e9. Le Dr Gruhn a r\u00e9pondu que, selon elle, la combinaison de la couleur et du type dans les port\u00e9es de J. Wipfel n\u2019\u00e9tait qu\u2019un hasard. Si J. Wipfel aimait cette couleur, il devrait \u2013 au d\u00e9triment du type \u2013 choisir un m\u00e2le et faire son choix par la suite. J. Wipfel \u00e9tait satisfait de ses conseils et a estim\u00e9 qu\u2019il avait fait les bons choix.<\/p>\n<\/div><\/div>\n\n\n\n<p>Spitz-Loup : Chico von der Seekoppel<\/p>\n\n\n\n<div class=\"wp-block-media-text is-stacked-on-mobile\" style=\"grid-template-columns:25% auto\"><figure class=\"wp-block-media-text__media\"><img loading=\"lazy\" decoding=\"async\" width=\"510\" height=\"369\" src=\"https:\/\/eurasierclub.be\/wp-content\/uploads\/2024\/04\/kiowa-stand-0309b_510_369-1.jpg\" alt=\"\" class=\"wp-image-39 size-full\" srcset=\"https:\/\/eurasierclub.be\/wp-content\/uploads\/2024\/04\/kiowa-stand-0309b_510_369-1.jpg 510w, https:\/\/eurasierclub.be\/wp-content\/uploads\/2024\/04\/kiowa-stand-0309b_510_369-1-300x217.jpg 300w\" sizes=\"auto, (max-width: 510px) 100vw, 510px\" \/><\/figure><div class=\"wp-block-media-text__content\">\n<p>Pour se rapprocher du type \u00ab&nbsp;chien nordique&nbsp;\u00bb et s\u2019\u00e9carter du type Wolf-Chow, Julius Wipfel consid\u00e9ra que la race avait besioin de sang neuf et contacta Konrad Lorenz. Les deux \u00e9taient d\u2019avis que la race devrait \u00eatre am\u00e9lior\u00e9e en utilisant un Samoy\u00e8de, un chien qui travaille sans rel\u00e2che, aimable et sociable.<\/p>\n\n\n\n<p>En 1972, cinq chiennes Wolf-Chow ont \u00e9t\u00e9 accoupl\u00e9es \u00e0 un&nbsp;samoy\u00e8de, et Julius Wipfel a \u00e9t\u00e9 surpris de voir que tous les chiots, issus de ces croisements, \u00e9taient noirs. Il fut \u00e9galement surpris que Konrad Lorenz lui acheta un de ses chiots. Julius Wipfel donna le nom d\u2019Eurasier \u00e0 cette race dont le standard fut accept\u00e9 par la F.C.I. en 1973. La signification du nouveau nom est simple : la race doit son existence aux races europ\u00e9ennes et asiatiques. La FCI a class\u00e9 l\u2019Eurasier dans le groupe 5 (Spitz et les types primitifs), section 5 (Spitz asiatique et races apparent\u00e9es).<\/p>\n\n\n\n<p><em>De Christine Raveau, d\u2019apr\u00e8s le livre \u00ab&nbsp;Eurasier&nbsp;\u00bb (Entstehung \u2013 Entwicklung \u2013 Gengenwart) de Julius Wipfel<\/em><\/p>\n<\/div><\/div>\n\n\n\n<p>Samoy\u00e8de: Kiowa of Whiteline Kriskella&rsquo;s<\/p>\n\n\n\n<div class=\"wp-block-columns is-layout-flex wp-container-core-columns-is-layout-28f84493 wp-block-columns-is-layout-flex\">\n<div class=\"wp-block-column is-layout-flow wp-block-column-is-layout-flow\" style=\"padding-right:var(--wp--preset--spacing--50);padding-left:var(--wp--preset--spacing--50)\">\n<p><\/p>\n\n\n\n<h4 class=\"wp-block-heading\" style=\"margin-right:0;margin-left:0\">Comportement et caract\u00e8re<\/h4>\n\n\n\n<p class=\"has-body-text-font-size\" style=\"margin-top:var(--wp--preset--spacing--20);margin-right:var(--wp--preset--spacing--30);margin-bottom:var(--wp--preset--spacing--20);margin-left:var(--wp--preset--spacing--30)\"><em>Un chien de famille<\/em><br><\/p>\n\n\n\n<p class=\"has-text-align-left\">L\u2019Eurasier est un chien calme, \u00e9quilibr\u00e9 et s\u00fbr de lui. Il aime toute sa famille et y est tr\u00e8s attach\u00e9. C\u2019est un membre \u00e0 part enti\u00e8re de la famille qui a besoin d\u2019avoir une place \u00e0 part enti\u00e8re pour s\u2019\u00e9panouir. Il devient tr\u00e8s vite l\u2019ombre de la maison, suivant ses ma\u00eetres \u00e0 la trace. Sa grande sensibilit\u00e9 lui donne une excellente perception de l\u2019humeur de ses ma\u00eetres.<\/p>\n\n\n\n<p class=\"has-text-align-left\"><br>L\u2019Eurasier aura tendance \u00e0 \u00eatre plus r\u00e9serv\u00e9 envers les \u00e9trangers, sans pour autant \u00eatre agressif, il sera davantage dans l\u2019ignorance. Il n\u2019aime pas \u00eatre cajol\u00e9 par n\u2019importe quelle personne et le premier contact viendra souvent de lui, lorsqu\u2019il le souhaite.<br>L\u2019Eurasier ayant un physique de nounours plein de poils, cela peut parfois \u00eatre frustrant pour les \u00e9trangers de voir que celui-ci refuse leurs caresses, n\u00e9anmoins, de nombreux eurasiers sont tr\u00e8s demandeurs de c\u00e2lins avec leurs humains.<\/p>\n\n\n\n<p class=\"has-text-align-left\"><br>L\u2019Eurasier est un chien peu aboyeur, qui s\u2019adapte bien \u00e0 tout environnement. Il peut se montrer gardien du domicile en cas de situation inhabituelle ou d\u2019inconnu au domicile, mais saura s\u2019\u00e9clipser \u00e0 la demande de son ma\u00eetre.<br><\/p>\n\n\n\n<p class=\"has-text-align-left\">Il est \u00e9galement un tr\u00e8s bon compagnon de balade car il a un instinct de chasse peu d\u00e9velopp\u00e9.  Si la connexion avec ses humains est bien faite, ce sera un chien tr\u00e8s attentif qui revient tr\u00e8s bien au rappel.<\/p>\n<\/div>\n\n\n\n<div class=\"wp-block-column is-layout-flow wp-block-column-is-layout-flow\" style=\"padding-right:var(--wp--preset--spacing--50);padding-left:var(--wp--preset--spacing--50)\">\n<p><\/p>\n\n\n\n<h3 class=\"wp-block-heading\">Education et quotidien<\/h3>\n\n\n\n<p><\/p>\n\n\n\n<p>L\u2019Eurasier est un chien facile \u00e0 \u00e9duquer, tr\u00e8s intelligent et qui comprend tr\u00e8s vite ce qu\u2019on attend de lui. Une \u00e9ducation positive et coh\u00e9rente doit \u00eatre mise en place d\u00e8s le plus jeune \u00e2ge, dans l\u2019amour et la bienveillance. Ce sont des chiens qui aiment apprendre et qui peuvent se montrer de bons compagnons de travail si on le souhaite.<br><\/p>\n\n\n\n<p>L\u2019Eurasier a besoin de beaucoup de contacts sociaux avec sa famille ou son cercle proche. Sa place est l\u00e0 o\u00f9 se trouve sa famille, peu importe l\u2019environnement. C\u2019est un chien qui tient \u00e0 partager chaque moment de la vie quotidienne de sa famille, il pourra rester seul, mais cela exigera un travail bien sp\u00e9cifique car cela peut s\u2019av\u00e9rer compliqu\u00e9 pour ces chiens tr\u00e8s fusionnels avec leurs humains. L\u2019Eurasier n\u2019est pas un chien qui pourra avoir une vie \u00e9panouie uniquement en ext\u00e9rieur ou en chenil.<br><\/p>\n\n\n\n<p>Bien que l\u2019Eurasier soit un chien calme, il a besoin de d\u00e9penses quotidiennes, qu\u2019elles soient mentales ou physiques. Il peut facilement s\u2019adapter aux diff\u00e9rentes activit\u00e9s sportives comme la randonn\u00e9e ou le canicross. Il appr\u00e9ciera les activit\u00e9s comme l\u2019agility, l&rsquo;ob\u00e9issance, le treibball ou encore le dogdance, mais il ne se travaille pas de la m\u00eame mani\u00e8re qu\u2019un chien de berger et sera moins constant. Une fois il fera des \u00e9tincelles et la fois suivante, il ne fera rien. Il ne travaillera pas pour le plaisir de travailler comme d\u2019autres races mais pour des moments de complicit\u00e9 et de jeux avec sa famille. Mais cela reste un moment de connexion privil\u00e9gi\u00e9 avec son humain qu\u2019il appr\u00e9ciera grandement !<\/p>\n\n\n\n<p><br>Son pelage long est relativement simple d\u2019entretien : un brossage hebdomadaire suffit. Certains aiment \u00e9norm\u00e9ment se salir, mais heureusement le poil de l\u2019Eurasier se nettoie bien tout seul. Rien de mieux qu\u2019une bonne sieste apr\u00e8s une balade dans la boue, un rapide coup de brosse et vous n\u2019aurez plus qu\u2019\u00e0 nettoyer le sol. <\/p>\n\n\n\n<p>En p\u00e9riode de mue, un brossage plus r\u00e9gulier, ou un pulseur, seront n\u00e9cessaires \u00e0 l\u2019\u00e9limination compl\u00e8te du sous-poil.<\/p>\n\n\n\n<p><\/p>\n<\/div>\n<\/div>\n\n\n\n<p><\/p>\n\n\n\n<p><\/p>\n\n\n\n<p><\/p>\n\n\n\n<p><\/p>\n\n\n\n<p><\/p>\n\n\n\n<p><\/p>\n\n\n\n<p><\/p>\n\n\n\n<div class=\"wp-block-columns is-layout-flex wp-container-core-columns-is-layout-28f84493 wp-block-columns-is-layout-flex\">\n<div class=\"wp-block-column is-layout-flow wp-block-column-is-layout-flow\"><\/div>\n\n\n\n<div class=\"wp-block-column is-layout-flow wp-block-column-is-layout-flow\"><\/div>\n<\/div>\n","protected":false},"excerpt":{"rendered":"<p>L&rsquo;Eurasier est une race allemande enregistr\u00e9e aupr\u00e8s de la F\u00e9d\u00e9ration Cynologique Internationale depuis 1973. Histoire L\u2019histoire&nbsp;de l\u2019Eurasier commence en 1960 quand Julius Wipfel (1913-2002) qui habitait alors Weinheim (Allemagne) a crois\u00e9 un spitz-loup et un chow-chow. Le but de Julius Wipfel \u00e9tait de cr\u00e9er une race stable, en bonne sant\u00e9 et sociable ; en quelque [&hellip;]<\/p>\n","protected":false},"author":1,"featured_media":0,"parent":0,"menu_order":0,"comment_status":"closed","ping_status":"closed","template":"","meta":{"footnotes":""},"class_list":["post-22","page","type-page","status-publish","hentry"],"yoast_head":"<!-- This site is optimized with the Yoast SEO plugin v27.0 - https:\/\/yoast.com\/product\/yoast-seo-wordpress\/ -->\n<title>La race - Eurasier Club Belgium<\/title>\n<meta name=\"description\" content=\"eurasier club belgique belgie belgium\" \/>\n<meta name=\"robots\" content=\"index, follow, max-snippet:-1, max-image-preview:large, max-video-preview:-1\" \/>\n<link rel=\"canonical\" href=\"https:\/\/eurasierclub.be\/fr\/la-race\/\" \/>\n<meta property=\"og:locale\" content=\"fr_FR\" \/>\n<meta property=\"og:type\" content=\"article\" \/>\n<meta property=\"og:title\" content=\"La race - Eurasier Club Belgium\" \/>\n<meta property=\"og:description\" content=\"eurasier club belgique belgie belgium\" \/>\n<meta property=\"og:url\" content=\"https:\/\/eurasierclub.be\/fr\/la-race\/\" \/>\n<meta property=\"og:site_name\" content=\"Eurasier Club Belgium\" \/>\n<meta property=\"article:publisher\" content=\"https:\/\/www.facebook.com\/EcbEurasierClubBelgie\" \/>\n<meta property=\"article:modified_time\" content=\"2024-06-25T09:19:03+00:00\" \/>\n<meta property=\"og:image\" content=\"http:\/\/eurasierclub.be\/wp-content\/uploads\/2024\/04\/18707_1426937136-1.jpg\" \/>\n<meta name=\"twitter:card\" content=\"summary_large_image\" \/>\n<meta name=\"twitter:label1\" content=\"Dur\u00e9e de lecture est.\" \/>\n\t<meta name=\"twitter:data1\" content=\"9 minutes\" \/>\n<script type=\"application\/ld+json\" class=\"yoast-schema-graph\">{\"@context\":\"https:\/\/schema.org\",\"@graph\":[{\"@type\":\"WebPage\",\"@id\":\"https:\/\/eurasierclub.be\/la-race\/\",\"url\":\"https:\/\/eurasierclub.be\/la-race\/\",\"name\":\"La race - Eurasier Club Belgium\",\"isPartOf\":{\"@id\":\"https:\/\/eurasierclub.be\/#website\"},\"primaryImageOfPage\":{\"@id\":\"https:\/\/eurasierclub.be\/la-race\/#primaryimage\"},\"image\":{\"@id\":\"https:\/\/eurasierclub.be\/la-race\/#primaryimage\"},\"thumbnailUrl\":\"http:\/\/eurasierclub.be\/wp-content\/uploads\/2024\/04\/18707_1426937136-1.jpg\",\"datePublished\":\"2024-04-03T18:38:32+00:00\",\"dateModified\":\"2024-06-25T09:19:03+00:00\",\"description\":\"eurasier club belgique belgie belgium\",\"breadcrumb\":{\"@id\":\"https:\/\/eurasierclub.be\/la-race\/#breadcrumb\"},\"inLanguage\":\"fr-BE\",\"potentialAction\":[{\"@type\":\"ReadAction\",\"target\":[\"https:\/\/eurasierclub.be\/la-race\/\"]}]},{\"@type\":\"ImageObject\",\"inLanguage\":\"fr-BE\",\"@id\":\"https:\/\/eurasierclub.be\/la-race\/#primaryimage\",\"url\":\"http:\/\/eurasierclub.be\/wp-content\/uploads\/2024\/04\/18707_1426937136-1.jpg\",\"contentUrl\":\"http:\/\/eurasierclub.be\/wp-content\/uploads\/2024\/04\/18707_1426937136-1.jpg\"},{\"@type\":\"BreadcrumbList\",\"@id\":\"https:\/\/eurasierclub.be\/la-race\/#breadcrumb\",\"itemListElement\":[{\"@type\":\"ListItem\",\"position\":1,\"name\":\"Accueil\",\"item\":\"https:\/\/eurasierclub.be\/\"},{\"@type\":\"ListItem\",\"position\":2,\"name\":\"La race\"}]},{\"@type\":\"WebSite\",\"@id\":\"https:\/\/eurasierclub.be\/#website\",\"url\":\"https:\/\/eurasierclub.be\/\",\"name\":\"Eurasier Club Belgium\",\"description\":\"Eurasier Club Belgium\",\"publisher\":{\"@id\":\"https:\/\/eurasierclub.be\/#organization\"},\"alternateName\":\"eurasier belgium\",\"potentialAction\":[{\"@type\":\"SearchAction\",\"target\":{\"@type\":\"EntryPoint\",\"urlTemplate\":\"https:\/\/eurasierclub.be\/?s={search_term_string}\"},\"query-input\":{\"@type\":\"PropertyValueSpecification\",\"valueRequired\":true,\"valueName\":\"search_term_string\"}}],\"inLanguage\":\"fr-BE\"},{\"@type\":\"Organization\",\"@id\":\"https:\/\/eurasierclub.be\/#organization\",\"name\":\"ECB\",\"alternateName\":\"Eurasier Club Belgium\",\"url\":\"https:\/\/eurasierclub.be\/\",\"logo\":{\"@type\":\"ImageObject\",\"inLanguage\":\"fr-BE\",\"@id\":\"https:\/\/eurasierclub.be\/#\/schema\/logo\/image\/\",\"url\":\"https:\/\/eurasierclub.be\/wp-content\/uploads\/2024\/04\/eurasier.jpg\",\"contentUrl\":\"https:\/\/eurasierclub.be\/wp-content\/uploads\/2024\/04\/eurasier.jpg\",\"width\":493,\"height\":444,\"caption\":\"ECB\"},\"image\":{\"@id\":\"https:\/\/eurasierclub.be\/#\/schema\/logo\/image\/\"},\"sameAs\":[\"https:\/\/www.facebook.com\/EcbEurasierClubBelgie\",\"https:\/\/www.instagram.com\/eurasierclubbelgium\/\"]}]}<\/script>\n<!-- \/ Yoast SEO plugin. -->","yoast_head_json":{"title":"La race - Eurasier Club Belgium","description":"eurasier club belgique belgie belgium","robots":{"index":"index","follow":"follow","max-snippet":"max-snippet:-1","max-image-preview":"max-image-preview:large","max-video-preview":"max-video-preview:-1"},"canonical":"https:\/\/eurasierclub.be\/fr\/la-race\/","og_locale":"fr_FR","og_type":"article","og_title":"La race - Eurasier Club Belgium","og_description":"eurasier club belgique belgie belgium","og_url":"https:\/\/eurasierclub.be\/fr\/la-race\/","og_site_name":"Eurasier Club Belgium","article_publisher":"https:\/\/www.facebook.com\/EcbEurasierClubBelgie","article_modified_time":"2024-06-25T09:19:03+00:00","og_image":[{"url":"http:\/\/eurasierclub.be\/wp-content\/uploads\/2024\/04\/18707_1426937136-1.jpg","type":"","width":"","height":""}],"twitter_card":"summary_large_image","twitter_misc":{"Dur\u00e9e de lecture est.":"9 minutes"},"schema":{"@context":"https:\/\/schema.org","@graph":[{"@type":"WebPage","@id":"https:\/\/eurasierclub.be\/la-race\/","url":"https:\/\/eurasierclub.be\/la-race\/","name":"La race - Eurasier Club Belgium","isPartOf":{"@id":"https:\/\/eurasierclub.be\/#website"},"primaryImageOfPage":{"@id":"https:\/\/eurasierclub.be\/la-race\/#primaryimage"},"image":{"@id":"https:\/\/eurasierclub.be\/la-race\/#primaryimage"},"thumbnailUrl":"http:\/\/eurasierclub.be\/wp-content\/uploads\/2024\/04\/18707_1426937136-1.jpg","datePublished":"2024-04-03T18:38:32+00:00","dateModified":"2024-06-25T09:19:03+00:00","description":"eurasier club belgique belgie belgium","breadcrumb":{"@id":"https:\/\/eurasierclub.be\/la-race\/#breadcrumb"},"inLanguage":"fr-BE","potentialAction":[{"@type":"ReadAction","target":["https:\/\/eurasierclub.be\/la-race\/"]}]},{"@type":"ImageObject","inLanguage":"fr-BE","@id":"https:\/\/eurasierclub.be\/la-race\/#primaryimage","url":"http:\/\/eurasierclub.be\/wp-content\/uploads\/2024\/04\/18707_1426937136-1.jpg","contentUrl":"http:\/\/eurasierclub.be\/wp-content\/uploads\/2024\/04\/18707_1426937136-1.jpg"},{"@type":"BreadcrumbList","@id":"https:\/\/eurasierclub.be\/la-race\/#breadcrumb","itemListElement":[{"@type":"ListItem","position":1,"name":"Accueil","item":"https:\/\/eurasierclub.be\/"},{"@type":"ListItem","position":2,"name":"La race"}]},{"@type":"WebSite","@id":"https:\/\/eurasierclub.be\/#website","url":"https:\/\/eurasierclub.be\/","name":"Eurasier Club Belgium","description":"Eurasier Club Belgium","publisher":{"@id":"https:\/\/eurasierclub.be\/#organization"},"alternateName":"eurasier belgium","potentialAction":[{"@type":"SearchAction","target":{"@type":"EntryPoint","urlTemplate":"https:\/\/eurasierclub.be\/?s={search_term_string}"},"query-input":{"@type":"PropertyValueSpecification","valueRequired":true,"valueName":"search_term_string"}}],"inLanguage":"fr-BE"},{"@type":"Organization","@id":"https:\/\/eurasierclub.be\/#organization","name":"ECB","alternateName":"Eurasier Club Belgium","url":"https:\/\/eurasierclub.be\/","logo":{"@type":"ImageObject","inLanguage":"fr-BE","@id":"https:\/\/eurasierclub.be\/#\/schema\/logo\/image\/","url":"https:\/\/eurasierclub.be\/wp-content\/uploads\/2024\/04\/eurasier.jpg","contentUrl":"https:\/\/eurasierclub.be\/wp-content\/uploads\/2024\/04\/eurasier.jpg","width":493,"height":444,"caption":"ECB"},"image":{"@id":"https:\/\/eurasierclub.be\/#\/schema\/logo\/image\/"},"sameAs":["https:\/\/www.facebook.com\/EcbEurasierClubBelgie","https:\/\/www.instagram.com\/eurasierclubbelgium\/"]}]}},"_links":{"self":[{"href":"https:\/\/eurasierclub.be\/fr\/wp-json\/wp\/v2\/pages\/22","targetHints":{"allow":["GET"]}}],"collection":[{"href":"https:\/\/eurasierclub.be\/fr\/wp-json\/wp\/v2\/pages"}],"about":[{"href":"https:\/\/eurasierclub.be\/fr\/wp-json\/wp\/v2\/types\/page"}],"author":[{"embeddable":true,"href":"https:\/\/eurasierclub.be\/fr\/wp-json\/wp\/v2\/users\/1"}],"replies":[{"embeddable":true,"href":"https:\/\/eurasierclub.be\/fr\/wp-json\/wp\/v2\/comments?post=22"}],"version-history":[{"count":4,"href":"https:\/\/eurasierclub.be\/fr\/wp-json\/wp\/v2\/pages\/22\/revisions"}],"predecessor-version":[{"id":533,"href":"https:\/\/eurasierclub.be\/fr\/wp-json\/wp\/v2\/pages\/22\/revisions\/533"}],"wp:attachment":[{"href":"https:\/\/eurasierclub.be\/fr\/wp-json\/wp\/v2\/media?parent=22"}],"curies":[{"name":"wp","href":"https:\/\/api.w.org\/{rel}","templated":true}]}}