{"id":25,"date":"2024-04-04T15:43:16","date_gmt":"2024-04-04T13:43:16","guid":{"rendered":"https:\/\/eurasierclub.be\/?page_id=25"},"modified":"2024-05-26T19:02:49","modified_gmt":"2024-05-26T17:02:49","slug":"les-couleurs","status":"publish","type":"page","link":"https:\/\/eurasierclub.be\/fr\/les-couleurs\/","title":{"rendered":"Les couleurs"},"content":{"rendered":"\n<h2 class=\"wp-block-heading\">Les diff\u00e9rentes couleurs de l\u2019Eurasier:<\/h2>\n\n\n\n<p>L\u2019Eurasier fait partie des races de chiens avec de nombreuses nuances de couleurs. Toutes les couleurs sont autoris\u00e9es dans le standard \u00e0 l\u2019exception du marron, du bring\u00e9 et du blanc.<br>Il y a 4 g\u00e8nes qui permettent de d\u00e9finir la couleur d\u2019un eurasier: le fauve (Ay), l\u2019agouti (Aw), le noir et feu (At) et le noir (a), dans l\u2019ordre de dominance. A ces couleurs de base s\u2019ajoutent la pr\u00e9sence ou non d\u2019un masque ou d\u2019un masque invers\u00e9.<br>Les chiots Eurasiers doivent \u00eatre bien pigment\u00e9s \u00e0 la naissance : un chiot nouveau-n\u00e9 avec des t\u00e2ches blanches \u00e0 la naissance ne pourra pas \u00eatre utilis\u00e9 plus tard pour la reproduction. Les chiots ont g\u00e9n\u00e9ralement ce que l\u2019on appelle une \u201craie de mulet\u201d : une raie noire prenant tout le dos jusqu\u2019\u00e0 la queue. Certains eurasiers gardent parfois un peu de leur raie de mulet sur le dessus ou le bout de la queue. <br>Les chiots eurasiers naissent tr\u00e8s fonc\u00e9s, c\u2019est g\u00e9n\u00e9ralement dans les premiers moments que l\u2019on peut voir la couleur d\u00e9finitive, car ensuite ils vont s\u2019\u00e9claircir jusqu\u2019\u00e0 l\u2019adolescence. Ils prendront ensuite leur poil adulte d\u00e9finitif et vont foncer ou charbonner suivant la couleur, exception faite des eurasiers noirs qui restent noirs !<\/p>\n\n\n\n<p>Voici le locus A et ses diff\u00e9rentes all\u00e8les, avec des exemples:<\/p>\n\n\n\n<div class=\"wp-block-columns is-layout-flex wp-container-core-columns-is-layout-28f84493 wp-block-columns-is-layout-flex\">\n<div class=\"wp-block-column is-layout-flow wp-block-column-is-layout-flow\">\n<figure class=\"wp-block-table\"><table><tbody><tr><td>Locus<\/td><td>All\u00e8le<\/td><td>Couleur<\/td><\/tr><tr><td>A<\/td><td>Ay<\/td><td>Sable, rouge, fauve<\/td><\/tr><tr><td><\/td><td>aw<\/td><td>Agouti, gris-loup, couleur loup<\/td><\/tr><tr><td><\/td><td>at<\/td><td>noir et feu<\/td><\/tr><tr><td><\/td><td>a<\/td><td>noir<\/td><\/tr><\/tbody><\/table><figcaption class=\"wp-element-caption\">Locus A : couleurs pr\u00e9sentes dans l&rsquo;Eurasier, dans l&rsquo;ordre de dominance<\/figcaption><\/figure>\n<\/div>\n\n\n\n<div class=\"wp-block-column is-layout-flow wp-block-column-is-layout-flow\">\n<figure class=\"wp-block-table\"><table><tbody><tr><td>Locus exemples<\/td><td>Couleurs<\/td><\/tr><tr><td>Ay \/ Ay<\/td><td>Le chien est fauve<\/td><\/tr><tr><td>Ay \/ at<\/td><td>Le chien est fauve et est porteur de noir et feu<\/td><\/tr><tr><td>a \/ a<\/td><td>Le chien est noir<\/td><\/tr><tr><td>aw\/at<\/td><td>Le chien est charbonn\u00e9 et est porteur de noir et feu<\/td><\/tr><\/tbody><\/table><\/figure>\n<\/div>\n<\/div>\n\n\n\n<p>Les autres locus int\u00e9ressants pour l&rsquo;Eurasier sont le locus E (pr\u00e9sence ou non de masque), le locus S (porteur ou non de blanc) et le locus I (d\u00e9terminant l&rsquo;intensit\u00e9 des couleurs).<\/p>\n\n\n\n<div class=\"wp-block-columns is-layout-flex wp-container-core-columns-is-layout-28f84493 wp-block-columns-is-layout-flex\">\n<div class=\"wp-block-column is-layout-flow wp-block-column-is-layout-flow\">\n<figure class=\"wp-block-table\"><table><tbody><tr><td>Locus<\/td><td>All\u00e8le<\/td><td>Couleur<\/td><\/tr><tr><td>E<\/td><td>Em<\/td><td>masque noir<\/td><\/tr><tr><td><\/td><td>E<\/td><td>sans masque<\/td><\/tr><tr><td><\/td><td>e<\/td><td>masque invers\u00e9<\/td><\/tr><\/tbody><\/table><figcaption class=\"wp-element-caption\">Locus E : le masque<\/figcaption><\/figure>\n<\/div>\n\n\n\n<div class=\"wp-block-column is-layout-flow wp-block-column-is-layout-flow\">\n<figure class=\"wp-block-table\"><table><tbody><tr><td>Locus<\/td><td>All\u00e8le<\/td><td>Couleur<\/td><\/tr><tr><td>S<\/td><td>S<\/td><td>pas de panachure<\/td><\/tr><tr><td><\/td><td>Si<\/td><td>panachure irlandaire<\/td><\/tr><tr><td><\/td><td>Sp<\/td><td>Pie<\/td><\/tr><tr><td><\/td><td>Sw<\/td><td>Blanc<\/td><\/tr><\/tbody><\/table><figcaption class=\"wp-element-caption\">Locus S : porteur de blanc<\/figcaption><\/figure>\n<\/div>\n\n\n\n<div class=\"wp-block-column is-layout-flow wp-block-column-is-layout-flow\">\n<figure class=\"wp-block-table\"><table><tbody><tr><td>Locus<\/td><td>All\u00e8le<\/td><td>Couleur<\/td><\/tr><tr><td>I<\/td><td>I<\/td><td>Intense : rouge, fauve-charbonn\u00e9<\/td><\/tr><tr><td><\/td><td>i<\/td><td>dilution de la phaeom\u00e9lanine: sable, gris-loup<\/td><\/tr><\/tbody><\/table><figcaption class=\"wp-element-caption\">locus I : l&rsquo;intensit\u00e9<\/figcaption><\/figure>\n<\/div>\n<\/div>\n\n\n\n<h3 class=\"wp-block-heading\"><br>Le fauve:<\/h3>\n\n\n\n<p>L\u2019all\u00e8le fauve est sans doute le plus pr\u00e9sent et le plus commun dans chez l\u2019Eurasier car il couvre une large palette. Cela va du sable au rouge en passant par le fauve. C\u2019est \u00e9galement le g\u00eane dominant, ce qui signifie qu\u2019un chien porteur sera forc\u00e9ment fauve.<br>Le sable, bien qu\u2019il puisse parfois \u00eatre clair, ne doit pas \u00eatre confondu avec du blanc, les chiots sables \u00e9tant bien pigment\u00e9s et fonc\u00e9s \u00e0 la naissance.<\/p>\n\n\n\n<div class=\"wp-block-columns is-layout-flex wp-container-core-columns-is-layout-28f84493 wp-block-columns-is-layout-flex\">\n<div class=\"wp-block-column is-layout-flow wp-block-column-is-layout-flow\">\n<figure class=\"wp-block-image size-large is-resized\"><img loading=\"lazy\" decoding=\"async\" width=\"1024\" height=\"683\" src=\"http:\/\/eurasierclub.be\/wp-content\/uploads\/2024\/04\/fauve-1024x683.jpg\" alt=\"\" class=\"wp-image-80\" style=\"width:auto;height:400px\" srcset=\"https:\/\/eurasierclub.be\/wp-content\/uploads\/2024\/04\/fauve-1024x683.jpg 1024w, https:\/\/eurasierclub.be\/wp-content\/uploads\/2024\/04\/fauve-300x200.jpg 300w, https:\/\/eurasierclub.be\/wp-content\/uploads\/2024\/04\/fauve-768x512.jpg 768w, https:\/\/eurasierclub.be\/wp-content\/uploads\/2024\/04\/fauve-1536x1025.jpg 1536w, https:\/\/eurasierclub.be\/wp-content\/uploads\/2024\/04\/fauve-1170x780.jpg 1170w, https:\/\/eurasierclub.be\/wp-content\/uploads\/2024\/04\/fauve.jpg 2048w\" sizes=\"auto, (max-width: 1024px) 100vw, 1024px\" \/><figcaption class=\"wp-element-caption\">Fauve : Vim du Phare d&rsquo;Ynys<\/figcaption><\/figure>\n<\/div>\n\n\n\n<div class=\"wp-block-column is-layout-flow wp-block-column-is-layout-flow\">\n<figure class=\"wp-block-image size-full is-resized\"><img loading=\"lazy\" decoding=\"async\" width=\"800\" height=\"641\" src=\"https:\/\/eurasierclub.be\/wp-content\/uploads\/2024\/04\/sable.jpeg\" alt=\"\" class=\"wp-image-90\" style=\"width:auto;height:400px\" srcset=\"https:\/\/eurasierclub.be\/wp-content\/uploads\/2024\/04\/sable.jpeg 800w, https:\/\/eurasierclub.be\/wp-content\/uploads\/2024\/04\/sable-300x240.jpeg 300w, https:\/\/eurasierclub.be\/wp-content\/uploads\/2024\/04\/sable-768x615.jpeg 768w\" sizes=\"auto, (max-width: 800px) 100vw, 800px\" \/><figcaption class=\"wp-element-caption\">Sable : Kanat\u00e9a du Phare d&rsquo;Ynys<\/figcaption><\/figure>\n<\/div>\n\n\n\n<div class=\"wp-block-column is-layout-flow wp-block-column-is-layout-flow\"><\/div>\n<\/div>\n\n\n\n<h3 class=\"wp-block-heading\">L\u2019agouti (le charbonn\u00e9) :<\/h3>\n\n\n\n<p>L\u2019agouti, aussi appel\u00e9 gris loup, est un chien avec une base fauve (du sable au rouge) etfortement charbonn\u00e9. On appelle g\u00e9n\u00e9ralement ces couleurs sable\/fauve\/rouge<br>charbonn\u00e9. Cela correspond \u00e0 la couleur de base du poil, \u00e0 laquelle vient s\u2019ajouter le charbonnage. Les chiots agouti ont tendance \u00e0 rester clairs jusqu\u2019\u00e0 l\u2019adolescence o\u00f9 ils se mettent ensuite \u00e0 charbonner. Le changement peut \u00eatre tr\u00e8s impressionnant.<\/p>\n\n\n\n<div class=\"wp-block-columns is-layout-flex wp-container-core-columns-is-layout-28f84493 wp-block-columns-is-layout-flex\">\n<div class=\"wp-block-column is-layout-flow wp-block-column-is-layout-flow\">\n<figure class=\"wp-block-image size-large is-resized\"><img loading=\"lazy\" decoding=\"async\" width=\"1024\" height=\"685\" src=\"https:\/\/eurasierclub.be\/wp-content\/uploads\/2024\/04\/DSC_0503-1024x685.jpg\" alt=\"\" class=\"wp-image-91\" style=\"width:auto;height:400px\" srcset=\"https:\/\/eurasierclub.be\/wp-content\/uploads\/2024\/04\/DSC_0503-1024x685.jpg 1024w, https:\/\/eurasierclub.be\/wp-content\/uploads\/2024\/04\/DSC_0503-300x201.jpg 300w, https:\/\/eurasierclub.be\/wp-content\/uploads\/2024\/04\/DSC_0503-768x514.jpg 768w, https:\/\/eurasierclub.be\/wp-content\/uploads\/2024\/04\/DSC_0503-1536x1028.jpg 1536w, https:\/\/eurasierclub.be\/wp-content\/uploads\/2024\/04\/DSC_0503-2048x1371.jpg 2048w, https:\/\/eurasierclub.be\/wp-content\/uploads\/2024\/04\/DSC_0503-1170x783.jpg 1170w\" sizes=\"auto, (max-width: 1024px) 100vw, 1024px\" \/><figcaption class=\"wp-element-caption\">Fauve charbonn\u00e9 : Kadin von der Hofener Rippe<\/figcaption><\/figure>\n<\/div>\n\n\n\n<div class=\"wp-block-column is-vertically-aligned-top is-layout-flow wp-block-column-is-layout-flow\">\n<figure class=\"wp-block-image aligncenter size-large is-resized\"><img loading=\"lazy\" decoding=\"async\" width=\"1010\" height=\"1024\" src=\"https:\/\/eurasierclub.be\/wp-content\/uploads\/2024\/04\/sable-charbonne-1010x1024.png\" alt=\"\" class=\"wp-image-92\" style=\"width:auto;height:400px\" srcset=\"https:\/\/eurasierclub.be\/wp-content\/uploads\/2024\/04\/sable-charbonne-1010x1024.png 1010w, https:\/\/eurasierclub.be\/wp-content\/uploads\/2024\/04\/sable-charbonne-296x300.png 296w, https:\/\/eurasierclub.be\/wp-content\/uploads\/2024\/04\/sable-charbonne-768x778.png 768w, https:\/\/eurasierclub.be\/wp-content\/uploads\/2024\/04\/sable-charbonne-1170x1186.png 1170w, https:\/\/eurasierclub.be\/wp-content\/uploads\/2024\/04\/sable-charbonne.png 1175w\" sizes=\"auto, (max-width: 1010px) 100vw, 1010px\" \/><figcaption class=\"wp-element-caption\">Sable charbonn\u00e9 : Ubbe<\/figcaption><\/figure>\n<\/div>\n<\/div>\n\n\n\n<h3 class=\"wp-block-heading\"><br>Le noir et feu:<\/h3>\n\n\n\n<p><br>L\u2019Eurasier noir et feu est un chien noir, mais marqu\u00e9 de fauve (toujours du sable au rouge). Les marquages peuvent \u00eatre tr\u00e8s pr\u00e9sents, ou non. Les zones de marquages sont g\u00e9n\u00e9ralement les sourcils, les pattes et \u00e9ventuellement le tour du cou et le masque. Ces marquages peuvent \u00eatre plus ou moins pr\u00e9sents chiots et vont soit se confirmer, soit s\u2019estomper, avec l\u2019\u00e2ge.<\/p>\n\n\n\n<div class=\"wp-block-columns is-layout-flex wp-container-core-columns-is-layout-28f84493 wp-block-columns-is-layout-flex\">\n<div class=\"wp-block-column is-layout-flow wp-block-column-is-layout-flow\">\n<figure class=\"wp-block-image aligncenter size-large is-resized\"><img loading=\"lazy\" decoding=\"async\" width=\"683\" height=\"1024\" src=\"https:\/\/eurasierclub.be\/wp-content\/uploads\/2024\/04\/noir-et-feu-683x1024.jpg\" alt=\"\" class=\"wp-image-93\" style=\"width:auto;height:400px\" srcset=\"https:\/\/eurasierclub.be\/wp-content\/uploads\/2024\/04\/noir-et-feu-683x1024.jpg 683w, https:\/\/eurasierclub.be\/wp-content\/uploads\/2024\/04\/noir-et-feu-200x300.jpg 200w, https:\/\/eurasierclub.be\/wp-content\/uploads\/2024\/04\/noir-et-feu-768x1151.jpg 768w, https:\/\/eurasierclub.be\/wp-content\/uploads\/2024\/04\/noir-et-feu-1025x1536.jpg 1025w, https:\/\/eurasierclub.be\/wp-content\/uploads\/2024\/04\/noir-et-feu-1170x1754.jpg 1170w, https:\/\/eurasierclub.be\/wp-content\/uploads\/2024\/04\/noir-et-feu.jpg 1366w\" sizes=\"auto, (max-width: 683px) 100vw, 683px\" \/><figcaption class=\"wp-element-caption\">Noir et feu : Udin du Phare d&rsquo;Ynys<\/figcaption><\/figure>\n<\/div>\n<\/div>\n\n\n\n<h3 class=\"wp-block-heading\">Le noir:<\/h3>\n\n\n\n<p>L\u2019Eurasier noir est le plus rare car il s\u2019agit de la couleur la plus r\u00e9cessive de toutes. Pourqu\u2019un Eurasier noir naisse, les deux parents doivent \u00eatre porteurs de noir. L\u2019entieret\u00e9 de leur poil est noir. Certains chiens noirs ont tendance \u00e0 voir leur poil roussir, mais il peut s\u2019agit de l\u2019\u00e2ge ou d\u2019une oxydation li\u00e9e au soleil et non pas un changement de couleur du poil.<\/p>\n\n\n\n<div class=\"wp-block-columns is-layout-flex wp-container-core-columns-is-layout-28f84493 wp-block-columns-is-layout-flex\">\n<div class=\"wp-block-column is-layout-flow wp-block-column-is-layout-flow\">\n<figure class=\"wp-block-image aligncenter size-large is-resized\"><img loading=\"lazy\" decoding=\"async\" width=\"1024\" height=\"768\" src=\"https:\/\/eurasierclub.be\/wp-content\/uploads\/2024\/04\/232969582_1231442860612210_7154243834243363457_n-1024x768.jpg\" alt=\"\" class=\"wp-image-94\" style=\"aspect-ratio:1;object-fit:cover;width:auto;height:400px\" srcset=\"https:\/\/eurasierclub.be\/wp-content\/uploads\/2024\/04\/232969582_1231442860612210_7154243834243363457_n-1024x768.jpg 1024w, https:\/\/eurasierclub.be\/wp-content\/uploads\/2024\/04\/232969582_1231442860612210_7154243834243363457_n-300x225.jpg 300w, https:\/\/eurasierclub.be\/wp-content\/uploads\/2024\/04\/232969582_1231442860612210_7154243834243363457_n-768x576.jpg 768w, https:\/\/eurasierclub.be\/wp-content\/uploads\/2024\/04\/232969582_1231442860612210_7154243834243363457_n-1536x1153.jpg 1536w, https:\/\/eurasierclub.be\/wp-content\/uploads\/2024\/04\/232969582_1231442860612210_7154243834243363457_n-1170x878.jpg 1170w, https:\/\/eurasierclub.be\/wp-content\/uploads\/2024\/04\/232969582_1231442860612210_7154243834243363457_n.jpg 1919w\" sizes=\"auto, (max-width: 1024px) 100vw, 1024px\" \/><figcaption class=\"wp-element-caption\">Noir : Roxy van Innenhoven<\/figcaption><\/figure>\n<\/div>\n<\/div>\n\n\n\n<h3 class=\"wp-block-heading\">Le masque:<\/h3>\n\n\n\n<p>Il existe trois formes de masques chez l\u2019Eurasier : le masque, le sans masque et le ou masque invers\u00e9. Quasiment tous les chiots Eurasier naissent avec un masque noir, mais pour le conserver \u00e0 l\u2019\u00e2ge adulte le masque doit remonter jusqu\u2019au dessus de la t\u00eate. Un chiot avec un masque noir qui ne monte pas plus haut que les yeux ne le conservera certainement pas \u00e0 l\u2019\u00e2ge adulte.<br>L\u2019Eurasier peut \u00e9galement avec avoir un masque invers\u00e9, son masque sera alors non pas noir mais beaucoup plus clair que sa couleur de base. Ces chiens ont en g\u00e9n\u00e9ral des marquages plus clairs \u00e9galement au niveau des pattes, des joues et du plastron.<br>Ces masques peuvent se combiner avec toutes les couleurs cit\u00e9es plus t\u00f4t.<br>On peut donc avoir par exemple un eurasier sable masque noir ou un eurasier fauve masque invers\u00e9.<\/p>\n\n\n\n<div class=\"wp-block-columns is-layout-flex wp-container-core-columns-is-layout-28f84493 wp-block-columns-is-layout-flex\">\n<div class=\"wp-block-column is-layout-flow wp-block-column-is-layout-flow\">\n<figure class=\"wp-block-image size-large is-resized\"><img loading=\"lazy\" decoding=\"async\" width=\"1024\" height=\"681\" src=\"https:\/\/eurasierclub.be\/wp-content\/uploads\/2024\/04\/sans-masque-1024x681.jpg\" alt=\"\" class=\"wp-image-95\" style=\"aspect-ratio:1;object-fit:cover;width:auto;height:400px\" srcset=\"https:\/\/eurasierclub.be\/wp-content\/uploads\/2024\/04\/sans-masque-1024x681.jpg 1024w, https:\/\/eurasierclub.be\/wp-content\/uploads\/2024\/04\/sans-masque-300x200.jpg 300w, https:\/\/eurasierclub.be\/wp-content\/uploads\/2024\/04\/sans-masque-768x511.jpg 768w, https:\/\/eurasierclub.be\/wp-content\/uploads\/2024\/04\/sans-masque-1536x1022.jpg 1536w, https:\/\/eurasierclub.be\/wp-content\/uploads\/2024\/04\/sans-masque-1170x778.jpg 1170w, https:\/\/eurasierclub.be\/wp-content\/uploads\/2024\/04\/sans-masque.jpg 1828w\" sizes=\"auto, (max-width: 1024px) 100vw, 1024px\" \/><figcaption class=\"wp-element-caption\">Sans masque : Sahel du Phare d&rsquo;Ynys<\/figcaption><\/figure>\n<\/div>\n\n\n\n<div class=\"wp-block-column is-layout-flow wp-block-column-is-layout-flow\">\n<figure class=\"wp-block-image aligncenter size-large is-resized\"><img loading=\"lazy\" decoding=\"async\" width=\"461\" height=\"1024\" src=\"https:\/\/eurasierclub.be\/wp-content\/uploads\/2024\/04\/masque-noir-461x1024.jpg\" alt=\"\" class=\"wp-image-96\" style=\"width:auto;height:400px\" srcset=\"https:\/\/eurasierclub.be\/wp-content\/uploads\/2024\/04\/masque-noir-461x1024.jpg 461w, https:\/\/eurasierclub.be\/wp-content\/uploads\/2024\/04\/masque-noir-135x300.jpg 135w, https:\/\/eurasierclub.be\/wp-content\/uploads\/2024\/04\/masque-noir-768x1708.jpg 768w, https:\/\/eurasierclub.be\/wp-content\/uploads\/2024\/04\/masque-noir-691x1536.jpg 691w, https:\/\/eurasierclub.be\/wp-content\/uploads\/2024\/04\/masque-noir.jpg 921w\" sizes=\"auto, (max-width: 461px) 100vw, 461px\" \/><figcaption class=\"wp-element-caption\">Sable masque noir : Mila<\/figcaption><\/figure>\n<\/div>\n\n\n\n<div class=\"wp-block-column is-layout-flow wp-block-column-is-layout-flow\">\n<figure class=\"wp-block-image aligncenter size-large is-resized\"><img loading=\"lazy\" decoding=\"async\" width=\"814\" height=\"1024\" src=\"https:\/\/eurasierclub.be\/wp-content\/uploads\/2024\/04\/masque-inverse-814x1024.png\" alt=\"\" class=\"wp-image-97\" style=\"width:auto;height:400px\" srcset=\"https:\/\/eurasierclub.be\/wp-content\/uploads\/2024\/04\/masque-inverse-814x1024.png 814w, https:\/\/eurasierclub.be\/wp-content\/uploads\/2024\/04\/masque-inverse-239x300.png 239w, https:\/\/eurasierclub.be\/wp-content\/uploads\/2024\/04\/masque-inverse-768x966.png 768w, https:\/\/eurasierclub.be\/wp-content\/uploads\/2024\/04\/masque-inverse.png 986w\" sizes=\"auto, (max-width: 814px) 100vw, 814px\" \/><figcaption class=\"wp-element-caption\">Masque invers\u00e9 : Belleur Giulia (Gemma)<\/figcaption><\/figure>\n<\/div>\n<\/div>\n","protected":false},"excerpt":{"rendered":"<p>Les diff\u00e9rentes couleurs de l\u2019Eurasier: L\u2019Eurasier fait partie des races de chiens avec de nombreuses nuances de couleurs. Toutes les couleurs sont autoris\u00e9es dans le standard \u00e0 l\u2019exception du marron, du bring\u00e9 et du blanc.Il y a 4 g\u00e8nes qui permettent de d\u00e9finir la couleur d\u2019un eurasier: le fauve (Ay), l\u2019agouti (Aw), le noir et [&hellip;]<\/p>\n","protected":false},"author":1,"featured_media":0,"parent":0,"menu_order":0,"comment_status":"closed","ping_status":"closed","template":"","meta":{"footnotes":""},"class_list":["post-25","page","type-page","status-publish","hentry"],"yoast_head":"<!-- This site is optimized with the Yoast SEO plugin v27.0 - https:\/\/yoast.com\/product\/yoast-seo-wordpress\/ -->\n<title>Les couleurs - Eurasier Club Belgium<\/title>\n<meta name=\"description\" content=\"eurasier club belgique belgie belgium\" \/>\n<meta name=\"robots\" content=\"index, follow, max-snippet:-1, max-image-preview:large, max-video-preview:-1\" \/>\n<link rel=\"canonical\" href=\"https:\/\/eurasierclub.be\/fr\/les-couleurs\/\" \/>\n<meta property=\"og:locale\" content=\"fr_FR\" \/>\n<meta property=\"og:type\" content=\"article\" \/>\n<meta property=\"og:title\" content=\"Les couleurs - Eurasier Club Belgium\" \/>\n<meta property=\"og:description\" content=\"eurasier club belgique belgie belgium\" \/>\n<meta property=\"og:url\" content=\"https:\/\/eurasierclub.be\/fr\/les-couleurs\/\" \/>\n<meta property=\"og:site_name\" content=\"Eurasier Club Belgium\" \/>\n<meta property=\"article:publisher\" content=\"https:\/\/www.facebook.com\/EcbEurasierClubBelgie\" \/>\n<meta property=\"article:modified_time\" content=\"2024-05-26T17:02:49+00:00\" \/>\n<meta property=\"og:image\" content=\"http:\/\/eurasierclub.be\/wp-content\/uploads\/2024\/04\/fauve-1024x683.jpg\" \/>\n<meta name=\"twitter:card\" content=\"summary_large_image\" \/>\n<meta name=\"twitter:label1\" content=\"Dur\u00e9e de lecture est.\" \/>\n\t<meta name=\"twitter:data1\" content=\"7 minutes\" \/>\n<script type=\"application\/ld+json\" class=\"yoast-schema-graph\">{\"@context\":\"https:\/\/schema.org\",\"@graph\":[{\"@type\":\"WebPage\",\"@id\":\"https:\/\/eurasierclub.be\/nl\/les-couleurs\/\",\"url\":\"https:\/\/eurasierclub.be\/nl\/les-couleurs\/\",\"name\":\"Les couleurs - Eurasier Club Belgium\",\"isPartOf\":{\"@id\":\"https:\/\/eurasierclub.be\/#website\"},\"primaryImageOfPage\":{\"@id\":\"https:\/\/eurasierclub.be\/nl\/les-couleurs\/#primaryimage\"},\"image\":{\"@id\":\"https:\/\/eurasierclub.be\/nl\/les-couleurs\/#primaryimage\"},\"thumbnailUrl\":\"http:\/\/eurasierclub.be\/wp-content\/uploads\/2024\/04\/fauve-1024x683.jpg\",\"datePublished\":\"2024-04-04T13:43:16+00:00\",\"dateModified\":\"2024-05-26T17:02:49+00:00\",\"description\":\"eurasier club belgique belgie belgium\",\"breadcrumb\":{\"@id\":\"https:\/\/eurasierclub.be\/nl\/les-couleurs\/#breadcrumb\"},\"inLanguage\":\"fr-BE\",\"potentialAction\":[{\"@type\":\"ReadAction\",\"target\":[\"https:\/\/eurasierclub.be\/nl\/les-couleurs\/\"]}]},{\"@type\":\"ImageObject\",\"inLanguage\":\"fr-BE\",\"@id\":\"https:\/\/eurasierclub.be\/nl\/les-couleurs\/#primaryimage\",\"url\":\"http:\/\/eurasierclub.be\/wp-content\/uploads\/2024\/04\/fauve-1024x683.jpg\",\"contentUrl\":\"http:\/\/eurasierclub.be\/wp-content\/uploads\/2024\/04\/fauve-1024x683.jpg\"},{\"@type\":\"BreadcrumbList\",\"@id\":\"https:\/\/eurasierclub.be\/nl\/les-couleurs\/#breadcrumb\",\"itemListElement\":[{\"@type\":\"ListItem\",\"position\":1,\"name\":\"Accueil\",\"item\":\"https:\/\/eurasierclub.be\/\"},{\"@type\":\"ListItem\",\"position\":2,\"name\":\"Les couleurs\"}]},{\"@type\":\"WebSite\",\"@id\":\"https:\/\/eurasierclub.be\/#website\",\"url\":\"https:\/\/eurasierclub.be\/\",\"name\":\"Eurasier Club Belgium\",\"description\":\"Eurasier Club Belgium\",\"publisher\":{\"@id\":\"https:\/\/eurasierclub.be\/#organization\"},\"alternateName\":\"eurasier belgium\",\"potentialAction\":[{\"@type\":\"SearchAction\",\"target\":{\"@type\":\"EntryPoint\",\"urlTemplate\":\"https:\/\/eurasierclub.be\/?s={search_term_string}\"},\"query-input\":{\"@type\":\"PropertyValueSpecification\",\"valueRequired\":true,\"valueName\":\"search_term_string\"}}],\"inLanguage\":\"fr-BE\"},{\"@type\":\"Organization\",\"@id\":\"https:\/\/eurasierclub.be\/#organization\",\"name\":\"ECB\",\"alternateName\":\"Eurasier Club Belgium\",\"url\":\"https:\/\/eurasierclub.be\/\",\"logo\":{\"@type\":\"ImageObject\",\"inLanguage\":\"fr-BE\",\"@id\":\"https:\/\/eurasierclub.be\/#\/schema\/logo\/image\/\",\"url\":\"https:\/\/eurasierclub.be\/wp-content\/uploads\/2024\/04\/eurasier.jpg\",\"contentUrl\":\"https:\/\/eurasierclub.be\/wp-content\/uploads\/2024\/04\/eurasier.jpg\",\"width\":493,\"height\":444,\"caption\":\"ECB\"},\"image\":{\"@id\":\"https:\/\/eurasierclub.be\/#\/schema\/logo\/image\/\"},\"sameAs\":[\"https:\/\/www.facebook.com\/EcbEurasierClubBelgie\",\"https:\/\/www.instagram.com\/eurasierclubbelgium\/\"]}]}<\/script>\n<!-- \/ Yoast SEO plugin. -->","yoast_head_json":{"title":"Les couleurs - Eurasier Club Belgium","description":"eurasier club belgique belgie belgium","robots":{"index":"index","follow":"follow","max-snippet":"max-snippet:-1","max-image-preview":"max-image-preview:large","max-video-preview":"max-video-preview:-1"},"canonical":"https:\/\/eurasierclub.be\/fr\/les-couleurs\/","og_locale":"fr_FR","og_type":"article","og_title":"Les couleurs - Eurasier Club Belgium","og_description":"eurasier club belgique belgie belgium","og_url":"https:\/\/eurasierclub.be\/fr\/les-couleurs\/","og_site_name":"Eurasier Club Belgium","article_publisher":"https:\/\/www.facebook.com\/EcbEurasierClubBelgie","article_modified_time":"2024-05-26T17:02:49+00:00","og_image":[{"url":"http:\/\/eurasierclub.be\/wp-content\/uploads\/2024\/04\/fauve-1024x683.jpg","type":"","width":"","height":""}],"twitter_card":"summary_large_image","twitter_misc":{"Dur\u00e9e de lecture est.":"7 minutes"},"schema":{"@context":"https:\/\/schema.org","@graph":[{"@type":"WebPage","@id":"https:\/\/eurasierclub.be\/nl\/les-couleurs\/","url":"https:\/\/eurasierclub.be\/nl\/les-couleurs\/","name":"Les couleurs - Eurasier Club Belgium","isPartOf":{"@id":"https:\/\/eurasierclub.be\/#website"},"primaryImageOfPage":{"@id":"https:\/\/eurasierclub.be\/nl\/les-couleurs\/#primaryimage"},"image":{"@id":"https:\/\/eurasierclub.be\/nl\/les-couleurs\/#primaryimage"},"thumbnailUrl":"http:\/\/eurasierclub.be\/wp-content\/uploads\/2024\/04\/fauve-1024x683.jpg","datePublished":"2024-04-04T13:43:16+00:00","dateModified":"2024-05-26T17:02:49+00:00","description":"eurasier club belgique belgie belgium","breadcrumb":{"@id":"https:\/\/eurasierclub.be\/nl\/les-couleurs\/#breadcrumb"},"inLanguage":"fr-BE","potentialAction":[{"@type":"ReadAction","target":["https:\/\/eurasierclub.be\/nl\/les-couleurs\/"]}]},{"@type":"ImageObject","inLanguage":"fr-BE","@id":"https:\/\/eurasierclub.be\/nl\/les-couleurs\/#primaryimage","url":"http:\/\/eurasierclub.be\/wp-content\/uploads\/2024\/04\/fauve-1024x683.jpg","contentUrl":"http:\/\/eurasierclub.be\/wp-content\/uploads\/2024\/04\/fauve-1024x683.jpg"},{"@type":"BreadcrumbList","@id":"https:\/\/eurasierclub.be\/nl\/les-couleurs\/#breadcrumb","itemListElement":[{"@type":"ListItem","position":1,"name":"Accueil","item":"https:\/\/eurasierclub.be\/"},{"@type":"ListItem","position":2,"name":"Les couleurs"}]},{"@type":"WebSite","@id":"https:\/\/eurasierclub.be\/#website","url":"https:\/\/eurasierclub.be\/","name":"Eurasier Club Belgium","description":"Eurasier Club Belgium","publisher":{"@id":"https:\/\/eurasierclub.be\/#organization"},"alternateName":"eurasier belgium","potentialAction":[{"@type":"SearchAction","target":{"@type":"EntryPoint","urlTemplate":"https:\/\/eurasierclub.be\/?s={search_term_string}"},"query-input":{"@type":"PropertyValueSpecification","valueRequired":true,"valueName":"search_term_string"}}],"inLanguage":"fr-BE"},{"@type":"Organization","@id":"https:\/\/eurasierclub.be\/#organization","name":"ECB","alternateName":"Eurasier Club Belgium","url":"https:\/\/eurasierclub.be\/","logo":{"@type":"ImageObject","inLanguage":"fr-BE","@id":"https:\/\/eurasierclub.be\/#\/schema\/logo\/image\/","url":"https:\/\/eurasierclub.be\/wp-content\/uploads\/2024\/04\/eurasier.jpg","contentUrl":"https:\/\/eurasierclub.be\/wp-content\/uploads\/2024\/04\/eurasier.jpg","width":493,"height":444,"caption":"ECB"},"image":{"@id":"https:\/\/eurasierclub.be\/#\/schema\/logo\/image\/"},"sameAs":["https:\/\/www.facebook.com\/EcbEurasierClubBelgie","https:\/\/www.instagram.com\/eurasierclubbelgium\/"]}]}},"_links":{"self":[{"href":"https:\/\/eurasierclub.be\/fr\/wp-json\/wp\/v2\/pages\/25","targetHints":{"allow":["GET"]}}],"collection":[{"href":"https:\/\/eurasierclub.be\/fr\/wp-json\/wp\/v2\/pages"}],"about":[{"href":"https:\/\/eurasierclub.be\/fr\/wp-json\/wp\/v2\/types\/page"}],"author":[{"embeddable":true,"href":"https:\/\/eurasierclub.be\/fr\/wp-json\/wp\/v2\/users\/1"}],"replies":[{"embeddable":true,"href":"https:\/\/eurasierclub.be\/fr\/wp-json\/wp\/v2\/comments?post=25"}],"version-history":[{"count":4,"href":"https:\/\/eurasierclub.be\/fr\/wp-json\/wp\/v2\/pages\/25\/revisions"}],"predecessor-version":[{"id":519,"href":"https:\/\/eurasierclub.be\/fr\/wp-json\/wp\/v2\/pages\/25\/revisions\/519"}],"wp:attachment":[{"href":"https:\/\/eurasierclub.be\/fr\/wp-json\/wp\/v2\/media?parent=25"}],"curies":[{"name":"wp","href":"https:\/\/api.w.org\/{rel}","templated":true}]}}