{"id":29,"date":"2024-04-04T15:46:21","date_gmt":"2024-04-04T13:46:21","guid":{"rendered":"https:\/\/eurasierclub.be\/?page_id=29"},"modified":"2024-05-26T08:56:52","modified_gmt":"2024-05-26T06:56:52","slug":"lifez","status":"publish","type":"page","link":"https:\/\/eurasierclub.be\/fr\/lifez\/","title":{"rendered":"L&rsquo;IFEZ"},"content":{"rendered":"\n<h2 class=\"wp-block-heading\">Coop\u00e9ration entre les clubs Eurasier dans le monde<\/h2>\n\n\n\n<p><br>L&rsquo;IFEZ est une f\u00e9d\u00e9ration de plusieurs clubs d&rsquo;Eurasier qui s&rsquo;engagent \u00e0 pr\u00e9server la sant\u00e9 et le caract\u00e8re de l&rsquo;Eurasier. Tous les clubs membres de l&rsquo;IFEZ sont reconnus et affili\u00e9s \u00e0 la F\u00e9d\u00e9ration Cynologique Internationale (FCI).<\/p>\n\n\n\n<p>Ils garantissent un \u00e9levage responsable. Par cons\u00e9quent, lorsque vous achetez un chiot Eurasier, assurez-vous que votre \u00e9leveur est membre d&rsquo;un des clubs affili\u00e9s \u00e0 l&rsquo;IFEZ. Cela signifie que l&rsquo;\u00e9leveur s&rsquo;est engag\u00e9 \u00e0 respecter les principes d&rsquo;un \u00e9levage \u00e9thique pour le bien-\u00eatre du chien et de la race.<\/p>\n\n\n\n<p>L&rsquo;IFEZ a \u00e9t\u00e9 fond\u00e9 en 1996 par la \u00ab Zuchtgemeinschaft f\u00fcr Eurasier \u00bb, un club allemand de l&rsquo;Eurasier. L&rsquo;IFEZ a pour objectif de r\u00e9unir le plus grand nombre possible de clubs d&rsquo;\u00e9levage d&rsquo;Eurasiers en Europe et dans le monde afin que les Eurasiers r\u00e9pondent aux normes d&rsquo;\u00e9levage les plus \u00e9lev\u00e9es possibles.<\/p>\n\n\n\n<p>Les clubs Eurasier membres de l&rsquo;IFEZ \u00e9changent toutes les donn\u00e9es relatives \u00e0 l&rsquo;\u00e9levage concernant la sant\u00e9, le physique et le caract\u00e8re des Eurasiers. Ces informations sont stock\u00e9es dans une base de donn\u00e9es qui permet aux membres de l&rsquo;IFEZ de les utiliser pour s\u00e9lectionner les meilleurs mariages possible pour l&rsquo;\u00e9levage et la race. Cette base de donn\u00e9es IFEZ est m\u00e9ticuleusement tenue \u00e0 jour par l&rsquo;un de nos b\u00e9n\u00e9voles du comit\u00e9 d&rsquo;\u00e9levage.<\/p>\n\n\n\n<h2 class=\"wp-block-heading\">Certificat IFEZ<\/h2>\n\n\n\n<p>Depuis 1999, un certificat sp\u00e9cial est \u00e9tabli pour chaque Eurasien \u00e9lev\u00e9 selon les r\u00e8gles de l&rsquo;IFEZ. Ce certificat est remis \u00e0 l&rsquo;acheteur du chiot en m\u00eame temps que le pedigree. Il prouve que le chiot achet\u00e9 r\u00e9pond aux normes de qualit\u00e9 \u00e9lev\u00e9es des associations membres de l&rsquo;IFEZ.<\/p>\n\n\n\n<h2 class=\"wp-block-heading\">Les lignes directives de l&rsquo;IFEZ<\/h2>\n\n\n\n<ul class=\"wp-block-list\">\n<li>Les Eurasiers utilis\u00e9s dans l&rsquo;\u00e9levage poss\u00e8dent un pedigree reconnu par la FCI (p\u00e9digree Saint Hubert reconnu par la FCI, ou une canine d&rsquo;un autre pays)<\/li>\n\n\n\n<li>Les chiots sont \u00e9lev\u00e9s selon les r\u00e8gles strictes de l&rsquo;IFEZ en mati\u00e8re de bien-\u00eatre animal.<\/li>\n\n\n\n<li>Les reproducteurs ont \u00e9t\u00e9 examin\u00e9s par un v\u00e9t\u00e9rinaire afin de d\u00e9celer d&rsquo;\u00e9ventuels probl\u00e8mes de sant\u00e9 h\u00e9r\u00e9ditaires (pour plus d&rsquo;informations, voir l&rsquo;onglet Sant\u00e9)<\/li>\n\n\n\n<li>Un juge ou un repr\u00e9sentant autoris\u00e9 et form\u00e9 du club d&rsquo;Eurasier membre de l&rsquo;IFEZ d\u00e9termine l&rsquo;aptitude \u00e0 la reproduction.<\/li>\n\n\n\n<li>L&rsquo;accouplement a lieu apr\u00e8s qu&rsquo;il a \u00e9t\u00e9 \u00e9tabli sur une base scientifique (via la base de donn\u00e9es IFEZ) que la combinaison constitue un bon point de d\u00e9part pour l&rsquo;\u00e9levage d&rsquo;un Eurasier sain et \u00e9quilibr\u00e9.<\/li>\n\n\n\n<li>Les chiots ne peuvent pas \u00eatre \u00e9lev\u00e9s \u00e0 titre professionnel\/commercial.<\/li>\n\n\n\n<li>Les inspecteurs de l&rsquo;\u00e9levage visitent et \u00e9valuent les conditions dans lesquelles les adultes et les chiots vivent et sont \u00e9lev\u00e9s.<\/li>\n\n\n\n<li>Les chiots grandissent dans un environnement familial aimant et sont ainsi familiaris\u00e9s tr\u00e8s t\u00f4t avec les gens et leur environnement.<\/li>\n<\/ul>\n\n\n\n<p>Vous pouvez retrouver plus d&rsquo;informations sur l&rsquo;IFEZ sur leur site web : <a href=\"https:\/\/ifez-eurasier.com\/en\/\">https:\/\/ifez-eurasier.com\/en\/<\/a><\/p>\n","protected":false},"excerpt":{"rendered":"<p>Coop\u00e9ration entre les clubs Eurasier dans le monde L&rsquo;IFEZ est une f\u00e9d\u00e9ration de plusieurs clubs d&rsquo;Eurasier qui s&rsquo;engagent \u00e0 pr\u00e9server la sant\u00e9 et le caract\u00e8re de l&rsquo;Eurasier. Tous les clubs membres de l&rsquo;IFEZ sont reconnus et affili\u00e9s \u00e0 la F\u00e9d\u00e9ration Cynologique Internationale (FCI). Ils garantissent un \u00e9levage responsable. Par cons\u00e9quent, lorsque vous achetez un chiot [&hellip;]<\/p>\n","protected":false},"author":1,"featured_media":0,"parent":0,"menu_order":0,"comment_status":"closed","ping_status":"closed","template":"","meta":{"footnotes":""},"class_list":["post-29","page","type-page","status-publish","hentry"],"yoast_head":"<!-- This site is optimized with the Yoast SEO plugin v27.0 - https:\/\/yoast.com\/product\/yoast-seo-wordpress\/ -->\n<title>L&#039;IFEZ - Eurasier Club Belgium<\/title>\n<meta name=\"description\" content=\"eurasier club belgique belgie belgium\" \/>\n<meta name=\"robots\" content=\"index, follow, max-snippet:-1, max-image-preview:large, max-video-preview:-1\" \/>\n<link rel=\"canonical\" href=\"https:\/\/eurasierclub.be\/fr\/lifez\/\" \/>\n<meta property=\"og:locale\" content=\"fr_FR\" \/>\n<meta property=\"og:type\" content=\"article\" \/>\n<meta property=\"og:title\" content=\"L&#039;IFEZ - Eurasier Club Belgium\" \/>\n<meta property=\"og:description\" content=\"eurasier club belgique belgie belgium\" \/>\n<meta property=\"og:url\" content=\"https:\/\/eurasierclub.be\/fr\/lifez\/\" \/>\n<meta property=\"og:site_name\" content=\"Eurasier Club Belgium\" \/>\n<meta property=\"article:publisher\" content=\"https:\/\/www.facebook.com\/EcbEurasierClubBelgie\" \/>\n<meta property=\"article:modified_time\" content=\"2024-05-26T06:56:52+00:00\" \/>\n<meta name=\"twitter:card\" content=\"summary_large_image\" \/>\n<meta name=\"twitter:label1\" content=\"Dur\u00e9e de lecture est.\" \/>\n\t<meta name=\"twitter:data1\" content=\"2 minutes\" \/>\n<script type=\"application\/ld+json\" class=\"yoast-schema-graph\">{\"@context\":\"https:\/\/schema.org\",\"@graph\":[{\"@type\":\"WebPage\",\"@id\":\"https:\/\/eurasierclub.be\/nl\/lifez\/\",\"url\":\"https:\/\/eurasierclub.be\/nl\/lifez\/\",\"name\":\"L'IFEZ - Eurasier Club Belgium\",\"isPartOf\":{\"@id\":\"https:\/\/eurasierclub.be\/#website\"},\"datePublished\":\"2024-04-04T13:46:21+00:00\",\"dateModified\":\"2024-05-26T06:56:52+00:00\",\"description\":\"eurasier club belgique belgie belgium\",\"breadcrumb\":{\"@id\":\"https:\/\/eurasierclub.be\/nl\/lifez\/#breadcrumb\"},\"inLanguage\":\"fr-BE\",\"potentialAction\":[{\"@type\":\"ReadAction\",\"target\":[\"https:\/\/eurasierclub.be\/nl\/lifez\/\"]}]},{\"@type\":\"BreadcrumbList\",\"@id\":\"https:\/\/eurasierclub.be\/nl\/lifez\/#breadcrumb\",\"itemListElement\":[{\"@type\":\"ListItem\",\"position\":1,\"name\":\"Accueil\",\"item\":\"https:\/\/eurasierclub.be\/\"},{\"@type\":\"ListItem\",\"position\":2,\"name\":\"L&rsquo;IFEZ\"}]},{\"@type\":\"WebSite\",\"@id\":\"https:\/\/eurasierclub.be\/#website\",\"url\":\"https:\/\/eurasierclub.be\/\",\"name\":\"Eurasier Club Belgium\",\"description\":\"Eurasier Club Belgium\",\"publisher\":{\"@id\":\"https:\/\/eurasierclub.be\/#organization\"},\"alternateName\":\"eurasier belgium\",\"potentialAction\":[{\"@type\":\"SearchAction\",\"target\":{\"@type\":\"EntryPoint\",\"urlTemplate\":\"https:\/\/eurasierclub.be\/?s={search_term_string}\"},\"query-input\":{\"@type\":\"PropertyValueSpecification\",\"valueRequired\":true,\"valueName\":\"search_term_string\"}}],\"inLanguage\":\"fr-BE\"},{\"@type\":\"Organization\",\"@id\":\"https:\/\/eurasierclub.be\/#organization\",\"name\":\"ECB\",\"alternateName\":\"Eurasier Club Belgium\",\"url\":\"https:\/\/eurasierclub.be\/\",\"logo\":{\"@type\":\"ImageObject\",\"inLanguage\":\"fr-BE\",\"@id\":\"https:\/\/eurasierclub.be\/#\/schema\/logo\/image\/\",\"url\":\"https:\/\/eurasierclub.be\/wp-content\/uploads\/2024\/04\/eurasier.jpg\",\"contentUrl\":\"https:\/\/eurasierclub.be\/wp-content\/uploads\/2024\/04\/eurasier.jpg\",\"width\":493,\"height\":444,\"caption\":\"ECB\"},\"image\":{\"@id\":\"https:\/\/eurasierclub.be\/#\/schema\/logo\/image\/\"},\"sameAs\":[\"https:\/\/www.facebook.com\/EcbEurasierClubBelgie\",\"https:\/\/www.instagram.com\/eurasierclubbelgium\/\"]}]}<\/script>\n<!-- \/ Yoast SEO plugin. -->","yoast_head_json":{"title":"L'IFEZ - Eurasier Club Belgium","description":"eurasier club belgique belgie belgium","robots":{"index":"index","follow":"follow","max-snippet":"max-snippet:-1","max-image-preview":"max-image-preview:large","max-video-preview":"max-video-preview:-1"},"canonical":"https:\/\/eurasierclub.be\/fr\/lifez\/","og_locale":"fr_FR","og_type":"article","og_title":"L'IFEZ - Eurasier Club Belgium","og_description":"eurasier club belgique belgie belgium","og_url":"https:\/\/eurasierclub.be\/fr\/lifez\/","og_site_name":"Eurasier Club Belgium","article_publisher":"https:\/\/www.facebook.com\/EcbEurasierClubBelgie","article_modified_time":"2024-05-26T06:56:52+00:00","twitter_card":"summary_large_image","twitter_misc":{"Dur\u00e9e de lecture est.":"2 minutes"},"schema":{"@context":"https:\/\/schema.org","@graph":[{"@type":"WebPage","@id":"https:\/\/eurasierclub.be\/nl\/lifez\/","url":"https:\/\/eurasierclub.be\/nl\/lifez\/","name":"L'IFEZ - Eurasier Club Belgium","isPartOf":{"@id":"https:\/\/eurasierclub.be\/#website"},"datePublished":"2024-04-04T13:46:21+00:00","dateModified":"2024-05-26T06:56:52+00:00","description":"eurasier club belgique belgie belgium","breadcrumb":{"@id":"https:\/\/eurasierclub.be\/nl\/lifez\/#breadcrumb"},"inLanguage":"fr-BE","potentialAction":[{"@type":"ReadAction","target":["https:\/\/eurasierclub.be\/nl\/lifez\/"]}]},{"@type":"BreadcrumbList","@id":"https:\/\/eurasierclub.be\/nl\/lifez\/#breadcrumb","itemListElement":[{"@type":"ListItem","position":1,"name":"Accueil","item":"https:\/\/eurasierclub.be\/"},{"@type":"ListItem","position":2,"name":"L&rsquo;IFEZ"}]},{"@type":"WebSite","@id":"https:\/\/eurasierclub.be\/#website","url":"https:\/\/eurasierclub.be\/","name":"Eurasier Club Belgium","description":"Eurasier Club Belgium","publisher":{"@id":"https:\/\/eurasierclub.be\/#organization"},"alternateName":"eurasier belgium","potentialAction":[{"@type":"SearchAction","target":{"@type":"EntryPoint","urlTemplate":"https:\/\/eurasierclub.be\/?s={search_term_string}"},"query-input":{"@type":"PropertyValueSpecification","valueRequired":true,"valueName":"search_term_string"}}],"inLanguage":"fr-BE"},{"@type":"Organization","@id":"https:\/\/eurasierclub.be\/#organization","name":"ECB","alternateName":"Eurasier Club Belgium","url":"https:\/\/eurasierclub.be\/","logo":{"@type":"ImageObject","inLanguage":"fr-BE","@id":"https:\/\/eurasierclub.be\/#\/schema\/logo\/image\/","url":"https:\/\/eurasierclub.be\/wp-content\/uploads\/2024\/04\/eurasier.jpg","contentUrl":"https:\/\/eurasierclub.be\/wp-content\/uploads\/2024\/04\/eurasier.jpg","width":493,"height":444,"caption":"ECB"},"image":{"@id":"https:\/\/eurasierclub.be\/#\/schema\/logo\/image\/"},"sameAs":["https:\/\/www.facebook.com\/EcbEurasierClubBelgie","https:\/\/www.instagram.com\/eurasierclubbelgium\/"]}]}},"_links":{"self":[{"href":"https:\/\/eurasierclub.be\/fr\/wp-json\/wp\/v2\/pages\/29","targetHints":{"allow":["GET"]}}],"collection":[{"href":"https:\/\/eurasierclub.be\/fr\/wp-json\/wp\/v2\/pages"}],"about":[{"href":"https:\/\/eurasierclub.be\/fr\/wp-json\/wp\/v2\/types\/page"}],"author":[{"embeddable":true,"href":"https:\/\/eurasierclub.be\/fr\/wp-json\/wp\/v2\/users\/1"}],"replies":[{"embeddable":true,"href":"https:\/\/eurasierclub.be\/fr\/wp-json\/wp\/v2\/comments?post=29"}],"version-history":[{"count":4,"href":"https:\/\/eurasierclub.be\/fr\/wp-json\/wp\/v2\/pages\/29\/revisions"}],"predecessor-version":[{"id":110,"href":"https:\/\/eurasierclub.be\/fr\/wp-json\/wp\/v2\/pages\/29\/revisions\/110"}],"wp:attachment":[{"href":"https:\/\/eurasierclub.be\/fr\/wp-json\/wp\/v2\/media?parent=29"}],"curies":[{"name":"wp","href":"https:\/\/api.w.org\/{rel}","templated":true}]}}