{"id":30,"date":"2024-04-04T15:47:27","date_gmt":"2024-04-04T13:47:27","guid":{"rendered":"https:\/\/eurasierclub.be\/?page_id=30"},"modified":"2024-06-25T12:20:37","modified_gmt":"2024-06-25T10:20:37","slug":"reglement-delevage","status":"publish","type":"page","link":"https:\/\/eurasierclub.be\/fr\/reglement-delevage\/","title":{"rendered":"Sant\u00e9"},"content":{"rendered":"\n<p>Voici les tests de sant\u00e9 demand\u00e9 par l&rsquo;ECB \u00e0 ce jour:<\/p>\n\n\n\n<h2 class=\"wp-block-heading\">Dysplasie des hanches (HD)<\/h2>\n\n\n\n<ul class=\"wp-block-list\">\n<li>Les deux parents doivent \u00eatre examin\u00e9s pour la dysplasie des hanches. Cet examen ne peut avoir lieu qu&rsquo;\u00e0 partir du jour o\u00f9 le chien a 18 mois. L&rsquo;\u00e9valuation doit avoir \u00e9t\u00e9 effectu\u00e9e par un organisme reconnu par la SRSH\/FCI.<\/li>\n\n\n\n<li>Entre les chiens ayant les notations FCI HD\u2010A et HD\u2010B, toute combinaison de parents peut \u00eatre form\u00e9e.<\/li>\n\n\n\n<li>Les chiens avec un r\u00e9sultat HD\u2010C ou HD\u2010D ou HD\u2010E ne peuvent pas \u00eatre utilis\u00e9s pour la reproduction.<\/li>\n\n\n\n<li>En cas d&rsquo;utilisation de m\u00e2les enregistr\u00e9s \u00e0 l&rsquo;\u00e9tranger, les r\u00e8gles ci\u2010dessus s&rsquo;appliquent.<\/li>\n<\/ul>\n\n\n\n<h2 class=\"wp-block-heading\">Luxation patellaire  (PL)<\/h2>\n\n\n\n<ul class=\"wp-block-list\">\n<li>Les deux parents doivent \u00eatre examin\u00e9s pour la luxation patellaire. Cet examen ne peut avoir lieu qu&rsquo;\u00e0 partir du jour o\u00f9 le chien a 18 mois.<\/li>\n\n\n\n<li>Les chiens atteints de luxation de la rotule ou op\u00e9r\u00e9s dans le pass\u00e9 ne sont pas autoris\u00e9s \u00e0 reproduire.<\/li>\n\n\n\n<li>En cas d&rsquo;utilisation de m\u00e2les enregistr\u00e9s \u00e0 l&rsquo;\u00e9tranger, les r\u00e8gles ci\u2010dessus s&rsquo;appliquent.<\/li>\n<\/ul>\n\n\n\n<h2 class=\"wp-block-heading\">Yeux (ECVO)<\/h2>\n\n\n\n<ul class=\"wp-block-list\">\n<li>Les deux parents doivent \u00eatre examin\u00e9s par un ophtalmologiste certifi\u00e9 ECVO afin de pr\u00e9venir les anomalies oculaires h\u00e9r\u00e9ditaires, les anomalies des paupi\u00e8res et la goniodysplasie, conform\u00e9ment au protocole ECVO.<\/li>\n\n\n\n<li>Cet examen ne peut avoir lieu que du jour o\u00f9 le chien a 18 mois<\/li>\n\n\n\n<li>Entre les chiens qui ne pr\u00e9sentent pas aucune anomalie oculaire, toute combinaison peut \u00eatre form\u00e9e.<\/li>\n\n\n\n<li>Les chiens souffrant d&rsquo;une forme l\u00e9g\u00e8re de distichiasis ne peuvent \u00eatre unis qu\u2019avec des chiens exempts de cette anomalie.<\/li>\n\n\n\n<li>Les chiens souffrant d&rsquo;une forme l\u00e9g\u00e8re de goniodysplasie ne peuvent \u00eatre unis qu\u2019avec des chiens exempts de cette anomalie.<\/li>\n\n\n\n<li>Les chiens qui ne sont pas exempts des autres troubles oculaires examin\u00e9s sont exclus de la reproduction.<\/li>\n\n\n\n<li>En cas d&rsquo;utilisation de m\u00e2les enregistr\u00e9s \u00e0 l&rsquo;\u00e9tranger, les r\u00e8gles ci\u2010dessus s&rsquo;appliquent.<\/li>\n<\/ul>\n\n\n\n<h2 class=\"wp-block-heading\">Dandy Walker<\/h2>\n\n\n\n<p>Les animaux reproducteurs et\/ou les parents doivent \u00eatre examin\u00e9s pour pr\u00e9venir le&nbsp; syndrome h\u00e9r\u00e9ditaire du Dandy Walker. En faisant effectuer un test g\u00e9n\u00e9tique, on sait si l&rsquo;animal parent est porteur du g\u00e8ne r\u00e9cessif de Dandy Walker et est donc susceptible d\u2019\u00eatre un \u00abporteur\u00bb du syndrome ou que l&rsquo;animal parent est \u00abaffect\u00e9\u00bb. Si le g\u00e8ne n&rsquo;est pas pr\u00e9sent, l&rsquo;animal est \u00ab\u00a0libre\u00a0\u00bb. Les chiens \u201caffect\u00e9s\u201d par la Dandy Walker sont exclus de la reproduction. Les chiens \u201cporteurs\u201d du syndrome du Dandy Walker peuvent reproduire uniquement avec un chien exempt.<\/p>\n\n\n\n<h2 class=\"wp-block-heading\">Thyro\u00efde<\/h2>\n\n\n\n<ul class=\"wp-block-list\">\n<li> Les deux parents doivent \u00eatre examin\u00e9s pour la pr\u00e9vention des probl\u00e8mes de thyro\u00efde.<\/li>\n\n\n\n<li>Cet examen ne peut avoir lieu que du jour o\u00f9 le chien en question a 18 mois et est \u00e0 refaire avant chaque port\u00e9e.<\/li>\n\n\n\n<li>Un \u00e9chantillon de sang doit \u00eatre pr\u00e9lev\u00e9 pour cela. Il vous est demand\u00e9 de faire d\u00e9terminer les valeurs <strong>TGAA, T4 libre et TSH<\/strong> via un laboratoire.<\/li>\n\n\n\n<li>Les r\u00e9sultats de l&rsquo;examen thyro\u00efdien ne peuvent \u00eatre ant\u00e9rieurs \u00e0 1 an au moment de la couverture. Chez les chiens \u00e2g\u00e9s de plus de 5 ans, cette \u00e9tude ne peut dater de plus de 2 ans au moment de la couverture.<\/li>\n\n\n\n<li>Les chiens pour lesquels le r\u00e9sultat des <strong>TGAA <\/strong>est positif, ne sont pas admis en reproduction. Les valeurs restantes, la T4 totale et la TSH doivent se situer dans les valeurs de r\u00e9f\u00e9rence recommand\u00e9es par le laboratoire concern\u00e9.<\/li>\n<\/ul>\n\n\n\n<h2 class=\"wp-block-heading\">ADN et filiation<\/h2>\n\n\n\n<p>Les chiots ainsi que les parents doivent avoir fait un test ADN afin d&rsquo;assurer que les chiots sont bien issus des parents d\u00e9clar\u00e9s aupr\u00e8s de la SRSH.<\/p>\n\n\n\n<h2 class=\"wp-block-heading\">Tests de sant\u00e9 et caution<\/h2>\n\n\n\n<p>Si vous passez par l&rsquo;ECB pour avoir un chiot, il vous sera demand\u00e9 une caution de 300\u20ac qui vous sera revers\u00e9e lorsque vous effectuerez les tests de sant\u00e9 sur votre chiot dans les 3 premi\u00e8res ann\u00e9es de sa vie.<br><em>Pourquoi faire les tests de sant\u00e9 ?<\/em><br>Certes, vous ne souhaitez pas reproduire avec votre chien, et vous pouvez donc vous demander quel est l&rsquo;int\u00e9r\u00eat de faire les tests de sant\u00e9 avec votre chien. L&rsquo;int\u00e9r\u00eat est le bien \u00eatre global de la race. Notre but est d&rsquo;avoir une vision la plus pr\u00e9cise possible de l&rsquo;\u00e9volution de la sant\u00e9 de notre race, et de continuer \u00e0 reproduire avec des chiens sains, mais \u00e9galement des chiens qui ne transmettent pas de tare \u00e0 leur descendance. Cela n&rsquo;est possible que si nous avons le plus de donn\u00e9es possibles. Il est important pour la commission d&rsquo;\u00e9levage de v\u00e9rifier que les chiots issus des mariages sont en bonne sant\u00e9 et que les tests sont bons. <br>Si vous ne le faites pas dans l&rsquo;optique de reproduire, vous le faites dans l&rsquo;optique d&rsquo;aider \u00e0 la conservation et au bien-\u00eatre de la race. <\/p>\n","protected":false},"excerpt":{"rendered":"<p>Voici les tests de sant\u00e9 demand\u00e9 par l&rsquo;ECB \u00e0 ce jour: Dysplasie des hanches (HD) Luxation patellaire (PL) Yeux (ECVO) Dandy Walker Les animaux reproducteurs et\/ou les parents doivent \u00eatre examin\u00e9s pour pr\u00e9venir le&nbsp; syndrome h\u00e9r\u00e9ditaire du Dandy Walker. En faisant effectuer un test g\u00e9n\u00e9tique, on sait si l&rsquo;animal parent est porteur du g\u00e8ne r\u00e9cessif [&hellip;]<\/p>\n","protected":false},"author":1,"featured_media":0,"parent":0,"menu_order":0,"comment_status":"closed","ping_status":"closed","template":"","meta":{"footnotes":""},"class_list":["post-30","page","type-page","status-publish","hentry"],"yoast_head":"<!-- This site is optimized with the Yoast SEO plugin v27.0 - https:\/\/yoast.com\/product\/yoast-seo-wordpress\/ -->\n<title>Sant\u00e9 - Eurasier Club Belgium<\/title>\n<meta name=\"description\" content=\"eurasier club belgique belgie belgium\" \/>\n<meta name=\"robots\" content=\"index, follow, max-snippet:-1, max-image-preview:large, max-video-preview:-1\" \/>\n<link rel=\"canonical\" href=\"https:\/\/eurasierclub.be\/fr\/reglement-delevage\/\" \/>\n<meta property=\"og:locale\" content=\"fr_FR\" \/>\n<meta property=\"og:type\" content=\"article\" \/>\n<meta property=\"og:title\" content=\"Sant\u00e9 - Eurasier Club Belgium\" \/>\n<meta property=\"og:description\" content=\"eurasier club belgique belgie belgium\" \/>\n<meta property=\"og:url\" content=\"https:\/\/eurasierclub.be\/fr\/reglement-delevage\/\" \/>\n<meta property=\"og:site_name\" content=\"Eurasier Club Belgium\" \/>\n<meta property=\"article:publisher\" content=\"https:\/\/www.facebook.com\/EcbEurasierClubBelgie\" \/>\n<meta property=\"article:modified_time\" content=\"2024-06-25T10:20:37+00:00\" \/>\n<meta name=\"twitter:card\" content=\"summary_large_image\" \/>\n<meta name=\"twitter:label1\" content=\"Dur\u00e9e de lecture est.\" \/>\n\t<meta name=\"twitter:data1\" content=\"4 minutes\" \/>\n<script type=\"application\/ld+json\" class=\"yoast-schema-graph\">{\"@context\":\"https:\/\/schema.org\",\"@graph\":[{\"@type\":\"WebPage\",\"@id\":\"https:\/\/eurasierclub.be\/reglement-delevage\/\",\"url\":\"https:\/\/eurasierclub.be\/reglement-delevage\/\",\"name\":\"Sant\u00e9 - Eurasier Club Belgium\",\"isPartOf\":{\"@id\":\"https:\/\/eurasierclub.be\/#website\"},\"datePublished\":\"2024-04-04T13:47:27+00:00\",\"dateModified\":\"2024-06-25T10:20:37+00:00\",\"description\":\"eurasier club belgique belgie belgium\",\"breadcrumb\":{\"@id\":\"https:\/\/eurasierclub.be\/reglement-delevage\/#breadcrumb\"},\"inLanguage\":\"fr-BE\",\"potentialAction\":[{\"@type\":\"ReadAction\",\"target\":[\"https:\/\/eurasierclub.be\/reglement-delevage\/\"]}]},{\"@type\":\"BreadcrumbList\",\"@id\":\"https:\/\/eurasierclub.be\/reglement-delevage\/#breadcrumb\",\"itemListElement\":[{\"@type\":\"ListItem\",\"position\":1,\"name\":\"Accueil\",\"item\":\"https:\/\/eurasierclub.be\/\"},{\"@type\":\"ListItem\",\"position\":2,\"name\":\"Sant\u00e9\"}]},{\"@type\":\"WebSite\",\"@id\":\"https:\/\/eurasierclub.be\/#website\",\"url\":\"https:\/\/eurasierclub.be\/\",\"name\":\"Eurasier Club Belgium\",\"description\":\"Eurasier Club Belgium\",\"publisher\":{\"@id\":\"https:\/\/eurasierclub.be\/#organization\"},\"alternateName\":\"eurasier belgium\",\"potentialAction\":[{\"@type\":\"SearchAction\",\"target\":{\"@type\":\"EntryPoint\",\"urlTemplate\":\"https:\/\/eurasierclub.be\/?s={search_term_string}\"},\"query-input\":{\"@type\":\"PropertyValueSpecification\",\"valueRequired\":true,\"valueName\":\"search_term_string\"}}],\"inLanguage\":\"fr-BE\"},{\"@type\":\"Organization\",\"@id\":\"https:\/\/eurasierclub.be\/#organization\",\"name\":\"ECB\",\"alternateName\":\"Eurasier Club Belgium\",\"url\":\"https:\/\/eurasierclub.be\/\",\"logo\":{\"@type\":\"ImageObject\",\"inLanguage\":\"fr-BE\",\"@id\":\"https:\/\/eurasierclub.be\/#\/schema\/logo\/image\/\",\"url\":\"https:\/\/eurasierclub.be\/wp-content\/uploads\/2024\/04\/eurasier.jpg\",\"contentUrl\":\"https:\/\/eurasierclub.be\/wp-content\/uploads\/2024\/04\/eurasier.jpg\",\"width\":493,\"height\":444,\"caption\":\"ECB\"},\"image\":{\"@id\":\"https:\/\/eurasierclub.be\/#\/schema\/logo\/image\/\"},\"sameAs\":[\"https:\/\/www.facebook.com\/EcbEurasierClubBelgie\",\"https:\/\/www.instagram.com\/eurasierclubbelgium\/\"]}]}<\/script>\n<!-- \/ Yoast SEO plugin. -->","yoast_head_json":{"title":"Sant\u00e9 - Eurasier Club Belgium","description":"eurasier club belgique belgie belgium","robots":{"index":"index","follow":"follow","max-snippet":"max-snippet:-1","max-image-preview":"max-image-preview:large","max-video-preview":"max-video-preview:-1"},"canonical":"https:\/\/eurasierclub.be\/fr\/reglement-delevage\/","og_locale":"fr_FR","og_type":"article","og_title":"Sant\u00e9 - Eurasier Club Belgium","og_description":"eurasier club belgique belgie belgium","og_url":"https:\/\/eurasierclub.be\/fr\/reglement-delevage\/","og_site_name":"Eurasier Club Belgium","article_publisher":"https:\/\/www.facebook.com\/EcbEurasierClubBelgie","article_modified_time":"2024-06-25T10:20:37+00:00","twitter_card":"summary_large_image","twitter_misc":{"Dur\u00e9e de lecture est.":"4 minutes"},"schema":{"@context":"https:\/\/schema.org","@graph":[{"@type":"WebPage","@id":"https:\/\/eurasierclub.be\/reglement-delevage\/","url":"https:\/\/eurasierclub.be\/reglement-delevage\/","name":"Sant\u00e9 - Eurasier Club Belgium","isPartOf":{"@id":"https:\/\/eurasierclub.be\/#website"},"datePublished":"2024-04-04T13:47:27+00:00","dateModified":"2024-06-25T10:20:37+00:00","description":"eurasier club belgique belgie belgium","breadcrumb":{"@id":"https:\/\/eurasierclub.be\/reglement-delevage\/#breadcrumb"},"inLanguage":"fr-BE","potentialAction":[{"@type":"ReadAction","target":["https:\/\/eurasierclub.be\/reglement-delevage\/"]}]},{"@type":"BreadcrumbList","@id":"https:\/\/eurasierclub.be\/reglement-delevage\/#breadcrumb","itemListElement":[{"@type":"ListItem","position":1,"name":"Accueil","item":"https:\/\/eurasierclub.be\/"},{"@type":"ListItem","position":2,"name":"Sant\u00e9"}]},{"@type":"WebSite","@id":"https:\/\/eurasierclub.be\/#website","url":"https:\/\/eurasierclub.be\/","name":"Eurasier Club Belgium","description":"Eurasier Club Belgium","publisher":{"@id":"https:\/\/eurasierclub.be\/#organization"},"alternateName":"eurasier belgium","potentialAction":[{"@type":"SearchAction","target":{"@type":"EntryPoint","urlTemplate":"https:\/\/eurasierclub.be\/?s={search_term_string}"},"query-input":{"@type":"PropertyValueSpecification","valueRequired":true,"valueName":"search_term_string"}}],"inLanguage":"fr-BE"},{"@type":"Organization","@id":"https:\/\/eurasierclub.be\/#organization","name":"ECB","alternateName":"Eurasier Club Belgium","url":"https:\/\/eurasierclub.be\/","logo":{"@type":"ImageObject","inLanguage":"fr-BE","@id":"https:\/\/eurasierclub.be\/#\/schema\/logo\/image\/","url":"https:\/\/eurasierclub.be\/wp-content\/uploads\/2024\/04\/eurasier.jpg","contentUrl":"https:\/\/eurasierclub.be\/wp-content\/uploads\/2024\/04\/eurasier.jpg","width":493,"height":444,"caption":"ECB"},"image":{"@id":"https:\/\/eurasierclub.be\/#\/schema\/logo\/image\/"},"sameAs":["https:\/\/www.facebook.com\/EcbEurasierClubBelgie","https:\/\/www.instagram.com\/eurasierclubbelgium\/"]}]}},"_links":{"self":[{"href":"https:\/\/eurasierclub.be\/fr\/wp-json\/wp\/v2\/pages\/30","targetHints":{"allow":["GET"]}}],"collection":[{"href":"https:\/\/eurasierclub.be\/fr\/wp-json\/wp\/v2\/pages"}],"about":[{"href":"https:\/\/eurasierclub.be\/fr\/wp-json\/wp\/v2\/types\/page"}],"author":[{"embeddable":true,"href":"https:\/\/eurasierclub.be\/fr\/wp-json\/wp\/v2\/users\/1"}],"replies":[{"embeddable":true,"href":"https:\/\/eurasierclub.be\/fr\/wp-json\/wp\/v2\/comments?post=30"}],"version-history":[{"count":3,"href":"https:\/\/eurasierclub.be\/fr\/wp-json\/wp\/v2\/pages\/30\/revisions"}],"predecessor-version":[{"id":539,"href":"https:\/\/eurasierclub.be\/fr\/wp-json\/wp\/v2\/pages\/30\/revisions\/539"}],"wp:attachment":[{"href":"https:\/\/eurasierclub.be\/fr\/wp-json\/wp\/v2\/media?parent=30"}],"curies":[{"name":"wp","href":"https:\/\/api.w.org\/{rel}","templated":true}]}}