{"id":541,"date":"2024-06-25T13:52:21","date_gmt":"2024-06-25T11:52:21","guid":{"rendered":"https:\/\/eurasierclub.be\/?page_id=541"},"modified":"2024-07-30T21:27:02","modified_gmt":"2024-07-30T19:27:02","slug":"31-08-ecb-20th-anniversary","status":"publish","type":"page","link":"https:\/\/eurasierclub.be\/fr\/31-08-ecb-20th-anniversary\/","title":{"rendered":"31-08 &#8211; ECB 20th anniversary"},"content":{"rendered":"\n<div class=\"wp-block-columns is-layout-flex wp-container-core-columns-is-layout-28f84493 wp-block-columns-is-layout-flex\">\n<div class=\"wp-block-column is-layout-flow wp-block-column-is-layout-flow\">\n<figure class=\"wp-block-image size-full\"><img loading=\"lazy\" decoding=\"async\" width=\"500\" height=\"500\" src=\"https:\/\/eurasierclub.be\/wp-content\/uploads\/2024\/07\/ECB-journee-2024.gif\" alt=\"\" class=\"wp-image-549\"\/><\/figure>\n<\/div>\n\n\n\n<div class=\"wp-block-column is-layout-flow wp-block-column-is-layout-flow\">\n<p>Chers membres et sympathisants<br>Notre club Eurasier f\u00eate cette ann\u00e9e son 20e anniversaire ! Nous remercions tous les membres et le conseil d&rsquo;administration pour leurs ann\u00e9es d&rsquo;engagement et de fid\u00e9lit\u00e9. <\/p>\n\n\n\n<p>Pour c\u00e9l\u00e9brer cet heureux \u00e9v\u00e9nement, nous organisons une agr\u00e9able promenade suivie d&rsquo;un BBQ le samedi 31 ao\u00fbt.<\/p>\n\n\n\n<p><\/p>\n<\/div>\n<\/div>\n\n\n\n<p><strong>Programme:<\/strong><br>13.45h: Rendez-vous de la promenade: Colonie7 Kapelstraat Merksplas, Parking \u00e0 Chapelle.<br>16.00h : Arriv\u00e9e au lieu du BBQ Chiro local: Bavelstraat 85 Rijkevorsel.<br>BBQ chaleureux avec diff\u00e9rentes sortes de viandes, salades et pain (pour l&rsquo;option v\u00e9g\u00e9tarienne veuillez le mentionner lors de l&rsquo;inscription).<br><strong>Co\u00fbt : <\/strong><br>Membres : \u20ac15 Enfants de moins de 12 ans gratuits<br>Non-membres : \u20ac25 Enfants de 6 \u00e0 12 ans \u20ac10<br>Inscription et paiement avant le 23 ao\u00fbt via \u00ab bestuur@eurasierclub.be \u00bb.<br><strong>Paiement:<\/strong> <br>ECB Eurasier club Belgium \u00ab BE61 7340 7570 9317 \u00bb (Veuillez indiquer le nom + le nombre de participants)<\/p>\n\n\n\n<p>Nous esp\u00e9rons vous accueillir nombreux pour faire de cette journ\u00e9e un moment inoubliable!<br>Mes salutations du conseil d&rsquo;administration<br><em>Aur\u00e9lie Corinne Nancy Erik<\/em><\/p>\n\n\n\n<p><strong>Informations compl\u00e9mentaires :<\/strong><br>La participation \u00e0 la marche est gratuite, mais il faut le mentionner lors de l&rsquo;inscription.<br>Le BBQ commence vers 16h30, nous fournissons de nombreuses boissons \u00e0 des prix d\u00e9mocratiques.<br>N&rsquo;oubliez pas la cr\u00e8me solaire, une casquette ou un v\u00eatement de pluie (si n\u00e9cessaire).<br>Nous nous r\u00e9jouissons ce c\u00e9l\u00e9brer le 20e anniversaire avec vous !<br>Les organisateurs et le club ne sont pas responsables des accidents.<br>P.S.: Et n&rsquo;oubliez pas d&rsquo;amener vos chiens.<\/p>\n","protected":false},"excerpt":{"rendered":"<p>Chers membres et sympathisantsNotre club Eurasier f\u00eate cette ann\u00e9e son 20e anniversaire ! Nous remercions tous les membres et le conseil d&rsquo;administration pour leurs ann\u00e9es d&rsquo;engagement et de fid\u00e9lit\u00e9. Pour c\u00e9l\u00e9brer cet heureux \u00e9v\u00e9nement, nous organisons une agr\u00e9able promenade suivie d&rsquo;un BBQ le samedi 31 ao\u00fbt. Programme:13.45h: Rendez-vous de la promenade: Colonie7 Kapelstraat Merksplas, Parking [&hellip;]<\/p>\n","protected":false},"author":1,"featured_media":0,"parent":0,"menu_order":0,"comment_status":"closed","ping_status":"closed","template":"","meta":{"footnotes":""},"class_list":["post-541","page","type-page","status-publish","hentry"],"yoast_head":"<!-- This site is optimized with the Yoast SEO plugin v27.0 - https:\/\/yoast.com\/product\/yoast-seo-wordpress\/ -->\n<title>31-08 - ECB 20th anniversary - Eurasier Club Belgium<\/title>\n<meta name=\"description\" content=\"eurasier club belgique belgie belgium\" \/>\n<meta name=\"robots\" content=\"index, follow, max-snippet:-1, max-image-preview:large, max-video-preview:-1\" \/>\n<link rel=\"canonical\" href=\"https:\/\/eurasierclub.be\/fr\/31-08-ecb-20th-anniversary\/\" \/>\n<meta property=\"og:locale\" content=\"fr_FR\" \/>\n<meta property=\"og:type\" content=\"article\" \/>\n<meta property=\"og:title\" content=\"31-08 - ECB 20th anniversary - Eurasier Club Belgium\" \/>\n<meta property=\"og:description\" content=\"eurasier club belgique belgie belgium\" \/>\n<meta property=\"og:url\" content=\"https:\/\/eurasierclub.be\/fr\/31-08-ecb-20th-anniversary\/\" \/>\n<meta property=\"og:site_name\" content=\"Eurasier Club Belgium\" \/>\n<meta property=\"article:publisher\" content=\"https:\/\/www.facebook.com\/EcbEurasierClubBelgie\" \/>\n<meta property=\"article:modified_time\" content=\"2024-07-30T19:27:02+00:00\" \/>\n<meta property=\"og:image\" content=\"https:\/\/eurasierclub.be\/wp-content\/uploads\/2024\/07\/ECB-journee-2024.gif\" \/>\n<meta name=\"twitter:card\" content=\"summary_large_image\" \/>\n<meta name=\"twitter:label1\" content=\"Dur\u00e9e de lecture est.\" \/>\n\t<meta name=\"twitter:data1\" content=\"2 minutes\" \/>\n<script type=\"application\/ld+json\" class=\"yoast-schema-graph\">{\"@context\":\"https:\/\/schema.org\",\"@graph\":[{\"@type\":\"WebPage\",\"@id\":\"https:\/\/eurasierclub.be\/31-08-ecb-20th-anniversary\/\",\"url\":\"https:\/\/eurasierclub.be\/31-08-ecb-20th-anniversary\/\",\"name\":\"31-08 - ECB 20th anniversary - Eurasier Club Belgium\",\"isPartOf\":{\"@id\":\"https:\/\/eurasierclub.be\/#website\"},\"primaryImageOfPage\":{\"@id\":\"https:\/\/eurasierclub.be\/31-08-ecb-20th-anniversary\/#primaryimage\"},\"image\":{\"@id\":\"https:\/\/eurasierclub.be\/31-08-ecb-20th-anniversary\/#primaryimage\"},\"thumbnailUrl\":\"https:\/\/eurasierclub.be\/wp-content\/uploads\/2024\/07\/ECB-journee-2024.gif\",\"datePublished\":\"2024-06-25T11:52:21+00:00\",\"dateModified\":\"2024-07-30T19:27:02+00:00\",\"description\":\"eurasier club belgique belgie belgium\",\"breadcrumb\":{\"@id\":\"https:\/\/eurasierclub.be\/31-08-ecb-20th-anniversary\/#breadcrumb\"},\"inLanguage\":\"fr-BE\",\"potentialAction\":[{\"@type\":\"ReadAction\",\"target\":[\"https:\/\/eurasierclub.be\/31-08-ecb-20th-anniversary\/\"]}]},{\"@type\":\"ImageObject\",\"inLanguage\":\"fr-BE\",\"@id\":\"https:\/\/eurasierclub.be\/31-08-ecb-20th-anniversary\/#primaryimage\",\"url\":\"https:\/\/eurasierclub.be\/wp-content\/uploads\/2024\/07\/ECB-journee-2024.gif\",\"contentUrl\":\"https:\/\/eurasierclub.be\/wp-content\/uploads\/2024\/07\/ECB-journee-2024.gif\"},{\"@type\":\"BreadcrumbList\",\"@id\":\"https:\/\/eurasierclub.be\/31-08-ecb-20th-anniversary\/#breadcrumb\",\"itemListElement\":[{\"@type\":\"ListItem\",\"position\":1,\"name\":\"Accueil\",\"item\":\"https:\/\/eurasierclub.be\/\"},{\"@type\":\"ListItem\",\"position\":2,\"name\":\"31-08 &#8211; ECB 20th anniversary\"}]},{\"@type\":\"WebSite\",\"@id\":\"https:\/\/eurasierclub.be\/#website\",\"url\":\"https:\/\/eurasierclub.be\/\",\"name\":\"Eurasier Club Belgium\",\"description\":\"Eurasier Club Belgium\",\"publisher\":{\"@id\":\"https:\/\/eurasierclub.be\/#organization\"},\"alternateName\":\"eurasier belgium\",\"potentialAction\":[{\"@type\":\"SearchAction\",\"target\":{\"@type\":\"EntryPoint\",\"urlTemplate\":\"https:\/\/eurasierclub.be\/?s={search_term_string}\"},\"query-input\":{\"@type\":\"PropertyValueSpecification\",\"valueRequired\":true,\"valueName\":\"search_term_string\"}}],\"inLanguage\":\"fr-BE\"},{\"@type\":\"Organization\",\"@id\":\"https:\/\/eurasierclub.be\/#organization\",\"name\":\"ECB\",\"alternateName\":\"Eurasier Club Belgium\",\"url\":\"https:\/\/eurasierclub.be\/\",\"logo\":{\"@type\":\"ImageObject\",\"inLanguage\":\"fr-BE\",\"@id\":\"https:\/\/eurasierclub.be\/#\/schema\/logo\/image\/\",\"url\":\"https:\/\/eurasierclub.be\/wp-content\/uploads\/2024\/04\/eurasier.jpg\",\"contentUrl\":\"https:\/\/eurasierclub.be\/wp-content\/uploads\/2024\/04\/eurasier.jpg\",\"width\":493,\"height\":444,\"caption\":\"ECB\"},\"image\":{\"@id\":\"https:\/\/eurasierclub.be\/#\/schema\/logo\/image\/\"},\"sameAs\":[\"https:\/\/www.facebook.com\/EcbEurasierClubBelgie\",\"https:\/\/www.instagram.com\/eurasierclubbelgium\/\"]}]}<\/script>\n<!-- \/ Yoast SEO plugin. -->","yoast_head_json":{"title":"31-08 - ECB 20th anniversary - Eurasier Club Belgium","description":"eurasier club belgique belgie belgium","robots":{"index":"index","follow":"follow","max-snippet":"max-snippet:-1","max-image-preview":"max-image-preview:large","max-video-preview":"max-video-preview:-1"},"canonical":"https:\/\/eurasierclub.be\/fr\/31-08-ecb-20th-anniversary\/","og_locale":"fr_FR","og_type":"article","og_title":"31-08 - ECB 20th anniversary - Eurasier Club Belgium","og_description":"eurasier club belgique belgie belgium","og_url":"https:\/\/eurasierclub.be\/fr\/31-08-ecb-20th-anniversary\/","og_site_name":"Eurasier Club Belgium","article_publisher":"https:\/\/www.facebook.com\/EcbEurasierClubBelgie","article_modified_time":"2024-07-30T19:27:02+00:00","og_image":[{"url":"https:\/\/eurasierclub.be\/wp-content\/uploads\/2024\/07\/ECB-journee-2024.gif","type":"","width":"","height":""}],"twitter_card":"summary_large_image","twitter_misc":{"Dur\u00e9e de lecture est.":"2 minutes"},"schema":{"@context":"https:\/\/schema.org","@graph":[{"@type":"WebPage","@id":"https:\/\/eurasierclub.be\/31-08-ecb-20th-anniversary\/","url":"https:\/\/eurasierclub.be\/31-08-ecb-20th-anniversary\/","name":"31-08 - ECB 20th anniversary - Eurasier Club Belgium","isPartOf":{"@id":"https:\/\/eurasierclub.be\/#website"},"primaryImageOfPage":{"@id":"https:\/\/eurasierclub.be\/31-08-ecb-20th-anniversary\/#primaryimage"},"image":{"@id":"https:\/\/eurasierclub.be\/31-08-ecb-20th-anniversary\/#primaryimage"},"thumbnailUrl":"https:\/\/eurasierclub.be\/wp-content\/uploads\/2024\/07\/ECB-journee-2024.gif","datePublished":"2024-06-25T11:52:21+00:00","dateModified":"2024-07-30T19:27:02+00:00","description":"eurasier club belgique belgie belgium","breadcrumb":{"@id":"https:\/\/eurasierclub.be\/31-08-ecb-20th-anniversary\/#breadcrumb"},"inLanguage":"fr-BE","potentialAction":[{"@type":"ReadAction","target":["https:\/\/eurasierclub.be\/31-08-ecb-20th-anniversary\/"]}]},{"@type":"ImageObject","inLanguage":"fr-BE","@id":"https:\/\/eurasierclub.be\/31-08-ecb-20th-anniversary\/#primaryimage","url":"https:\/\/eurasierclub.be\/wp-content\/uploads\/2024\/07\/ECB-journee-2024.gif","contentUrl":"https:\/\/eurasierclub.be\/wp-content\/uploads\/2024\/07\/ECB-journee-2024.gif"},{"@type":"BreadcrumbList","@id":"https:\/\/eurasierclub.be\/31-08-ecb-20th-anniversary\/#breadcrumb","itemListElement":[{"@type":"ListItem","position":1,"name":"Accueil","item":"https:\/\/eurasierclub.be\/"},{"@type":"ListItem","position":2,"name":"31-08 &#8211; ECB 20th anniversary"}]},{"@type":"WebSite","@id":"https:\/\/eurasierclub.be\/#website","url":"https:\/\/eurasierclub.be\/","name":"Eurasier Club Belgium","description":"Eurasier Club Belgium","publisher":{"@id":"https:\/\/eurasierclub.be\/#organization"},"alternateName":"eurasier belgium","potentialAction":[{"@type":"SearchAction","target":{"@type":"EntryPoint","urlTemplate":"https:\/\/eurasierclub.be\/?s={search_term_string}"},"query-input":{"@type":"PropertyValueSpecification","valueRequired":true,"valueName":"search_term_string"}}],"inLanguage":"fr-BE"},{"@type":"Organization","@id":"https:\/\/eurasierclub.be\/#organization","name":"ECB","alternateName":"Eurasier Club Belgium","url":"https:\/\/eurasierclub.be\/","logo":{"@type":"ImageObject","inLanguage":"fr-BE","@id":"https:\/\/eurasierclub.be\/#\/schema\/logo\/image\/","url":"https:\/\/eurasierclub.be\/wp-content\/uploads\/2024\/04\/eurasier.jpg","contentUrl":"https:\/\/eurasierclub.be\/wp-content\/uploads\/2024\/04\/eurasier.jpg","width":493,"height":444,"caption":"ECB"},"image":{"@id":"https:\/\/eurasierclub.be\/#\/schema\/logo\/image\/"},"sameAs":["https:\/\/www.facebook.com\/EcbEurasierClubBelgie","https:\/\/www.instagram.com\/eurasierclubbelgium\/"]}]}},"_links":{"self":[{"href":"https:\/\/eurasierclub.be\/fr\/wp-json\/wp\/v2\/pages\/541","targetHints":{"allow":["GET"]}}],"collection":[{"href":"https:\/\/eurasierclub.be\/fr\/wp-json\/wp\/v2\/pages"}],"about":[{"href":"https:\/\/eurasierclub.be\/fr\/wp-json\/wp\/v2\/types\/page"}],"author":[{"embeddable":true,"href":"https:\/\/eurasierclub.be\/fr\/wp-json\/wp\/v2\/users\/1"}],"replies":[{"embeddable":true,"href":"https:\/\/eurasierclub.be\/fr\/wp-json\/wp\/v2\/comments?post=541"}],"version-history":[{"count":7,"href":"https:\/\/eurasierclub.be\/fr\/wp-json\/wp\/v2\/pages\/541\/revisions"}],"predecessor-version":[{"id":565,"href":"https:\/\/eurasierclub.be\/fr\/wp-json\/wp\/v2\/pages\/541\/revisions\/565"}],"wp:attachment":[{"href":"https:\/\/eurasierclub.be\/fr\/wp-json\/wp\/v2\/media?parent=541"}],"curies":[{"name":"wp","href":"https:\/\/api.w.org\/{rel}","templated":true}]}}