{"id":653,"date":"2025-01-24T18:26:18","date_gmt":"2025-01-24T17:26:18","guid":{"rendered":"https:\/\/eurasierclub.be\/?page_id=653"},"modified":"2025-01-24T18:26:20","modified_gmt":"2025-01-24T17:26:20","slug":"declarer-la-maladie-de-votre-eurasier","status":"publish","type":"page","link":"https:\/\/eurasierclub.be\/fr\/declarer-la-maladie-de-votre-eurasier\/","title":{"rendered":"D\u00e9clarer la maladie de votre Eurasier"},"content":{"rendered":"\n<p>Parce que la sant\u00e9 est l&rsquo;affaire de tous, nous comptons sur vous tous, propri\u00e9taires, pour nous renseigner sur les maladies de votre Eurasier.<br>Il est primordial pour le bien \u00eatre et le futur de la race que nous partagions ces informations dans le but de faire perdurer notre race de la mani\u00e8re la plus saine possible.<br><em>Merci \u00e0 vous !<\/em><\/p>\n\n\n<style id=\"wpforms-css-vars-650-block-6a882686-d565-40b4-a976-4f75c9309755\">\n\t\t\t\t#wpforms-650.wpforms-block-6a882686-d565-40b4-a976-4f75c9309755 {\n\t\t\t\t--wpforms-field-size-input-height: 43px;\n--wpforms-field-size-input-spacing: 15px;\n--wpforms-field-size-font-size: 16px;\n--wpforms-field-size-line-height: 19px;\n--wpforms-field-size-padding-h: 14px;\n--wpforms-field-size-checkbox-size: 16px;\n--wpforms-field-size-sublabel-spacing: 5px;\n--wpforms-field-size-icon-size: 1;\n--wpforms-label-size-font-size: 16px;\n--wpforms-label-size-line-height: 19px;\n--wpforms-label-size-sublabel-font-size: 14px;\n--wpforms-label-size-sublabel-line-height: 17px;\n--wpforms-button-size-font-size: 17px;\n--wpforms-button-size-height: 41px;\n--wpforms-button-size-padding-h: 15px;\n--wpforms-button-size-margin-top: 10px;\n\t\t\t}\n\t\t\t<\/style><div class=\"wpforms-container wpforms-container-full wpforms-block wpforms-block-6a882686-d565-40b4-a976-4f75c9309755 wpforms-render-modern\" id=\"wpforms-650\"><form id=\"wpforms-form-650\" class=\"wpforms-validate wpforms-form wpforms-ajax-form\" data-formid=\"650\" method=\"post\" enctype=\"multipart\/form-data\" action=\"\/fr\/wp-json\/wp\/v2\/pages\/653\" data-token=\"fea66fc9e898484976f18e1d5556d4db\" data-token-time=\"1777761555\"><noscript class=\"wpforms-error-noscript\">Veuillez activer JavaScript dans votre navigateur pour remplir ce formulaire.<\/noscript><div id=\"wpforms-error-noscript\" style=\"display: none;\">Veuillez activer JavaScript dans votre navigateur pour remplir ce formulaire.<\/div><div class=\"wpforms-field-container\"><div id=\"wpforms-650-field_1-container\" class=\"wpforms-field wpforms-field-text\" data-field-id=\"1\"><label class=\"wpforms-field-label\" for=\"wpforms-650-field_1\">Nom complet de votre chien <span class=\"wpforms-required-label\" aria-hidden=\"true\">*<\/span><\/label><input type=\"text\" id=\"wpforms-650-field_1\" class=\"wpforms-field-medium wpforms-field-required\" name=\"wpforms[fields][1]\" aria-errormessage=\"wpforms-650-field_1-error\" aria-describedby=\"wpforms-650-field_1-description\" required><div id=\"wpforms-650-field_1-description\" class=\"wpforms-field-description\">Nom de pedigree du chien si vous le connaissez<\/div><\/div><div id=\"wpforms-650-field_2-container\" class=\"wpforms-field wpforms-field-text\" data-field-id=\"2\"><label class=\"wpforms-field-label\" for=\"wpforms-650-field_2\">Pays ou Club d&#039;origine<\/label><input type=\"text\" id=\"wpforms-650-field_2\" class=\"wpforms-field-medium\" name=\"wpforms[fields][2]\" aria-errormessage=\"wpforms-650-field_2-error\" ><\/div><div id=\"wpforms-650-field_3-container\" class=\"wpforms-field wpforms-field-radio\" data-field-id=\"3\"><fieldset><legend class=\"wpforms-field-label\">Probl\u00e8mes de sant\u00e9 <span class=\"wpforms-required-label\" aria-hidden=\"true\">*<\/span><\/legend><ul id=\"wpforms-650-field_3\" class=\"wpforms-field-required\"><li class=\"choice-1 depth-1\"><input type=\"radio\" id=\"wpforms-650-field_3_1\" name=\"wpforms[fields][3]\" value=\"Dysplasie des hanches\" aria-errormessage=\"wpforms-650-field_3_1-error\" required ><label class=\"wpforms-field-label-inline\" for=\"wpforms-650-field_3_1\">Dysplasie des hanches<\/label><\/li><li class=\"choice-2 depth-1\"><input type=\"radio\" id=\"wpforms-650-field_3_2\" name=\"wpforms[fields][3]\" value=\"Luxation de la rotule\" aria-errormessage=\"wpforms-650-field_3_2-error\" required ><label class=\"wpforms-field-label-inline\" for=\"wpforms-650-field_3_2\">Luxation de la rotule<\/label><\/li><li class=\"choice-3 depth-1\"><input type=\"radio\" id=\"wpforms-650-field_3_3\" name=\"wpforms[fields][3]\" value=\"Dysplasie du coude\" aria-errormessage=\"wpforms-650-field_3_3-error\" required ><label class=\"wpforms-field-label-inline\" for=\"wpforms-650-field_3_3\">Dysplasie du coude<\/label><\/li><li class=\"choice-7 depth-1\"><input type=\"radio\" id=\"wpforms-650-field_3_7\" name=\"wpforms[fields][3]\" value=\"Hypothyro\u00efdie\" aria-errormessage=\"wpforms-650-field_3_7-error\" required ><label class=\"wpforms-field-label-inline\" for=\"wpforms-650-field_3_7\">Hypothyro\u00efdie<\/label><\/li><li class=\"choice-4 depth-1\"><input type=\"radio\" id=\"wpforms-650-field_3_4\" name=\"wpforms[fields][3]\" value=\"Glaucome\" aria-errormessage=\"wpforms-650-field_3_4-error\" required ><label class=\"wpforms-field-label-inline\" for=\"wpforms-650-field_3_4\">Glaucome<\/label><\/li><li class=\"choice-8 depth-1\"><input type=\"radio\" id=\"wpforms-650-field_3_8\" name=\"wpforms[fields][3]\" value=\"Dandy Walker\" aria-errormessage=\"wpforms-650-field_3_8-error\" required ><label class=\"wpforms-field-label-inline\" for=\"wpforms-650-field_3_8\">Dandy Walker<\/label><\/li><li class=\"choice-5 depth-1\"><input type=\"radio\" id=\"wpforms-650-field_3_5\" name=\"wpforms[fields][3]\" value=\"Entropion \/ Ectropion\" aria-errormessage=\"wpforms-650-field_3_5-error\" required ><label class=\"wpforms-field-label-inline\" for=\"wpforms-650-field_3_5\">Entropion \/ Ectropion<\/label><\/li><li class=\"choice-6 depth-1\"><input type=\"radio\" id=\"wpforms-650-field_3_6\" name=\"wpforms[fields][3]\" value=\"Torsion de l&#039;estomac\" aria-errormessage=\"wpforms-650-field_3_6-error\" required ><label class=\"wpforms-field-label-inline\" for=\"wpforms-650-field_3_6\">Torsion de l&rsquo;estomac<\/label><\/li><li class=\"choice-9 depth-1\"><input type=\"radio\" id=\"wpforms-650-field_3_9\" name=\"wpforms[fields][3]\" value=\"Maladie inflamatoire Chronique de l&#039;intestin (MICI)\" aria-errormessage=\"wpforms-650-field_3_9-error\" required ><label class=\"wpforms-field-label-inline\" for=\"wpforms-650-field_3_9\">Maladie inflamatoire Chronique de l&rsquo;intestin (MICI)<\/label><\/li><li class=\"choice-10 depth-1\"><input type=\"radio\" id=\"wpforms-650-field_3_10\" name=\"wpforms[fields][3]\" value=\"Insuffiance Pancr\u00e9atique Exocrine (IPE)\" aria-errormessage=\"wpforms-650-field_3_10-error\" required ><label class=\"wpforms-field-label-inline\" for=\"wpforms-650-field_3_10\">Insuffiance Pancr\u00e9atique Exocrine (IPE)<\/label><\/li><li class=\"choice-11 depth-1\"><input type=\"radio\" id=\"wpforms-650-field_3_11\" name=\"wpforms[fields][3]\" value=\"Maladie d&#039;Addison\" aria-errormessage=\"wpforms-650-field_3_11-error\" required ><label class=\"wpforms-field-label-inline\" for=\"wpforms-650-field_3_11\">Maladie d&rsquo;Addison<\/label><\/li><li class=\"choice-12 depth-1\"><input type=\"radio\" id=\"wpforms-650-field_3_12\" name=\"wpforms[fields][3]\" value=\"Hypercholest\u00e9rol\u00e9mie\" aria-errormessage=\"wpforms-650-field_3_12-error\" required ><label class=\"wpforms-field-label-inline\" for=\"wpforms-650-field_3_12\">Hypercholest\u00e9rol\u00e9mie<\/label><\/li><li class=\"choice-13 depth-1\"><input type=\"radio\" id=\"wpforms-650-field_3_13\" name=\"wpforms[fields][3]\" value=\"Dyskin\u00e9sie Cillaire Primaire (DCP)\" aria-errormessage=\"wpforms-650-field_3_13-error\" required ><label class=\"wpforms-field-label-inline\" for=\"wpforms-650-field_3_13\">Dyskin\u00e9sie Cillaire Primaire (DCP)<\/label><\/li><\/ul><\/fieldset><\/div>\t\t<div id=\"wpforms-650-field_6-container\"\n\t\t\tclass=\"wpforms-field wpforms-field-text\"\n\t\t\tdata-field-type=\"text\"\n\t\t\tdata-field-id=\"6\"\n\t\t\t>\n\t\t\t<label class=\"wpforms-field-label\" for=\"wpforms-650-field_6\" >chien de de<\/label>\n\t\t\t<input type=\"text\" id=\"wpforms-650-field_6\" class=\"wpforms-field-medium\" name=\"wpforms[fields][6]\" >\n\t\t<\/div>\n\t\t<div id=\"wpforms-650-field_4-container\" class=\"wpforms-field wpforms-field-name\" data-field-id=\"4\"><fieldset><legend class=\"wpforms-field-label\">Nom <span class=\"wpforms-required-label\" aria-hidden=\"true\">*<\/span><\/legend><div class=\"wpforms-field-row wpforms-field-medium\"><div class=\"wpforms-field-row-block wpforms-first wpforms-one-half\"><input type=\"text\" id=\"wpforms-650-field_4\" class=\"wpforms-field-name-first wpforms-field-required\" name=\"wpforms[fields][4][first]\" aria-errormessage=\"wpforms-650-field_4-error\" required><label for=\"wpforms-650-field_4\" class=\"wpforms-field-sublabel after\">Pr\u00e9nom<\/label><\/div><div class=\"wpforms-field-row-block wpforms-one-half\"><input type=\"text\" id=\"wpforms-650-field_4-last\" class=\"wpforms-field-name-last wpforms-field-required\" name=\"wpforms[fields][4][last]\" aria-errormessage=\"wpforms-650-field_4-last-error\" required><label for=\"wpforms-650-field_4-last\" class=\"wpforms-field-sublabel after\">Nom<\/label><\/div><\/div><\/fieldset><\/div><div id=\"wpforms-650-field_5-container\" class=\"wpforms-field wpforms-field-email\" data-field-id=\"5\"><label class=\"wpforms-field-label\" for=\"wpforms-650-field_5\">E-mail <span class=\"wpforms-required-label\" aria-hidden=\"true\">*<\/span><\/label><input type=\"email\" id=\"wpforms-650-field_5\" class=\"wpforms-field-medium wpforms-field-required\" name=\"wpforms[fields][5]\" spellcheck=\"false\" aria-errormessage=\"wpforms-650-field_5-error\" required><\/div><div id=\"wpforms-650-field_8-container\" class=\"wpforms-field wpforms-field-checkbox\" data-field-id=\"8\"><fieldset><legend class=\"wpforms-field-label\">Partage de donn\u00e9es <span class=\"wpforms-required-label\" aria-hidden=\"true\">*<\/span><\/legend><ul id=\"wpforms-650-field_8\" class=\"wpforms-field-required\"><li class=\"choice-1 depth-1\"><input type=\"checkbox\" id=\"wpforms-650-field_8_1\" name=\"wpforms[fields][8][]\" value=\"J&#039;accepte que ces donn\u00e9es soient ajout\u00e9es \u00e0 la base de donn\u00e9es de l&#039;IFEZ et soient utilis\u00e9es pour am\u00e9liorer notre connaissance de l&#039;Eurasier et la sant\u00e9 de la race\" aria-errormessage=\"wpforms-650-field_8_1-error\" required ><label class=\"wpforms-field-label-inline\" for=\"wpforms-650-field_8_1\">J&rsquo;accepte que ces donn\u00e9es soient ajout\u00e9es \u00e0 la base de donn\u00e9es de l&rsquo;IFEZ et soient utilis\u00e9es pour am\u00e9liorer notre connaissance de l&rsquo;Eurasier et la sant\u00e9 de la race<\/label><\/li><\/ul><\/fieldset><\/div><script>\n\t\t\t\t( function() {\n\t\t\t\t\tconst style = document.createElement( 'style' );\n\t\t\t\t\tstyle.appendChild( document.createTextNode( '#wpforms-650-field_6-container { position: absolute !important; overflow: hidden !important; display: inline !important; height: 1px !important; width: 1px !important; z-index: -1000 !important; padding: 0 !important; } #wpforms-650-field_6-container input { visibility: hidden; } #wpforms-conversational-form-page #wpforms-650-field_6-container label { counter-increment: none; }' ) );\n\t\t\t\t\tdocument.head.appendChild( style );\n\t\t\t\t\tdocument.currentScript?.remove();\n\t\t\t\t} )();\n\t\t\t<\/script><\/div><!-- .wpforms-field-container --><div class=\"wpforms-submit-container\" ><input type=\"hidden\" name=\"wpforms[id]\" value=\"650\"><input type=\"hidden\" name=\"page_title\" value=\"\"><input type=\"hidden\" name=\"page_url\" value=\"https:\/\/eurasierclub.be\/fr\/wp-json\/wp\/v2\/pages\/653\"><input type=\"hidden\" name=\"url_referer\" value=\"\"><button type=\"submit\" name=\"wpforms[submit]\" id=\"wpforms-submit-650\" class=\"wpforms-submit\" data-alt-text=\"Envoi...\" data-submit-text=\"Envoyer\" aria-live=\"assertive\" value=\"wpforms-submit\">Envoyer<\/button><img loading=\"lazy\" decoding=\"async\" src=\"https:\/\/eurasierclub.be\/wp-content\/plugins\/wpforms-lite\/assets\/images\/submit-spin.svg\" class=\"wpforms-submit-spinner\" style=\"display: none;\" width=\"26\" height=\"26\" alt=\"Chargement en cours\"><\/div><\/form><\/div>  <!-- .wpforms-container -->","protected":false},"excerpt":{"rendered":"<p>Parce que la sant\u00e9 est l&rsquo;affaire de tous, nous comptons sur vous tous, propri\u00e9taires, pour nous renseigner sur les maladies de votre Eurasier.Il est primordial pour le bien \u00eatre et le futur de la race que nous partagions ces informations dans le but de faire perdurer notre race de la mani\u00e8re la plus saine possible.Merci [&hellip;]<\/p>\n","protected":false},"author":1,"featured_media":0,"parent":0,"menu_order":0,"comment_status":"closed","ping_status":"closed","template":"","meta":{"footnotes":""},"class_list":["post-653","page","type-page","status-publish","hentry"],"yoast_head":"<!-- This site is optimized with the Yoast SEO plugin v27.0 - https:\/\/yoast.com\/product\/yoast-seo-wordpress\/ -->\n<title>D\u00e9clarer la maladie de votre Eurasier - Eurasier Club Belgium<\/title>\n<meta name=\"description\" content=\"Ici, vous pouvez d\u00e9clarer la maladie de votre Eurasier aupr\u00e8s de notre club - Hier kun je de ziekte van je Eurasier melden bij onze club\" \/>\n<meta name=\"robots\" content=\"index, follow, max-snippet:-1, max-image-preview:large, max-video-preview:-1\" \/>\n<link rel=\"canonical\" href=\"https:\/\/eurasierclub.be\/fr\/declarer-la-maladie-de-votre-eurasier\/\" \/>\n<meta property=\"og:locale\" content=\"fr_FR\" \/>\n<meta property=\"og:type\" content=\"article\" \/>\n<meta property=\"og:title\" content=\"D\u00e9clarer la maladie de votre Eurasier - Eurasier Club Belgium\" \/>\n<meta property=\"og:description\" content=\"Ici, vous pouvez d\u00e9clarer la maladie de votre Eurasier aupr\u00e8s de notre club - Hier kun je de ziekte van je Eurasier melden bij onze club\" \/>\n<meta property=\"og:url\" content=\"https:\/\/eurasierclub.be\/fr\/declarer-la-maladie-de-votre-eurasier\/\" \/>\n<meta property=\"og:site_name\" content=\"Eurasier Club Belgium\" \/>\n<meta property=\"article:publisher\" content=\"https:\/\/www.facebook.com\/EcbEurasierClubBelgie\" \/>\n<meta property=\"article:modified_time\" content=\"2025-01-24T17:26:20+00:00\" \/>\n<meta name=\"twitter:card\" content=\"summary_large_image\" \/>\n<meta name=\"twitter:label1\" content=\"Dur\u00e9e de lecture est.\" \/>\n\t<meta name=\"twitter:data1\" content=\"1 minute\" \/>\n<script type=\"application\/ld+json\" class=\"yoast-schema-graph\">{\"@context\":\"https:\/\/schema.org\",\"@graph\":[{\"@type\":\"WebPage\",\"@id\":\"https:\/\/eurasierclub.be\/declarer-la-maladie-de-votre-eurasier\/\",\"url\":\"https:\/\/eurasierclub.be\/declarer-la-maladie-de-votre-eurasier\/\",\"name\":\"D\u00e9clarer la maladie de votre Eurasier - Eurasier Club Belgium\",\"isPartOf\":{\"@id\":\"https:\/\/eurasierclub.be\/#website\"},\"datePublished\":\"2025-01-24T17:26:18+00:00\",\"dateModified\":\"2025-01-24T17:26:20+00:00\",\"description\":\"Ici, vous pouvez d\u00e9clarer la maladie de votre Eurasier aupr\u00e8s de notre club - Hier kun je de ziekte van je Eurasier melden bij onze club\",\"breadcrumb\":{\"@id\":\"https:\/\/eurasierclub.be\/declarer-la-maladie-de-votre-eurasier\/#breadcrumb\"},\"inLanguage\":\"fr-BE\",\"potentialAction\":[{\"@type\":\"ReadAction\",\"target\":[\"https:\/\/eurasierclub.be\/declarer-la-maladie-de-votre-eurasier\/\"]}]},{\"@type\":\"BreadcrumbList\",\"@id\":\"https:\/\/eurasierclub.be\/declarer-la-maladie-de-votre-eurasier\/#breadcrumb\",\"itemListElement\":[{\"@type\":\"ListItem\",\"position\":1,\"name\":\"Accueil\",\"item\":\"https:\/\/eurasierclub.be\/\"},{\"@type\":\"ListItem\",\"position\":2,\"name\":\"D\u00e9clarer la maladie de votre Eurasier\"}]},{\"@type\":\"WebSite\",\"@id\":\"https:\/\/eurasierclub.be\/#website\",\"url\":\"https:\/\/eurasierclub.be\/\",\"name\":\"Eurasier Club Belgium\",\"description\":\"Eurasier Club Belgium\",\"publisher\":{\"@id\":\"https:\/\/eurasierclub.be\/#organization\"},\"alternateName\":\"eurasier belgium\",\"potentialAction\":[{\"@type\":\"SearchAction\",\"target\":{\"@type\":\"EntryPoint\",\"urlTemplate\":\"https:\/\/eurasierclub.be\/?s={search_term_string}\"},\"query-input\":{\"@type\":\"PropertyValueSpecification\",\"valueRequired\":true,\"valueName\":\"search_term_string\"}}],\"inLanguage\":\"fr-BE\"},{\"@type\":\"Organization\",\"@id\":\"https:\/\/eurasierclub.be\/#organization\",\"name\":\"ECB\",\"alternateName\":\"Eurasier Club Belgium\",\"url\":\"https:\/\/eurasierclub.be\/\",\"logo\":{\"@type\":\"ImageObject\",\"inLanguage\":\"fr-BE\",\"@id\":\"https:\/\/eurasierclub.be\/#\/schema\/logo\/image\/\",\"url\":\"https:\/\/eurasierclub.be\/wp-content\/uploads\/2024\/04\/eurasier.jpg\",\"contentUrl\":\"https:\/\/eurasierclub.be\/wp-content\/uploads\/2024\/04\/eurasier.jpg\",\"width\":493,\"height\":444,\"caption\":\"ECB\"},\"image\":{\"@id\":\"https:\/\/eurasierclub.be\/#\/schema\/logo\/image\/\"},\"sameAs\":[\"https:\/\/www.facebook.com\/EcbEurasierClubBelgie\",\"https:\/\/www.instagram.com\/eurasierclubbelgium\/\"]}]}<\/script>\n<!-- \/ Yoast SEO plugin. -->","yoast_head_json":{"title":"D\u00e9clarer la maladie de votre Eurasier - Eurasier Club Belgium","description":"Ici, vous pouvez d\u00e9clarer la maladie de votre Eurasier aupr\u00e8s de notre club - Hier kun je de ziekte van je Eurasier melden bij onze club","robots":{"index":"index","follow":"follow","max-snippet":"max-snippet:-1","max-image-preview":"max-image-preview:large","max-video-preview":"max-video-preview:-1"},"canonical":"https:\/\/eurasierclub.be\/fr\/declarer-la-maladie-de-votre-eurasier\/","og_locale":"fr_FR","og_type":"article","og_title":"D\u00e9clarer la maladie de votre Eurasier - Eurasier Club Belgium","og_description":"Ici, vous pouvez d\u00e9clarer la maladie de votre Eurasier aupr\u00e8s de notre club - Hier kun je de ziekte van je Eurasier melden bij onze club","og_url":"https:\/\/eurasierclub.be\/fr\/declarer-la-maladie-de-votre-eurasier\/","og_site_name":"Eurasier Club Belgium","article_publisher":"https:\/\/www.facebook.com\/EcbEurasierClubBelgie","article_modified_time":"2025-01-24T17:26:20+00:00","twitter_card":"summary_large_image","twitter_misc":{"Dur\u00e9e de lecture est.":"1 minute"},"schema":{"@context":"https:\/\/schema.org","@graph":[{"@type":"WebPage","@id":"https:\/\/eurasierclub.be\/declarer-la-maladie-de-votre-eurasier\/","url":"https:\/\/eurasierclub.be\/declarer-la-maladie-de-votre-eurasier\/","name":"D\u00e9clarer la maladie de votre Eurasier - Eurasier Club Belgium","isPartOf":{"@id":"https:\/\/eurasierclub.be\/#website"},"datePublished":"2025-01-24T17:26:18+00:00","dateModified":"2025-01-24T17:26:20+00:00","description":"Ici, vous pouvez d\u00e9clarer la maladie de votre Eurasier aupr\u00e8s de notre club - Hier kun je de ziekte van je Eurasier melden bij onze club","breadcrumb":{"@id":"https:\/\/eurasierclub.be\/declarer-la-maladie-de-votre-eurasier\/#breadcrumb"},"inLanguage":"fr-BE","potentialAction":[{"@type":"ReadAction","target":["https:\/\/eurasierclub.be\/declarer-la-maladie-de-votre-eurasier\/"]}]},{"@type":"BreadcrumbList","@id":"https:\/\/eurasierclub.be\/declarer-la-maladie-de-votre-eurasier\/#breadcrumb","itemListElement":[{"@type":"ListItem","position":1,"name":"Accueil","item":"https:\/\/eurasierclub.be\/"},{"@type":"ListItem","position":2,"name":"D\u00e9clarer la maladie de votre Eurasier"}]},{"@type":"WebSite","@id":"https:\/\/eurasierclub.be\/#website","url":"https:\/\/eurasierclub.be\/","name":"Eurasier Club Belgium","description":"Eurasier Club Belgium","publisher":{"@id":"https:\/\/eurasierclub.be\/#organization"},"alternateName":"eurasier belgium","potentialAction":[{"@type":"SearchAction","target":{"@type":"EntryPoint","urlTemplate":"https:\/\/eurasierclub.be\/?s={search_term_string}"},"query-input":{"@type":"PropertyValueSpecification","valueRequired":true,"valueName":"search_term_string"}}],"inLanguage":"fr-BE"},{"@type":"Organization","@id":"https:\/\/eurasierclub.be\/#organization","name":"ECB","alternateName":"Eurasier Club Belgium","url":"https:\/\/eurasierclub.be\/","logo":{"@type":"ImageObject","inLanguage":"fr-BE","@id":"https:\/\/eurasierclub.be\/#\/schema\/logo\/image\/","url":"https:\/\/eurasierclub.be\/wp-content\/uploads\/2024\/04\/eurasier.jpg","contentUrl":"https:\/\/eurasierclub.be\/wp-content\/uploads\/2024\/04\/eurasier.jpg","width":493,"height":444,"caption":"ECB"},"image":{"@id":"https:\/\/eurasierclub.be\/#\/schema\/logo\/image\/"},"sameAs":["https:\/\/www.facebook.com\/EcbEurasierClubBelgie","https:\/\/www.instagram.com\/eurasierclubbelgium\/"]}]}},"_links":{"self":[{"href":"https:\/\/eurasierclub.be\/fr\/wp-json\/wp\/v2\/pages\/653","targetHints":{"allow":["GET"]}}],"collection":[{"href":"https:\/\/eurasierclub.be\/fr\/wp-json\/wp\/v2\/pages"}],"about":[{"href":"https:\/\/eurasierclub.be\/fr\/wp-json\/wp\/v2\/types\/page"}],"author":[{"embeddable":true,"href":"https:\/\/eurasierclub.be\/fr\/wp-json\/wp\/v2\/users\/1"}],"replies":[{"embeddable":true,"href":"https:\/\/eurasierclub.be\/fr\/wp-json\/wp\/v2\/comments?post=653"}],"version-history":[{"count":1,"href":"https:\/\/eurasierclub.be\/fr\/wp-json\/wp\/v2\/pages\/653\/revisions"}],"predecessor-version":[{"id":654,"href":"https:\/\/eurasierclub.be\/fr\/wp-json\/wp\/v2\/pages\/653\/revisions\/654"}],"wp:attachment":[{"href":"https:\/\/eurasierclub.be\/fr\/wp-json\/wp\/v2\/media?parent=653"}],"curies":[{"name":"wp","href":"https:\/\/api.w.org\/{rel}","templated":true}]}}