{"id":659,"date":"2025-01-27T12:11:19","date_gmt":"2025-01-27T11:11:19","guid":{"rendered":"https:\/\/eurasierclub.be\/?page_id=659"},"modified":"2025-02-18T13:35:47","modified_gmt":"2025-02-18T12:35:47","slug":"tests-de-sante-demandes","status":"publish","type":"page","link":"https:\/\/eurasierclub.be\/fr\/tests-de-sante-demandes\/","title":{"rendered":"Tests de sant\u00e9 demand\u00e9s"},"content":{"rendered":"\n<p>L&rsquo;Eurasier est un chien relativement robuste. Cependant il convient de prendre des pr\u00e9cautions pour limiter certaines maladies inh\u00e9rentes \u00e0 la race.<br>D&rsquo;autres maladies existent dans notre race sans tests g\u00e9n\u00e9tiques disponibles. Plus d\u2019informations sur ces maladies sont disponibles <a href=\"https:\/\/eurasierclub.be\/declarer-la-maladie-de-votre-eurasier\/\">ici<\/a>.<br>Voici la liste des tests de sant\u00e9 requis pour reproduire au sein de notre club de race.<\/p>\n\n\n\n<h2 class=\"wp-block-heading\">Dysplasie des hanches (HD)<\/h2>\n\n\n\n<ul class=\"wp-block-list\">\n<li>Pour tester les hanches de votre chien, un v\u00e9t\u00e9rinaire comp\u00e9tent doit r\u00e9aliser des radiographies et les envoyer \u00e0 un organisme reconnu par la SRSH\/FCI pour lecture. En Belgique, le v\u00e9t\u00e9rinaire envoie g\u00e9n\u00e9ralement les radiographies \u00e0 la Saint Hubert. Cet examen ne peut avoir lieu qu\u2019\u00e0 partir du jour o\u00f9 le chien a 18 mois.<\/li>\n\n\n\n<li>Entre les chiens ayant les notations FCI HD\u2010A et HD\u2010B, toute combinaison de parents peut \u00eatre form\u00e9e.<\/li>\n\n\n\n<li>Les chiens avec un r\u00e9sultat HD\u2010C ou HD\u2010D ou HD\u2010E ne peuvent pas \u00eatre utilis\u00e9s pour la reproduction.<\/li>\n\n\n\n<li>En cas d\u2019utilisation de m\u00e2les enregistr\u00e9s \u00e0 l\u2019\u00e9tranger, les r\u00e8gles ci\u2010dessus s\u2019appliquent.<\/li>\n<\/ul>\n\n\n\n<h2 class=\"wp-block-heading\">Luxation patellaire (PL)<\/h2>\n\n\n\n<ul class=\"wp-block-list\">\n<li>Les \u00e9leveurs doivent faire examiner leurs chiens pour la luxation patellaire. Le v\u00e9t\u00e9rinaire r\u00e9alise cet examen par manipulation, \u00e0 partir du jour o\u00f9 le chien a 18 mois.<\/li>\n\n\n\n<li>Les \u00e9leveurs ne peuvent pas utiliser pour la reproduction des chiens atteints de luxation de la rotule ou op\u00e9r\u00e9s dans le pass\u00e9.<\/li>\n\n\n\n<li>En cas d\u2019utilisation de m\u00e2les enregistr\u00e9s \u00e0 l\u2019\u00e9tranger, les r\u00e8gles ci\u2010dessus s\u2019appliquent.<\/li>\n<\/ul>\n\n\n\n<h2 class=\"wp-block-heading\">Yeux (ECVO)<\/h2>\n\n\n\n<ul class=\"wp-block-list\">\n<li>Les \u00e9leveurs doivent faire examiner leurs chiens par un ophtalmologiste certifi\u00e9 ECVO. L&rsquo;objectif est de pr\u00e9venir les anomalies oculaires h\u00e9r\u00e9ditaires, les anomalies des paupi\u00e8res et la goniodysplasie.<\/li>\n\n\n\n<li>Cet examen ne peut avoir lieu que du jour o\u00f9 le chien a 18 mois.<\/li>\n\n\n\n<li>L&rsquo;\u00e9leveur peut former toute combinaison entre deux chiens ne pr\u00e9sentant aucune anomalie oculaire.<\/li>\n\n\n\n<li>L&rsquo;\u00e9leveur ne peut unir deux chiens souffrant d\u2019une forme l\u00e9g\u00e8re de distichiasis qu\u2019avec des chiens exempts de cette anomalie.<\/li>\n\n\n\n<li>L&rsquo;\u00e9leveur ne peut unir les chiens souffrant d\u2019une forme l\u00e9g\u00e8re de goniodysplasie qu\u2019avec des chiens exempts de cette anomalie.<\/li>\n\n\n\n<li>L&rsquo;\u00e9leveur doit exclure de la reproduction les chiens qui ne sont pas exempts des autres troubles oculaires examin\u00e9s.<\/li>\n\n\n\n<li>En cas d\u2019utilisation de m\u00e2les enregistr\u00e9s \u00e0 l\u2019\u00e9tranger, les r\u00e8gles ci\u2010dessus s\u2019appliquent.<\/li>\n<\/ul>\n\n\n\n<p>Vous pouvez retrouver la liste des practiciens ECVO sur <a href=\"https:\/\/belgianecvopanel.be\/francais\">cette page<\/a><\/p>\n\n\n\n<h2 class=\"wp-block-heading\">Dandy Walker<\/h2>\n\n\n\n<div class=\"wp-block-columns is-layout-flex wp-container-core-columns-is-layout-28f84493 wp-block-columns-is-layout-flex\">\n<div class=\"wp-block-column is-layout-flow wp-block-column-is-layout-flow\">\n<p>Les \u00e9leveurs doivent faire examiner leurs chiens reproducteurs et\/ou les parents pour pr\u00e9venir le syndrome h\u00e9r\u00e9ditaire du Dandy Walker. Votre v\u00e9t\u00e9rinaire r\u00e9alise un pr\u00e9l\u00e8vement de salive et l&rsquo;envoi ensuite \u00e0 un laboratoire.<\/p>\n\n\n\n<p>Ce test g\u00e9n\u00e9tique nous permet de d\u00e9terminer si l\u2019animal parent est porteur ou non du g\u00e8ne r\u00e9cessif de Dandy Walker. On dit que le g\u00e8ne est r\u00e9cessif car un individu porteur ne sera pas atteint. Lorsqu&rsquo;un g\u00e8ne est dominant, l&rsquo;individu porteur est \u00e9galement atteint.<\/p>\n\n\n\n<p>Ce test permet donc de d\u00e9terminer si le chien est un individu \u00abporteur\u00bb qui peut transmettre la maladie \u00e0 sa descendance. <br>Si la mutation du g\u00e8ne n\u2019est pas pr\u00e9sent, l\u2019animal est dit \u00ab\u00a0libre\u00a0\u00bb. <br>L&rsquo;\u00e9leveur doit exclure les chiens atteint de Dandy Walker de la reproduction. <br><\/p>\n<\/div>\n\n\n\n<div class=\"wp-block-column is-layout-flow wp-block-column-is-layout-flow\">\n<figure class=\"wp-block-image size-large\"><img loading=\"lazy\" decoding=\"async\" width=\"1024\" height=\"1024\" src=\"https:\/\/eurasierclub.be\/wp-content\/uploads\/2025\/01\/Votre-texte-de-paragraphe-1024x1024.png\" alt=\"\" class=\"wp-image-660\" srcset=\"https:\/\/eurasierclub.be\/wp-content\/uploads\/2025\/01\/Votre-texte-de-paragraphe-1024x1024.png 1024w, https:\/\/eurasierclub.be\/wp-content\/uploads\/2025\/01\/Votre-texte-de-paragraphe-300x300.png 300w, https:\/\/eurasierclub.be\/wp-content\/uploads\/2025\/01\/Votre-texte-de-paragraphe-150x150.png 150w, https:\/\/eurasierclub.be\/wp-content\/uploads\/2025\/01\/Votre-texte-de-paragraphe-768x768.png 768w, https:\/\/eurasierclub.be\/wp-content\/uploads\/2025\/01\/Votre-texte-de-paragraphe-12x12.png 12w, https:\/\/eurasierclub.be\/wp-content\/uploads\/2025\/01\/Votre-texte-de-paragraphe.png 1080w\" sizes=\"auto, (max-width: 1024px) 100vw, 1024px\" \/><figcaption class=\"wp-element-caption\">Mode de transmission du Dandy Walker<\/figcaption><\/figure>\n\n\n\n<p>Les chiens \u201cporteurs\u201d du syndrome du Dandy Walker peuvent reproduire uniquement avec un chien exempt et sous condition au sein du club. Le but n&rsquo;\u00e9tant pas de restreindre de trop le pool g\u00e9n\u00e9tique de l&rsquo;Eurasier, un chien porteur peut reproduire de mani\u00e8re contr\u00f4l\u00e9e.<\/p>\n<\/div>\n<\/div>\n\n\n\n<h2 class=\"wp-block-heading\">Thyro\u00efde<\/h2>\n\n\n\n<ul class=\"wp-block-list\">\n<li>L&rsquo;\u00e9leveur doit r\u00e9guli\u00e8rement tester la thyro\u00efde de ses chiens pour pr\u00e9venir une hypothyro\u00efdie auto-immune.<\/li>\n\n\n\n<li>Cet examen ne peut avoir lieu que du jour o\u00f9 le chien en question a 18 mois. Il est \u00e9galement \u00e0 refaire avant chaque port\u00e9e.<\/li>\n\n\n\n<li>Le v\u00e9t\u00e9rinaire pr\u00e9l\u00e8ve un \u00e9chantillon de sang et l\u2019envoie ensuite au laboratoire. Vous devez tester les valeurs\u00a0de <strong>TGAA <\/strong>(anticorps anti-thyroglobuline)<strong>, T4 libre et TSH<\/strong>.<\/li>\n\n\n\n<li><strong>Les r\u00e9sultats de l\u2019examen thyro\u00efdien ne peuvent \u00eatre ant\u00e9rieurs \u00e0 1 an au moment de la couverture. Chez les chiens \u00e2g\u00e9s de plus de 5 ans,<\/strong> ce test<strong> ne peut dater de plus de 2 ans au moment de la couverture.<\/strong><\/li>\n\n\n\n<li>L&rsquo;\u00e9leveur doit retirer les chiens pour lesquels le r\u00e9sultat des\u00a0<strong>TGAA\u00a0<\/strong>est positif de la reproduction. Les valeurs restantes, la T4 totale et la TSH, doivent se situer dans les valeurs de r\u00e9f\u00e9rence recommand\u00e9es par le laboratoire concern\u00e9.<\/li>\n<\/ul>\n\n\n\n<p><\/p>\n\n\n\n<h2 class=\"wp-block-heading\">ADN et filiation<\/h2>\n\n\n\n<p>Les \u00e9leveurs doivent faire passer un test ADN aux chiots ainsi qu\u2019aux parents pour assurer que les chiots sont bien issus des parents d\u00e9clar\u00e9s aupr\u00e8s de la SRSH.<br>Cela est \u00e9galement valable lorsque le male utilis\u00e9 est \u00e9tranger.<\/p>\n\n\n\n<h2 class=\"wp-block-heading\">Tests de sant\u00e9 et caution<\/h2>\n\n\n\n<p>Si vous souhaitez adopter par notre club, l&rsquo;ECB vous demandera une caution de 300 \u20ac. Vous r\u00e9cup\u00e8rerez cette caution une fois que vous aurez r\u00e9alis\u00e9 les tests de sant\u00e9 demand\u00e9s, dans les 4 premi\u00e8res ann\u00e9es de la vie de votre chiot.<\/p>\n\n\n\n<p><em>Mais pourquoi faire les tests de sant\u00e9 si je ne veux pas qu&rsquo;il reproduise ?<\/em><br>Certes, vous ne souhaitez pas reproduire avec votre chien, et vous pouvez donc vous demander quel est l\u2019int\u00e9r\u00eat de faire les tests de sant\u00e9 avec votre chien. <br>Ces tests de sant\u00e9 ne sont pas demand\u00e9s pour rien, vous vous en doutez ! L\u2019int\u00e9r\u00eat est le bien \u00eatre et la sant\u00e9 globale de la race. <br>Notre but est d\u2019avoir une vision la plus pr\u00e9cise possible de l\u2019\u00e9volution de la sant\u00e9 de notre race. Nous souhaitons continuer \u00e0 reproduire avec des chiens sains, mais \u00e9galement des chiens qui ne transmettent pas de tares \u00e0 leur descendance. <br>Cela n\u2019est possible que si nous avons le plus de donn\u00e9es possibles ! <br>Il est important pour la commission d\u2019\u00e9levage de v\u00e9rifier que les chiots issus des mariages sont en bonne sant\u00e9 et que les tests sont bons.<\/p>\n\n\n\n<p><em>Si vous ne le faites pas dans l\u2019optique de reproduire, vous le faites dans l\u2019optique d\u2019aider \u00e0 la conservation et au bien-\u00eatre de la race.<\/em><\/p>\n\n\n\n<p>Vous pouvez retrouver des informations sur les chiens reproducteurs de l&rsquo;ECB sur la page<\/p>\n\n\n\n<p><\/p>\n","protected":false},"excerpt":{"rendered":"<p>L&rsquo;Eurasier est un chien relativement robuste. Cependant il convient de prendre des pr\u00e9cautions pour limiter certaines maladies inh\u00e9rentes \u00e0 la race.D&rsquo;autres maladies existent dans notre race sans tests g\u00e9n\u00e9tiques disponibles. Plus d\u2019informations sur ces maladies sont disponibles ici.Voici la liste des tests de sant\u00e9 requis pour reproduire au sein de notre club de race. Dysplasie [&hellip;]<\/p>\n","protected":false},"author":1,"featured_media":0,"parent":0,"menu_order":0,"comment_status":"closed","ping_status":"closed","template":"","meta":{"footnotes":""},"class_list":["post-659","page","type-page","status-publish","hentry"],"yoast_head":"<!-- This site is optimized with the Yoast SEO plugin v27.0 - https:\/\/yoast.com\/product\/yoast-seo-wordpress\/ -->\n<title>Tests de sant\u00e9 demand\u00e9s<\/title>\n<meta name=\"description\" content=\"Tests de sant\u00e9s demand\u00e9s par l&#039;IFEZ pour la reproduction d&#039;Eurasier - Gezondheidstests aangevraagd door IFEZ en ECB voor reproductie Eurasier\" \/>\n<meta name=\"robots\" content=\"index, follow, max-snippet:-1, max-image-preview:large, max-video-preview:-1\" \/>\n<link rel=\"canonical\" href=\"https:\/\/eurasierclub.be\/fr\/tests-de-sante-demandes\/\" \/>\n<meta property=\"og:locale\" content=\"fr_FR\" \/>\n<meta property=\"og:type\" content=\"article\" \/>\n<meta property=\"og:title\" content=\"Tests de sant\u00e9 demand\u00e9s\" \/>\n<meta property=\"og:description\" content=\"Tests de sant\u00e9s demand\u00e9s par l&#039;IFEZ pour la reproduction d&#039;Eurasier - Gezondheidstests aangevraagd door IFEZ en ECB voor reproductie Eurasier\" \/>\n<meta property=\"og:url\" content=\"https:\/\/eurasierclub.be\/fr\/tests-de-sante-demandes\/\" \/>\n<meta property=\"og:site_name\" content=\"Eurasier Club Belgium\" \/>\n<meta property=\"article:publisher\" content=\"https:\/\/www.facebook.com\/EcbEurasierClubBelgie\" \/>\n<meta property=\"article:modified_time\" content=\"2025-02-18T12:35:47+00:00\" \/>\n<meta property=\"og:image\" content=\"https:\/\/eurasierclub.be\/wp-content\/uploads\/2025\/01\/Votre-texte-de-paragraphe.png\" \/>\n\t<meta property=\"og:image:width\" content=\"1080\" \/>\n\t<meta property=\"og:image:height\" content=\"1080\" \/>\n\t<meta property=\"og:image:type\" content=\"image\/png\" \/>\n<meta name=\"twitter:card\" content=\"summary_large_image\" \/>\n<meta name=\"twitter:label1\" content=\"Dur\u00e9e de lecture est.\" \/>\n\t<meta name=\"twitter:data1\" content=\"6 minutes\" \/>\n<script type=\"application\/ld+json\" class=\"yoast-schema-graph\">{\"@context\":\"https:\/\/schema.org\",\"@graph\":[{\"@type\":\"WebPage\",\"@id\":\"https:\/\/eurasierclub.be\/tests-de-sante-demandes\/\",\"url\":\"https:\/\/eurasierclub.be\/tests-de-sante-demandes\/\",\"name\":\"Tests de sant\u00e9 demand\u00e9s\",\"isPartOf\":{\"@id\":\"https:\/\/eurasierclub.be\/#website\"},\"primaryImageOfPage\":{\"@id\":\"https:\/\/eurasierclub.be\/tests-de-sante-demandes\/#primaryimage\"},\"image\":{\"@id\":\"https:\/\/eurasierclub.be\/tests-de-sante-demandes\/#primaryimage\"},\"thumbnailUrl\":\"https:\/\/eurasierclub.be\/wp-content\/uploads\/2025\/01\/Votre-texte-de-paragraphe-1024x1024.png\",\"datePublished\":\"2025-01-27T11:11:19+00:00\",\"dateModified\":\"2025-02-18T12:35:47+00:00\",\"description\":\"Tests de sant\u00e9s demand\u00e9s par l'IFEZ pour la reproduction d'Eurasier - Gezondheidstests aangevraagd door IFEZ en ECB voor reproductie Eurasier\",\"breadcrumb\":{\"@id\":\"https:\/\/eurasierclub.be\/tests-de-sante-demandes\/#breadcrumb\"},\"inLanguage\":\"fr-BE\",\"potentialAction\":[{\"@type\":\"ReadAction\",\"target\":[\"https:\/\/eurasierclub.be\/tests-de-sante-demandes\/\"]}]},{\"@type\":\"ImageObject\",\"inLanguage\":\"fr-BE\",\"@id\":\"https:\/\/eurasierclub.be\/tests-de-sante-demandes\/#primaryimage\",\"url\":\"https:\/\/eurasierclub.be\/wp-content\/uploads\/2025\/01\/Votre-texte-de-paragraphe-1024x1024.png\",\"contentUrl\":\"https:\/\/eurasierclub.be\/wp-content\/uploads\/2025\/01\/Votre-texte-de-paragraphe-1024x1024.png\"},{\"@type\":\"BreadcrumbList\",\"@id\":\"https:\/\/eurasierclub.be\/tests-de-sante-demandes\/#breadcrumb\",\"itemListElement\":[{\"@type\":\"ListItem\",\"position\":1,\"name\":\"Accueil\",\"item\":\"https:\/\/eurasierclub.be\/\"},{\"@type\":\"ListItem\",\"position\":2,\"name\":\"Tests de sant\u00e9 demand\u00e9s\"}]},{\"@type\":\"WebSite\",\"@id\":\"https:\/\/eurasierclub.be\/#website\",\"url\":\"https:\/\/eurasierclub.be\/\",\"name\":\"Eurasier Club Belgium\",\"description\":\"Eurasier Club Belgium\",\"publisher\":{\"@id\":\"https:\/\/eurasierclub.be\/#organization\"},\"alternateName\":\"eurasier belgium\",\"potentialAction\":[{\"@type\":\"SearchAction\",\"target\":{\"@type\":\"EntryPoint\",\"urlTemplate\":\"https:\/\/eurasierclub.be\/?s={search_term_string}\"},\"query-input\":{\"@type\":\"PropertyValueSpecification\",\"valueRequired\":true,\"valueName\":\"search_term_string\"}}],\"inLanguage\":\"fr-BE\"},{\"@type\":\"Organization\",\"@id\":\"https:\/\/eurasierclub.be\/#organization\",\"name\":\"ECB\",\"alternateName\":\"Eurasier Club Belgium\",\"url\":\"https:\/\/eurasierclub.be\/\",\"logo\":{\"@type\":\"ImageObject\",\"inLanguage\":\"fr-BE\",\"@id\":\"https:\/\/eurasierclub.be\/#\/schema\/logo\/image\/\",\"url\":\"https:\/\/eurasierclub.be\/wp-content\/uploads\/2024\/04\/eurasier.jpg\",\"contentUrl\":\"https:\/\/eurasierclub.be\/wp-content\/uploads\/2024\/04\/eurasier.jpg\",\"width\":493,\"height\":444,\"caption\":\"ECB\"},\"image\":{\"@id\":\"https:\/\/eurasierclub.be\/#\/schema\/logo\/image\/\"},\"sameAs\":[\"https:\/\/www.facebook.com\/EcbEurasierClubBelgie\",\"https:\/\/www.instagram.com\/eurasierclubbelgium\/\"]}]}<\/script>\n<!-- \/ Yoast SEO plugin. -->","yoast_head_json":{"title":"Tests de sant\u00e9 demand\u00e9s","description":"Tests de sant\u00e9s demand\u00e9s par l'IFEZ pour la reproduction d'Eurasier - Gezondheidstests aangevraagd door IFEZ en ECB voor reproductie Eurasier","robots":{"index":"index","follow":"follow","max-snippet":"max-snippet:-1","max-image-preview":"max-image-preview:large","max-video-preview":"max-video-preview:-1"},"canonical":"https:\/\/eurasierclub.be\/fr\/tests-de-sante-demandes\/","og_locale":"fr_FR","og_type":"article","og_title":"Tests de sant\u00e9 demand\u00e9s","og_description":"Tests de sant\u00e9s demand\u00e9s par l'IFEZ pour la reproduction d'Eurasier - Gezondheidstests aangevraagd door IFEZ en ECB voor reproductie Eurasier","og_url":"https:\/\/eurasierclub.be\/fr\/tests-de-sante-demandes\/","og_site_name":"Eurasier Club Belgium","article_publisher":"https:\/\/www.facebook.com\/EcbEurasierClubBelgie","article_modified_time":"2025-02-18T12:35:47+00:00","og_image":[{"width":1080,"height":1080,"url":"https:\/\/eurasierclub.be\/wp-content\/uploads\/2025\/01\/Votre-texte-de-paragraphe.png","type":"image\/png"}],"twitter_card":"summary_large_image","twitter_misc":{"Dur\u00e9e de lecture est.":"6 minutes"},"schema":{"@context":"https:\/\/schema.org","@graph":[{"@type":"WebPage","@id":"https:\/\/eurasierclub.be\/tests-de-sante-demandes\/","url":"https:\/\/eurasierclub.be\/tests-de-sante-demandes\/","name":"Tests de sant\u00e9 demand\u00e9s","isPartOf":{"@id":"https:\/\/eurasierclub.be\/#website"},"primaryImageOfPage":{"@id":"https:\/\/eurasierclub.be\/tests-de-sante-demandes\/#primaryimage"},"image":{"@id":"https:\/\/eurasierclub.be\/tests-de-sante-demandes\/#primaryimage"},"thumbnailUrl":"https:\/\/eurasierclub.be\/wp-content\/uploads\/2025\/01\/Votre-texte-de-paragraphe-1024x1024.png","datePublished":"2025-01-27T11:11:19+00:00","dateModified":"2025-02-18T12:35:47+00:00","description":"Tests de sant\u00e9s demand\u00e9s par l'IFEZ pour la reproduction d'Eurasier - Gezondheidstests aangevraagd door IFEZ en ECB voor reproductie Eurasier","breadcrumb":{"@id":"https:\/\/eurasierclub.be\/tests-de-sante-demandes\/#breadcrumb"},"inLanguage":"fr-BE","potentialAction":[{"@type":"ReadAction","target":["https:\/\/eurasierclub.be\/tests-de-sante-demandes\/"]}]},{"@type":"ImageObject","inLanguage":"fr-BE","@id":"https:\/\/eurasierclub.be\/tests-de-sante-demandes\/#primaryimage","url":"https:\/\/eurasierclub.be\/wp-content\/uploads\/2025\/01\/Votre-texte-de-paragraphe-1024x1024.png","contentUrl":"https:\/\/eurasierclub.be\/wp-content\/uploads\/2025\/01\/Votre-texte-de-paragraphe-1024x1024.png"},{"@type":"BreadcrumbList","@id":"https:\/\/eurasierclub.be\/tests-de-sante-demandes\/#breadcrumb","itemListElement":[{"@type":"ListItem","position":1,"name":"Accueil","item":"https:\/\/eurasierclub.be\/"},{"@type":"ListItem","position":2,"name":"Tests de sant\u00e9 demand\u00e9s"}]},{"@type":"WebSite","@id":"https:\/\/eurasierclub.be\/#website","url":"https:\/\/eurasierclub.be\/","name":"Eurasier Club Belgium","description":"Eurasier Club Belgium","publisher":{"@id":"https:\/\/eurasierclub.be\/#organization"},"alternateName":"eurasier belgium","potentialAction":[{"@type":"SearchAction","target":{"@type":"EntryPoint","urlTemplate":"https:\/\/eurasierclub.be\/?s={search_term_string}"},"query-input":{"@type":"PropertyValueSpecification","valueRequired":true,"valueName":"search_term_string"}}],"inLanguage":"fr-BE"},{"@type":"Organization","@id":"https:\/\/eurasierclub.be\/#organization","name":"ECB","alternateName":"Eurasier Club Belgium","url":"https:\/\/eurasierclub.be\/","logo":{"@type":"ImageObject","inLanguage":"fr-BE","@id":"https:\/\/eurasierclub.be\/#\/schema\/logo\/image\/","url":"https:\/\/eurasierclub.be\/wp-content\/uploads\/2024\/04\/eurasier.jpg","contentUrl":"https:\/\/eurasierclub.be\/wp-content\/uploads\/2024\/04\/eurasier.jpg","width":493,"height":444,"caption":"ECB"},"image":{"@id":"https:\/\/eurasierclub.be\/#\/schema\/logo\/image\/"},"sameAs":["https:\/\/www.facebook.com\/EcbEurasierClubBelgie","https:\/\/www.instagram.com\/eurasierclubbelgium\/"]}]}},"_links":{"self":[{"href":"https:\/\/eurasierclub.be\/fr\/wp-json\/wp\/v2\/pages\/659","targetHints":{"allow":["GET"]}}],"collection":[{"href":"https:\/\/eurasierclub.be\/fr\/wp-json\/wp\/v2\/pages"}],"about":[{"href":"https:\/\/eurasierclub.be\/fr\/wp-json\/wp\/v2\/types\/page"}],"author":[{"embeddable":true,"href":"https:\/\/eurasierclub.be\/fr\/wp-json\/wp\/v2\/users\/1"}],"replies":[{"embeddable":true,"href":"https:\/\/eurasierclub.be\/fr\/wp-json\/wp\/v2\/comments?post=659"}],"version-history":[{"count":3,"href":"https:\/\/eurasierclub.be\/fr\/wp-json\/wp\/v2\/pages\/659\/revisions"}],"predecessor-version":[{"id":689,"href":"https:\/\/eurasierclub.be\/fr\/wp-json\/wp\/v2\/pages\/659\/revisions\/689"}],"wp:attachment":[{"href":"https:\/\/eurasierclub.be\/fr\/wp-json\/wp\/v2\/media?parent=659"}],"curies":[{"name":"wp","href":"https:\/\/api.w.org\/{rel}","templated":true}]}}