{"id":25,"date":"2024-04-04T15:43:16","date_gmt":"2024-04-04T13:43:16","guid":{"rendered":"https:\/\/eurasierclub.be\/?page_id=25"},"modified":"2024-05-26T19:02:49","modified_gmt":"2024-05-26T17:02:49","slug":"les-couleurs","status":"publish","type":"page","link":"https:\/\/eurasierclub.be\/nl\/les-couleurs\/","title":{"rendered":"Raskleuren"},"content":{"rendered":"<h2 class=\"wp-block-heading\">De verschillende kleuren van Eurasier<\/h2>\n\n\n\n<p>De Eurasier is een van de hondenrassen met veel kleurschakeringen. Alle kleuren zijn toegestaan \u200b\u200bin de standaard, behalve kastanjebruin, wit gevlekt en egaal wit.<br>Er zijn 4 genen die de kleur van een Eurasier bepalen: sable (Ay), agouti (Aw), black-and-tan (At) en black (a), in volgorde van dominantie. Naast deze basiskleuren is er de aan- of afwezigheid van een masker of een omgekeerd masker.<br>Eurasier-puppy's moeten bij de geboorte goed gepigmenteerd zijn: een pasgeboren puppy met witte vlekken bij de geboorte kan later niet meer voor de fok worden gebruikt. Puppy\u2019s hebben over het algemeen een zogenaamde \u2018aalstreep\u2019: een zwarte streep die de hele rug tot aan de staart bedekt. Sommige Eurasiers houden soms een beetje van hun aalstreep op de bovenkant of het puntje van de staart. <br>Eurasier-puppy's worden erg donker geboren, het is over het algemeen in de eerste momenten dat we de uiteindelijke kleur kunnen zien, omdat ze dan lichter worden tot de adolescentie. Ze nemen dan hun definitieve volwassen haar en worden afhankelijk van de kleur donkerder of wolfsgrijs, met uitzondering van zwarte Eurasiers die zwart blijven!<\/p>\n\n\n\n<p>De A-locus en zijn verschillende allelen, met voorbeelden:<\/p>\n\n\n\n<div class=\"wp-block-columns is-layout-flex wp-container-core-columns-is-layout-28f84493 wp-block-columns-is-layout-flex\">\n<div class=\"wp-block-column is-layout-flow wp-block-column-is-layout-flow\">\n<figure class=\"wp-block-table\"><table><tbody><tr><td>Locus<\/td><td>Allel<\/td><td>Kleur<\/td><\/tr><tr><td>A<\/td><td>Ay<\/td><td>Zandkleurig, rood in verschillende nuances<\/td><\/tr><tr><td><\/td><td>aw<\/td><td>Wolfsgrijs, wolfskleur<\/td><\/tr><tr><td><\/td><td>at<\/td><td>zwart met aftekening<\/td><\/tr><tr><td><\/td><td>a<\/td><td>zwart<\/td><\/tr><\/tbody><\/table><figcaption class=\"wp-element-caption\">Locus A : kleuren aanwezig in Eurasier, in volgorde van dominantie<\/figcaption><\/figure>\n<\/div>\n\n\n\n<div class=\"wp-block-column is-layout-flow wp-block-column-is-layout-flow\">\n<figure class=\"wp-block-table\"><table><tbody><tr><td>Locus voorbeelden<\/td><td>Kleuren<\/td><\/tr><tr><td>Ay \/ Ay<\/td><td>De hond is rood<\/td><\/tr><tr><td>Ay \/ at<\/td><td>De hond is rood en drager van zwart met aftekening<\/td><\/tr><tr><td>a \/ a<\/td><td>De hond is zwart<\/td><\/tr><tr><td>aw \/ at<\/td><td>De hond is wolfsgrijs en drager van zwart met aftekening<\/td><\/tr><\/tbody><\/table><\/figure>\n<\/div>\n<\/div>\n\n\n\n<p>De andere loci die van belang zijn voor Eurasier zijn de E-locus (al dan niet aanwezig van een masker), de S-locus (al dan niet wit dragend) en de I-locus (die de intensiteit van kleuren bepaalt).<\/p>\n\n\n\n<div class=\"wp-block-columns is-layout-flex wp-container-core-columns-is-layout-28f84493 wp-block-columns-is-layout-flex\">\n<div class=\"wp-block-column is-layout-flow wp-block-column-is-layout-flow\">\n<figure class=\"wp-block-table\"><table><tbody><tr><td>Locus<\/td><td>Allel<\/td><td>Kleur<\/td><\/tr><tr><td>E<\/td><td>Em<\/td><td>Zwart masker<\/td><\/tr><tr><td><\/td><td>E<\/td><td>Geen masker<\/td><\/tr><tr><td><\/td><td>e<\/td><td>Omgekeerd masker<\/td><\/tr><\/tbody><\/table><figcaption class=\"wp-element-caption\">Locus E : het masker<\/figcaption><\/figure>\n<\/div>\n\n\n\n<div class=\"wp-block-column is-layout-flow wp-block-column-is-layout-flow\">\n<figure class=\"wp-block-table\"><table><tbody><tr><td>Locus<\/td><td>Allel<\/td><td>Kleur<\/td><\/tr><tr><td>S<\/td><td>S<\/td><td>Geen wit<\/td><\/tr><tr><td><\/td><td>Si<\/td><td>Irish spotting<\/td><\/tr><tr><td><\/td><td>Sp<\/td><td>Piebald<\/td><\/tr><tr><td><\/td><td>Sw<\/td><td>Wit<\/td><\/tr><\/tbody><\/table><figcaption class=\"wp-element-caption\">Locus S : wit dragend<\/figcaption><\/figure>\n<\/div>\n\n\n\n<div class=\"wp-block-column is-layout-flow wp-block-column-is-layout-flow\">\n<figure class=\"wp-block-table\"><table><tbody><tr><td>Locus<\/td><td>Allel<\/td><td>Kleur<\/td><\/tr><tr><td>I<\/td><td>I<\/td><td>Intens : rood, fauve-charbonn\u00e9<\/td><\/tr><tr><td><\/td><td>i<\/td><td>Verdunning van phaeomelanine: zand, wolfsgrijs<\/td><\/tr><\/tbody><\/table><figcaption class=\"wp-element-caption\">locus I : de intensiteit<\/figcaption><\/figure>\n<\/div>\n<\/div>\n\n\n\n<h3 class=\"wp-block-heading\"><br>Sable:<\/h3>\n\n\n\n<p>Het sable-allel is ongetwijfeld het meest aanwezig en het meest voorkomend bij de Eurasier, omdat het een breed pallet bestrijkt. Het varieert van zand tot rood tot bruin. Het is ook het dominante gen, wat betekent dat een dragerhond noodzakelijkerwijs deze kleur zal hebben.<br>Hoewel het soms licht kan zijn, mag zandkleur niet worden verward met wit, aangezien sable-puppy's bij de geboorte goed gepigmenteerd en donker zijn.<\/p>\n\n\n\n<div class=\"wp-block-columns is-layout-flex wp-container-core-columns-is-layout-28f84493 wp-block-columns-is-layout-flex\">\n<div class=\"wp-block-column is-layout-flow wp-block-column-is-layout-flow\">\n<figure class=\"wp-block-image size-large is-resized\"><img loading=\"lazy\" decoding=\"async\" width=\"1024\" height=\"683\" src=\"http:\/\/eurasierclub.be\/wp-content\/uploads\/2024\/04\/fauve-1024x683.jpg\" alt=\"\" class=\"wp-image-80\" style=\"width:auto;height:400px\" srcset=\"https:\/\/eurasierclub.be\/wp-content\/uploads\/2024\/04\/fauve-1024x683.jpg 1024w, https:\/\/eurasierclub.be\/wp-content\/uploads\/2024\/04\/fauve-300x200.jpg 300w, https:\/\/eurasierclub.be\/wp-content\/uploads\/2024\/04\/fauve-768x512.jpg 768w, https:\/\/eurasierclub.be\/wp-content\/uploads\/2024\/04\/fauve-1536x1025.jpg 1536w, https:\/\/eurasierclub.be\/wp-content\/uploads\/2024\/04\/fauve-1170x780.jpg 1170w, https:\/\/eurasierclub.be\/wp-content\/uploads\/2024\/04\/fauve.jpg 2048w\" sizes=\"auto, (max-width: 1024px) 100vw, 1024px\" \/><figcaption class=\"wp-element-caption\">Rood: Vim du Phare d\u2019Ynys<\/figcaption><\/figure>\n<\/div>\n\n\n\n<div class=\"wp-block-column is-layout-flow wp-block-column-is-layout-flow\">\n<figure class=\"wp-block-image size-full is-resized\"><img loading=\"lazy\" decoding=\"async\" width=\"800\" height=\"641\" src=\"https:\/\/eurasierclub.be\/wp-content\/uploads\/2024\/04\/sable.jpeg\" alt=\"\" class=\"wp-image-90\" style=\"width:auto;height:400px\" srcset=\"https:\/\/eurasierclub.be\/wp-content\/uploads\/2024\/04\/sable.jpeg 800w, https:\/\/eurasierclub.be\/wp-content\/uploads\/2024\/04\/sable-300x240.jpeg 300w, https:\/\/eurasierclub.be\/wp-content\/uploads\/2024\/04\/sable-768x615.jpeg 768w\" sizes=\"auto, (max-width: 800px) 100vw, 800px\" \/><figcaption class=\"wp-element-caption\">Sable : Kanat\u00e9a du Phare d\u2019Ynys<\/figcaption><\/figure>\n<\/div>\n\n\n\n<div class=\"wp-block-column is-layout-flow wp-block-column-is-layout-flow\"><\/div>\n<\/div>\n\n\n\n<h3 class=\"wp-block-heading\">Agouti:<\/h3>\n\n\n\n<p>Agouti, ook wel wolfsgrijs genoemd, is een hond met een reekleurige basis (zand tot rood) en uitgesproken wolfskleur. Deze kleuren worden over het algemeen zand\/taankleurig\/rood wolfsgrijs genoemd.<br>Dit komt overeen met de basiskleur van het haar, waaraan wolfsgrijs is toegevoegd. Agouti-puppy's blijven licht tot de adolescentie, waarna ze donkerder worden. De verandering kan heel indrukwekkend zijn.<\/p>\n\n\n\n<div class=\"wp-block-columns is-layout-flex wp-container-core-columns-is-layout-28f84493 wp-block-columns-is-layout-flex\">\n<div class=\"wp-block-column is-layout-flow wp-block-column-is-layout-flow\">\n<figure class=\"wp-block-image size-large is-resized\"><img loading=\"lazy\" decoding=\"async\" width=\"1024\" height=\"685\" src=\"https:\/\/eurasierclub.be\/wp-content\/uploads\/2024\/04\/DSC_0503-1024x685.jpg\" alt=\"\" class=\"wp-image-91\" style=\"width:auto;height:400px\" srcset=\"https:\/\/eurasierclub.be\/wp-content\/uploads\/2024\/04\/DSC_0503-1024x685.jpg 1024w, https:\/\/eurasierclub.be\/wp-content\/uploads\/2024\/04\/DSC_0503-300x201.jpg 300w, https:\/\/eurasierclub.be\/wp-content\/uploads\/2024\/04\/DSC_0503-768x514.jpg 768w, https:\/\/eurasierclub.be\/wp-content\/uploads\/2024\/04\/DSC_0503-1536x1028.jpg 1536w, https:\/\/eurasierclub.be\/wp-content\/uploads\/2024\/04\/DSC_0503-2048x1371.jpg 2048w, https:\/\/eurasierclub.be\/wp-content\/uploads\/2024\/04\/DSC_0503-1170x783.jpg 1170w\" sizes=\"auto, (max-width: 1024px) 100vw, 1024px\" \/><figcaption class=\"wp-element-caption\">Agouti rood : Kadin von der Hofener Rippe<\/figcaption><\/figure>\n<\/div>\n\n\n\n<div class=\"wp-block-column is-vertically-aligned-top is-layout-flow wp-block-column-is-layout-flow\">\n<figure class=\"wp-block-image aligncenter size-large is-resized\"><img loading=\"lazy\" decoding=\"async\" width=\"1010\" height=\"1024\" src=\"https:\/\/eurasierclub.be\/wp-content\/uploads\/2024\/04\/sable-charbonne-1010x1024.png\" alt=\"\" class=\"wp-image-92\" style=\"width:auto;height:400px\" srcset=\"https:\/\/eurasierclub.be\/wp-content\/uploads\/2024\/04\/sable-charbonne-1010x1024.png 1010w, https:\/\/eurasierclub.be\/wp-content\/uploads\/2024\/04\/sable-charbonne-296x300.png 296w, https:\/\/eurasierclub.be\/wp-content\/uploads\/2024\/04\/sable-charbonne-768x778.png 768w, https:\/\/eurasierclub.be\/wp-content\/uploads\/2024\/04\/sable-charbonne-1170x1186.png 1170w, https:\/\/eurasierclub.be\/wp-content\/uploads\/2024\/04\/sable-charbonne.png 1175w\" sizes=\"auto, (max-width: 1010px) 100vw, 1010px\" \/><figcaption class=\"wp-element-caption\">Agouti sable : Ubbe<\/figcaption><\/figure>\n<\/div>\n<\/div>\n\n\n\n<h3 class=\"wp-block-heading\"><br>Black-and-tan:<\/h3>\n\n\n\n<p><br>De black-and-tan Eurasier is een zwarte hond, maar gemarkeerd met rood (altijd van zand naar rood). De markeringen kunnen al dan niet erg aanwezig zijn. De markeringsgebieden zijn over het algemeen de wenkbrauwen, de bakkebaarden en eventueel de nek en het masker. Deze markeringen kunnen minder of meer aanwezig zijn bij puppy's en zullen met de jaren worden bevestigd of vervagen.<\/p>\n\n\n\n<div class=\"wp-block-columns is-layout-flex wp-container-core-columns-is-layout-28f84493 wp-block-columns-is-layout-flex\">\n<div class=\"wp-block-column is-layout-flow wp-block-column-is-layout-flow\">\n<figure class=\"wp-block-image aligncenter size-large is-resized\"><img loading=\"lazy\" decoding=\"async\" width=\"683\" height=\"1024\" src=\"https:\/\/eurasierclub.be\/wp-content\/uploads\/2024\/04\/noir-et-feu-683x1024.jpg\" alt=\"\" class=\"wp-image-93\" style=\"width:auto;height:400px\" srcset=\"https:\/\/eurasierclub.be\/wp-content\/uploads\/2024\/04\/noir-et-feu-683x1024.jpg 683w, https:\/\/eurasierclub.be\/wp-content\/uploads\/2024\/04\/noir-et-feu-200x300.jpg 200w, https:\/\/eurasierclub.be\/wp-content\/uploads\/2024\/04\/noir-et-feu-768x1151.jpg 768w, https:\/\/eurasierclub.be\/wp-content\/uploads\/2024\/04\/noir-et-feu-1025x1536.jpg 1025w, https:\/\/eurasierclub.be\/wp-content\/uploads\/2024\/04\/noir-et-feu-1170x1754.jpg 1170w, https:\/\/eurasierclub.be\/wp-content\/uploads\/2024\/04\/noir-et-feu.jpg 1366w\" sizes=\"auto, (max-width: 683px) 100vw, 683px\" \/><figcaption class=\"wp-element-caption\">Black-and-tan: Udin du Phare d\u2019Ynys<\/figcaption><\/figure>\n<\/div>\n<\/div>\n\n\n\n<h3 class=\"wp-block-heading\">Zwart:<\/h3>\n\n\n\n<p>De zwarte Eurasier is de zeldzaamste omdat deze de meest recessieve kleur van allemaal is. Om een \u200b\u200bzwarte Eurasier geboren te laten worden, moeten beide ouders zwarte dragers zijn. Hun hele haar is zwart. Sommige zwarte honden hebben de neiging om hun haar rood te zien worden, maar dit kan te wijten zijn aan leeftijd of door de zon veroorzaakte oxidatie en niet aan een verandering in de haarkleur.<\/p>\n\n\n\n<div class=\"wp-block-columns is-layout-flex wp-container-core-columns-is-layout-28f84493 wp-block-columns-is-layout-flex\">\n<div class=\"wp-block-column is-layout-flow wp-block-column-is-layout-flow\">\n<figure class=\"wp-block-image aligncenter size-large is-resized\"><img loading=\"lazy\" decoding=\"async\" width=\"1024\" height=\"768\" src=\"https:\/\/eurasierclub.be\/wp-content\/uploads\/2024\/04\/232969582_1231442860612210_7154243834243363457_n-1024x768.jpg\" alt=\"\" class=\"wp-image-94\" style=\"aspect-ratio:1;object-fit:cover;width:auto;height:400px\" srcset=\"https:\/\/eurasierclub.be\/wp-content\/uploads\/2024\/04\/232969582_1231442860612210_7154243834243363457_n-1024x768.jpg 1024w, https:\/\/eurasierclub.be\/wp-content\/uploads\/2024\/04\/232969582_1231442860612210_7154243834243363457_n-300x225.jpg 300w, https:\/\/eurasierclub.be\/wp-content\/uploads\/2024\/04\/232969582_1231442860612210_7154243834243363457_n-768x576.jpg 768w, https:\/\/eurasierclub.be\/wp-content\/uploads\/2024\/04\/232969582_1231442860612210_7154243834243363457_n-1536x1153.jpg 1536w, https:\/\/eurasierclub.be\/wp-content\/uploads\/2024\/04\/232969582_1231442860612210_7154243834243363457_n-1170x878.jpg 1170w, https:\/\/eurasierclub.be\/wp-content\/uploads\/2024\/04\/232969582_1231442860612210_7154243834243363457_n.jpg 1919w\" sizes=\"auto, (max-width: 1024px) 100vw, 1024px\" \/><figcaption class=\"wp-element-caption\">Zwart: Roxy van Innenhoven<\/figcaption><\/figure>\n<\/div>\n<\/div>\n\n\n\n<h3 class=\"wp-block-heading\">Het masker:<\/h3>\n\n\n\n<p>Er zijn drie vormen van maskers bij de Eurasier: het masker, zonder masker en het omgekeerde masker. Bijna alle Eurasier-puppy's worden geboren met een zwart masker, maar om dit tot in de volwassenheid te behouden, moet het masker tot aan de bovenkant van het hoofd reiken. Een puppy met een zwart masker dat niet hoger komt dan de ogen, zal het niet zeker behouden tot in de volwassenheid.<br>De Eurasier kan ook een omgekeerd masker hebben, zijn masker zal dan niet zwart zijn maar veel lichter dan de basiskleur. Deze honden hebben over het algemeen ook lichtere aftekeningen op de poten, wangen en buik.<br>De maskers zijn te combineren met alle bovengenoemde kleuren.<br>We kunnen daarom bijvoorbeeld een zandkleurige Eurasier met een zwart masker hebben of een rode Eurasier met een omgekeerd masker.<\/p>\n\n\n\n<div class=\"wp-block-columns is-layout-flex wp-container-core-columns-is-layout-28f84493 wp-block-columns-is-layout-flex\">\n<div class=\"wp-block-column is-layout-flow wp-block-column-is-layout-flow\">\n<figure class=\"wp-block-image size-large is-resized\"><img loading=\"lazy\" decoding=\"async\" width=\"1024\" height=\"681\" src=\"https:\/\/eurasierclub.be\/wp-content\/uploads\/2024\/04\/sans-masque-1024x681.jpg\" alt=\"\" class=\"wp-image-95\" style=\"aspect-ratio:1;object-fit:cover;width:auto;height:400px\" srcset=\"https:\/\/eurasierclub.be\/wp-content\/uploads\/2024\/04\/sans-masque-1024x681.jpg 1024w, https:\/\/eurasierclub.be\/wp-content\/uploads\/2024\/04\/sans-masque-300x200.jpg 300w, https:\/\/eurasierclub.be\/wp-content\/uploads\/2024\/04\/sans-masque-768x511.jpg 768w, https:\/\/eurasierclub.be\/wp-content\/uploads\/2024\/04\/sans-masque-1536x1022.jpg 1536w, https:\/\/eurasierclub.be\/wp-content\/uploads\/2024\/04\/sans-masque-1170x778.jpg 1170w, https:\/\/eurasierclub.be\/wp-content\/uploads\/2024\/04\/sans-masque.jpg 1828w\" sizes=\"auto, (max-width: 1024px) 100vw, 1024px\" \/><figcaption class=\"wp-element-caption\">Geen masker : Sahel du Phare d\u2019Ynys<\/figcaption><\/figure>\n<\/div>\n\n\n\n<div class=\"wp-block-column is-layout-flow wp-block-column-is-layout-flow\">\n<figure class=\"wp-block-image aligncenter size-large is-resized\"><img loading=\"lazy\" decoding=\"async\" width=\"461\" height=\"1024\" src=\"https:\/\/eurasierclub.be\/wp-content\/uploads\/2024\/04\/masque-noir-461x1024.jpg\" alt=\"\" class=\"wp-image-96\" style=\"width:auto;height:400px\" srcset=\"https:\/\/eurasierclub.be\/wp-content\/uploads\/2024\/04\/masque-noir-461x1024.jpg 461w, https:\/\/eurasierclub.be\/wp-content\/uploads\/2024\/04\/masque-noir-135x300.jpg 135w, https:\/\/eurasierclub.be\/wp-content\/uploads\/2024\/04\/masque-noir-768x1708.jpg 768w, https:\/\/eurasierclub.be\/wp-content\/uploads\/2024\/04\/masque-noir-691x1536.jpg 691w, https:\/\/eurasierclub.be\/wp-content\/uploads\/2024\/04\/masque-noir.jpg 921w\" sizes=\"auto, (max-width: 461px) 100vw, 461px\" \/><figcaption class=\"wp-element-caption\">Zwart masker : Mila<\/figcaption><\/figure>\n<\/div>\n\n\n\n<div class=\"wp-block-column is-layout-flow wp-block-column-is-layout-flow\">\n<figure class=\"wp-block-image aligncenter size-large is-resized\"><img loading=\"lazy\" decoding=\"async\" width=\"814\" height=\"1024\" src=\"https:\/\/eurasierclub.be\/wp-content\/uploads\/2024\/04\/masque-inverse-814x1024.png\" alt=\"\" class=\"wp-image-97\" style=\"width:auto;height:400px\" srcset=\"https:\/\/eurasierclub.be\/wp-content\/uploads\/2024\/04\/masque-inverse-814x1024.png 814w, https:\/\/eurasierclub.be\/wp-content\/uploads\/2024\/04\/masque-inverse-239x300.png 239w, https:\/\/eurasierclub.be\/wp-content\/uploads\/2024\/04\/masque-inverse-768x966.png 768w, https:\/\/eurasierclub.be\/wp-content\/uploads\/2024\/04\/masque-inverse.png 986w\" sizes=\"auto, (max-width: 814px) 100vw, 814px\" \/><figcaption class=\"wp-element-caption\">Omgekeerd masker: Belleur Giulia (Gemma)<\/figcaption><\/figure>\n<\/div>\n<\/div>","protected":false},"excerpt":{"rendered":"<p>Les diff\u00e9rentes couleurs de l\u2019Eurasier: L\u2019Eurasier fait partie des races de chiens avec de nombreuses nuances de couleurs. Toutes les couleurs sont autoris\u00e9es dans le standard \u00e0 l\u2019exception du marron, du bring\u00e9 et du blanc.Il y a 4 g\u00e8nes qui permettent de d\u00e9finir la couleur d\u2019un eurasier: le fauve (Ay), l\u2019agouti (Aw), le noir et [&hellip;]<\/p>\n","protected":false},"author":1,"featured_media":0,"parent":0,"menu_order":0,"comment_status":"closed","ping_status":"closed","template":"","meta":{"footnotes":""},"class_list":["post-25","page","type-page","status-publish","hentry"],"yoast_head":"<!-- This site is optimized with the Yoast SEO plugin v27.0 - https:\/\/yoast.com\/product\/yoast-seo-wordpress\/ -->\n<title>Les couleurs - Eurasier Club Belgium<\/title>\n<meta name=\"description\" content=\"eurasier club belgique belgie belgium\" \/>\n<meta name=\"robots\" content=\"index, follow, max-snippet:-1, max-image-preview:large, max-video-preview:-1\" \/>\n<link rel=\"canonical\" href=\"https:\/\/eurasierclub.be\/nl\/les-couleurs\/\" \/>\n<meta property=\"og:locale\" content=\"nl_BE\" \/>\n<meta property=\"og:type\" content=\"article\" \/>\n<meta property=\"og:title\" content=\"Les couleurs - Eurasier Club Belgium\" \/>\n<meta property=\"og:description\" content=\"eurasier club belgique belgie belgium\" \/>\n<meta property=\"og:url\" content=\"https:\/\/eurasierclub.be\/nl\/les-couleurs\/\" \/>\n<meta property=\"og:site_name\" content=\"Eurasier Club Belgium\" \/>\n<meta property=\"article:publisher\" content=\"https:\/\/www.facebook.com\/EcbEurasierClubBelgie\" \/>\n<meta property=\"article:modified_time\" content=\"2024-05-26T17:02:49+00:00\" \/>\n<meta property=\"og:image\" content=\"http:\/\/eurasierclub.be\/wp-content\/uploads\/2024\/04\/fauve-1024x683.jpg\" \/>\n<meta name=\"twitter:card\" content=\"summary_large_image\" \/>\n<meta name=\"twitter:label1\" content=\"Geschatte leestijd\" \/>\n\t<meta name=\"twitter:data1\" content=\"7 minuten\" \/>\n<script type=\"application\/ld+json\" class=\"yoast-schema-graph\">{\"@context\":\"https:\/\/schema.org\",\"@graph\":[{\"@type\":\"WebPage\",\"@id\":\"https:\/\/eurasierclub.be\/nl\/les-couleurs\/\",\"url\":\"https:\/\/eurasierclub.be\/nl\/les-couleurs\/\",\"name\":\"Les couleurs - Eurasier Club Belgium\",\"isPartOf\":{\"@id\":\"https:\/\/eurasierclub.be\/#website\"},\"primaryImageOfPage\":{\"@id\":\"https:\/\/eurasierclub.be\/nl\/les-couleurs\/#primaryimage\"},\"image\":{\"@id\":\"https:\/\/eurasierclub.be\/nl\/les-couleurs\/#primaryimage\"},\"thumbnailUrl\":\"http:\/\/eurasierclub.be\/wp-content\/uploads\/2024\/04\/fauve-1024x683.jpg\",\"datePublished\":\"2024-04-04T13:43:16+00:00\",\"dateModified\":\"2024-05-26T17:02:49+00:00\",\"description\":\"eurasier club belgique belgie belgium\",\"breadcrumb\":{\"@id\":\"https:\/\/eurasierclub.be\/nl\/les-couleurs\/#breadcrumb\"},\"inLanguage\":\"nl-BE\",\"potentialAction\":[{\"@type\":\"ReadAction\",\"target\":[\"https:\/\/eurasierclub.be\/nl\/les-couleurs\/\"]}]},{\"@type\":\"ImageObject\",\"inLanguage\":\"nl-BE\",\"@id\":\"https:\/\/eurasierclub.be\/nl\/les-couleurs\/#primaryimage\",\"url\":\"http:\/\/eurasierclub.be\/wp-content\/uploads\/2024\/04\/fauve-1024x683.jpg\",\"contentUrl\":\"http:\/\/eurasierclub.be\/wp-content\/uploads\/2024\/04\/fauve-1024x683.jpg\"},{\"@type\":\"BreadcrumbList\",\"@id\":\"https:\/\/eurasierclub.be\/nl\/les-couleurs\/#breadcrumb\",\"itemListElement\":[{\"@type\":\"ListItem\",\"position\":1,\"name\":\"Accueil\",\"item\":\"https:\/\/eurasierclub.be\/\"},{\"@type\":\"ListItem\",\"position\":2,\"name\":\"Les couleurs\"}]},{\"@type\":\"WebSite\",\"@id\":\"https:\/\/eurasierclub.be\/#website\",\"url\":\"https:\/\/eurasierclub.be\/\",\"name\":\"Eurasier Club Belgium\",\"description\":\"Eurasier Club Belgium\",\"publisher\":{\"@id\":\"https:\/\/eurasierclub.be\/#organization\"},\"alternateName\":\"eurasier belgium\",\"potentialAction\":[{\"@type\":\"SearchAction\",\"target\":{\"@type\":\"EntryPoint\",\"urlTemplate\":\"https:\/\/eurasierclub.be\/?s={search_term_string}\"},\"query-input\":{\"@type\":\"PropertyValueSpecification\",\"valueRequired\":true,\"valueName\":\"search_term_string\"}}],\"inLanguage\":\"nl-BE\"},{\"@type\":\"Organization\",\"@id\":\"https:\/\/eurasierclub.be\/#organization\",\"name\":\"ECB\",\"alternateName\":\"Eurasier Club Belgium\",\"url\":\"https:\/\/eurasierclub.be\/\",\"logo\":{\"@type\":\"ImageObject\",\"inLanguage\":\"nl-BE\",\"@id\":\"https:\/\/eurasierclub.be\/#\/schema\/logo\/image\/\",\"url\":\"https:\/\/eurasierclub.be\/wp-content\/uploads\/2024\/04\/eurasier.jpg\",\"contentUrl\":\"https:\/\/eurasierclub.be\/wp-content\/uploads\/2024\/04\/eurasier.jpg\",\"width\":493,\"height\":444,\"caption\":\"ECB\"},\"image\":{\"@id\":\"https:\/\/eurasierclub.be\/#\/schema\/logo\/image\/\"},\"sameAs\":[\"https:\/\/www.facebook.com\/EcbEurasierClubBelgie\",\"https:\/\/www.instagram.com\/eurasierclubbelgium\/\"]}]}<\/script>\n<!-- \/ Yoast SEO plugin. -->","yoast_head_json":{"title":"Les couleurs - Eurasier Club Belgium","description":"eurasier club belgique belgie belgium","robots":{"index":"index","follow":"follow","max-snippet":"max-snippet:-1","max-image-preview":"max-image-preview:large","max-video-preview":"max-video-preview:-1"},"canonical":"https:\/\/eurasierclub.be\/nl\/les-couleurs\/","og_locale":"nl_BE","og_type":"article","og_title":"Les couleurs - Eurasier Club Belgium","og_description":"eurasier club belgique belgie belgium","og_url":"https:\/\/eurasierclub.be\/nl\/les-couleurs\/","og_site_name":"Eurasier Club Belgium","article_publisher":"https:\/\/www.facebook.com\/EcbEurasierClubBelgie","article_modified_time":"2024-05-26T17:02:49+00:00","og_image":[{"url":"http:\/\/eurasierclub.be\/wp-content\/uploads\/2024\/04\/fauve-1024x683.jpg","type":"","width":"","height":""}],"twitter_card":"summary_large_image","twitter_misc":{"Geschatte leestijd":"7 minuten"},"schema":{"@context":"https:\/\/schema.org","@graph":[{"@type":"WebPage","@id":"https:\/\/eurasierclub.be\/nl\/les-couleurs\/","url":"https:\/\/eurasierclub.be\/nl\/les-couleurs\/","name":"Les couleurs - Eurasier Club Belgium","isPartOf":{"@id":"https:\/\/eurasierclub.be\/#website"},"primaryImageOfPage":{"@id":"https:\/\/eurasierclub.be\/nl\/les-couleurs\/#primaryimage"},"image":{"@id":"https:\/\/eurasierclub.be\/nl\/les-couleurs\/#primaryimage"},"thumbnailUrl":"http:\/\/eurasierclub.be\/wp-content\/uploads\/2024\/04\/fauve-1024x683.jpg","datePublished":"2024-04-04T13:43:16+00:00","dateModified":"2024-05-26T17:02:49+00:00","description":"eurasier club belgique belgie belgium","breadcrumb":{"@id":"https:\/\/eurasierclub.be\/nl\/les-couleurs\/#breadcrumb"},"inLanguage":"nl-BE","potentialAction":[{"@type":"ReadAction","target":["https:\/\/eurasierclub.be\/nl\/les-couleurs\/"]}]},{"@type":"ImageObject","inLanguage":"nl-BE","@id":"https:\/\/eurasierclub.be\/nl\/les-couleurs\/#primaryimage","url":"http:\/\/eurasierclub.be\/wp-content\/uploads\/2024\/04\/fauve-1024x683.jpg","contentUrl":"http:\/\/eurasierclub.be\/wp-content\/uploads\/2024\/04\/fauve-1024x683.jpg"},{"@type":"BreadcrumbList","@id":"https:\/\/eurasierclub.be\/nl\/les-couleurs\/#breadcrumb","itemListElement":[{"@type":"ListItem","position":1,"name":"Accueil","item":"https:\/\/eurasierclub.be\/"},{"@type":"ListItem","position":2,"name":"Les couleurs"}]},{"@type":"WebSite","@id":"https:\/\/eurasierclub.be\/#website","url":"https:\/\/eurasierclub.be\/","name":"Eurasier Club Belgium","description":"Eurasier Club Belgium","publisher":{"@id":"https:\/\/eurasierclub.be\/#organization"},"alternateName":"eurasier belgium","potentialAction":[{"@type":"SearchAction","target":{"@type":"EntryPoint","urlTemplate":"https:\/\/eurasierclub.be\/?s={search_term_string}"},"query-input":{"@type":"PropertyValueSpecification","valueRequired":true,"valueName":"search_term_string"}}],"inLanguage":"nl-BE"},{"@type":"Organization","@id":"https:\/\/eurasierclub.be\/#organization","name":"ECB","alternateName":"Eurasier Club Belgium","url":"https:\/\/eurasierclub.be\/","logo":{"@type":"ImageObject","inLanguage":"nl-BE","@id":"https:\/\/eurasierclub.be\/#\/schema\/logo\/image\/","url":"https:\/\/eurasierclub.be\/wp-content\/uploads\/2024\/04\/eurasier.jpg","contentUrl":"https:\/\/eurasierclub.be\/wp-content\/uploads\/2024\/04\/eurasier.jpg","width":493,"height":444,"caption":"ECB"},"image":{"@id":"https:\/\/eurasierclub.be\/#\/schema\/logo\/image\/"},"sameAs":["https:\/\/www.facebook.com\/EcbEurasierClubBelgie","https:\/\/www.instagram.com\/eurasierclubbelgium\/"]}]}},"_links":{"self":[{"href":"https:\/\/eurasierclub.be\/nl\/wp-json\/wp\/v2\/pages\/25","targetHints":{"allow":["GET"]}}],"collection":[{"href":"https:\/\/eurasierclub.be\/nl\/wp-json\/wp\/v2\/pages"}],"about":[{"href":"https:\/\/eurasierclub.be\/nl\/wp-json\/wp\/v2\/types\/page"}],"author":[{"embeddable":true,"href":"https:\/\/eurasierclub.be\/nl\/wp-json\/wp\/v2\/users\/1"}],"replies":[{"embeddable":true,"href":"https:\/\/eurasierclub.be\/nl\/wp-json\/wp\/v2\/comments?post=25"}],"version-history":[{"count":4,"href":"https:\/\/eurasierclub.be\/nl\/wp-json\/wp\/v2\/pages\/25\/revisions"}],"predecessor-version":[{"id":519,"href":"https:\/\/eurasierclub.be\/nl\/wp-json\/wp\/v2\/pages\/25\/revisions\/519"}],"wp:attachment":[{"href":"https:\/\/eurasierclub.be\/nl\/wp-json\/wp\/v2\/media?parent=25"}],"curies":[{"name":"wp","href":"https:\/\/api.w.org\/{rel}","templated":true}]}}