{"id":32,"date":"2024-04-04T15:44:34","date_gmt":"2024-04-04T13:44:34","guid":{"rendered":"https:\/\/eurasierclub.be\/?page_id=32"},"modified":"2024-06-25T11:12:58","modified_gmt":"2024-06-25T09:12:58","slug":"accueillir-un-chiot","status":"publish","type":"page","link":"https:\/\/eurasierclub.be\/nl\/accueillir-un-chiot\/","title":{"rendered":"Een puppy verwelkomen"},"content":{"rendered":"\n<p>Vous avez d\u00e9couvert l\u2019Eurasier et vous souhaiteriez accueillir un petit eurasier chez vous ?<br>C\u2019est un tr\u00e8s beau projet !<\/p>\n\n\n\n<figure class=\"wp-block-image size-large\"><img loading=\"lazy\" decoding=\"async\" width=\"1024\" height=\"768\" src=\"https:\/\/eurasierclub.be\/wp-content\/uploads\/2024\/05\/W-nest-week6-1024x768.jpg\" alt=\"\" class=\"wp-image-147\" srcset=\"https:\/\/eurasierclub.be\/wp-content\/uploads\/2024\/05\/W-nest-week6-1024x768.jpg 1024w, https:\/\/eurasierclub.be\/wp-content\/uploads\/2024\/05\/W-nest-week6-300x225.jpg 300w, https:\/\/eurasierclub.be\/wp-content\/uploads\/2024\/05\/W-nest-week6-768x576.jpg 768w, https:\/\/eurasierclub.be\/wp-content\/uploads\/2024\/05\/W-nest-week6-1536x1152.jpg 1536w, https:\/\/eurasierclub.be\/wp-content\/uploads\/2024\/05\/W-nest-week6-2048x1536.jpg 2048w, https:\/\/eurasierclub.be\/wp-content\/uploads\/2024\/05\/W-nest-week6-1170x878.jpg 1170w\" sizes=\"auto, (max-width: 1024px) 100vw, 1024px\" \/><\/figure>\n\n\n\n<p><br>Pour accueillir un chiot chez vous, voici une premi\u00e8re liste de question \u00e0 vous poser:<\/p>\n\n\n\n<ul class=\"wp-block-list\">\n<li>Avez-vous suffisamment de temps \u00e0 consacrer \u00e0 votre chien chaque jour ? Il aura besoin de balades d\u2019une \u00e0 deux heures par jour. Il faut \u00e9galement ajouter \u00e0 cela le temps d\u2019\u00e9ducation, de soins et de brossage. L\u2019Eurasier est un chien proche de sa famille qui a besoin de temps de qualit\u00e9 avec son entourage tous les jours.<\/li>\n\n\n\n<li>Avez-vous quelqu\u2019un pour s\u2019occuper de votre chien si vous \u00eates malade ou absent ?<\/li>\n\n\n\n<li>Etes-vous pr\u00eat \u00e0 assumer la responsabilit\u00e9 de votre chien durant toute sa vie (12 \u00e0 15 ans) ?<\/li>\n\n\n\n<li>Pourrez-vous vous adapter aux besoins, \u00e0 la personnalit\u00e9 et au caract\u00e8re de votre chien ?<\/li>\n\n\n\n<li>Avez-vous les ressources financi\u00e8res n\u00e9cessaires pour couvrir les frais qui peuvent se pr\u00e9senter : les vaccins, les soins, l\u2019alimentation &#8211; mais aussi les accidents ou les maladies.<\/li>\n<\/ul>\n\n\n\n<p>Vous avez bien r\u00e9fl\u00e9chi aux questions pr\u00e9c\u00e9dentes et vous \u00eates pr\u00eats \u00e0 accueillir un chiot, super !<\/p>\n\n\n\n<p>En passant par le club pour acheter votre chiot, vous soutenez des \u00e9leveurs qui respectent les directives de l\u2019IFEZ et accordent une grande priorit\u00e9 \u00e0 la sant\u00e9 et aux bien-\u00eatre des chiots. Aucun \u00e9levage membre du club n\u2019est un \u00e9levage professionnel qui vit de la vente des chiots. Il s\u2019agit de passionn\u00e9s qui souhaitent avant tout faire perdurer la race sans faire de compromis entre sant\u00e9, caract\u00e8re et beaut\u00e9.<\/p>\n\n\n\n<p><em>Comment \u00e7a se passe ?<\/em><\/p>\n\n\n\n<p>Nous fonctionnons sur liste d&rsquo;attente et on demande aux futurs adoptants de remplir les d\u00e9marches suivantes pour \u00eatre ajout\u00e9s \u00e0 la liste d&rsquo;attente:<\/p>\n\n\n\n<ul class=\"wp-block-list\">\n<li>Rencontrer une personne du club afin que vous en appreniez plus sur la race et que nous en apprenions plus sur vous. Le but est de savoir si l&rsquo;Eurasier est un chien qui peut vous convenir.<\/li>\n\n\n\n<li>Vous joindre \u00e0 un \u00e9v\u00e9nement du club afin de rencontrer de nombreux eurasiers et propri\u00e9taires<\/li>\n\n\n\n<li>Devenir membre du club<\/li>\n<\/ul>\n\n\n\n<p>Une fois ces diff\u00e9rentes \u00e9tapes effectu\u00e9es, vous serez un candidat potentiel sur liste d\u2019attente. Lorsqu\u2019une port\u00e9e nait au sein du club, nous appelons les diff\u00e9rents candidats dans l\u2019ordre de la liste.<\/p>\n\n\n\n<p>Le co\u00fbt minimum d&rsquo;un chiot est de 1800\u20ac, aux quels s&rsquo;ajoutent une caution de 300\u20ac pour les tests de sant\u00e9. Cette caution est demand\u00e9e aux adoptants et rendue lorsque les tests de sant\u00e9 sont effectu\u00e9s. Vous trouverez plus d&rsquo;information \u00e0 ce sujet dans la page sant\u00e9.<\/p>\n\n\n\n<p>Merci de remplir le formulaire suivant si vous \u00eates int\u00e9ress\u00e9s et souhaitez \u00eatre contact\u00e9s pour la liste d&rsquo;attente:<\/p>\n\n\n<div class=\"wpforms-container wpforms-container-full wpforms-block wpforms-block-7d44d30f-f459-46d8-aa8d-f1634202e6e4 wpforms-render-modern\" id=\"wpforms-126\"><form id=\"wpforms-form-126\" class=\"wpforms-validate wpforms-form wpforms-ajax-form\" data-formid=\"126\" method=\"post\" enctype=\"multipart\/form-data\" action=\"\/nl\/wp-json\/wp\/v2\/pages\/32\" data-token=\"dd6f78d36be20533523af678c94c93f5\" data-token-time=\"1777751091\"><noscript class=\"wpforms-error-noscript\">Schakel JavaScript in je browser in om dit formulier in te vullen.<\/noscript><div id=\"wpforms-error-noscript\" style=\"display: none;\">Schakel JavaScript in je browser in om dit formulier in te vullen.<\/div><div class=\"wpforms-field-container\"><div id=\"wpforms-126-field_0-container\" class=\"wpforms-field wpforms-field-name\" data-field-id=\"0\"><fieldset><legend class=\"wpforms-field-label\">Nom <span class=\"wpforms-required-label\" aria-hidden=\"true\">*<\/span><\/legend><div class=\"wpforms-field-row wpforms-field-medium\"><div class=\"wpforms-field-row-block wpforms-first wpforms-one-half\"><input type=\"text\" id=\"wpforms-126-field_0\" class=\"wpforms-field-name-first wpforms-field-required\" name=\"wpforms[fields][0][first]\" aria-errormessage=\"wpforms-126-field_0-error\" required><label for=\"wpforms-126-field_0\" class=\"wpforms-field-sublabel after\">Voornaam<\/label><\/div><div class=\"wpforms-field-row-block wpforms-one-half\"><input type=\"text\" id=\"wpforms-126-field_0-last\" class=\"wpforms-field-name-last wpforms-field-required\" name=\"wpforms[fields][0][last]\" aria-errormessage=\"wpforms-126-field_0-last-error\" required><label for=\"wpforms-126-field_0-last\" class=\"wpforms-field-sublabel after\">Achternaam<\/label><\/div><\/div><\/fieldset><\/div><div id=\"wpforms-126-field_1-container\" class=\"wpforms-field wpforms-field-email\" data-field-id=\"1\"><label class=\"wpforms-field-label\" for=\"wpforms-126-field_1\">E-mail <span class=\"wpforms-required-label\" aria-hidden=\"true\">*<\/span><\/label><input type=\"email\" id=\"wpforms-126-field_1\" class=\"wpforms-field-medium wpforms-field-required\" name=\"wpforms[fields][1]\" spellcheck=\"false\" aria-errormessage=\"wpforms-126-field_1-error\" required><\/div><div id=\"wpforms-126-field_3-container\" class=\"wpforms-field wpforms-field-text\" data-field-id=\"3\"><label class=\"wpforms-field-label\" for=\"wpforms-126-field_3\">Localisation<\/label><input type=\"text\" id=\"wpforms-126-field_3\" class=\"wpforms-field-medium\" name=\"wpforms[fields][3]\" aria-errormessage=\"wpforms-126-field_3-error\" aria-describedby=\"wpforms-126-field_3-description\" ><div id=\"wpforms-126-field_3-description\" class=\"wpforms-field-description\">Ceci \u00e0 pour but de savoir quel membre du club pourrait \u00eatre disponible pour vous rencontrer<\/div><\/div><div id=\"wpforms-126-field_2-container\" class=\"wpforms-field wpforms-field-textarea\" data-field-id=\"2\"><label class=\"wpforms-field-label\" for=\"wpforms-126-field_2\">Commentaire ou message<\/label><textarea id=\"wpforms-126-field_2\" class=\"wpforms-field-medium\" name=\"wpforms[fields][2]\" aria-errormessage=\"wpforms-126-field_2-error\" ><\/textarea><\/div><\/div><!-- .wpforms-field-container --><div class=\"wpforms-submit-container\" ><input type=\"hidden\" name=\"wpforms[id]\" value=\"126\"><input type=\"hidden\" name=\"page_title\" value=\"\"><input type=\"hidden\" name=\"page_url\" value=\"https:\/\/eurasierclub.be\/nl\/wp-json\/wp\/v2\/pages\/32\"><input type=\"hidden\" name=\"url_referer\" value=\"\"><button type=\"submit\" name=\"wpforms[submit]\" id=\"wpforms-submit-126\" class=\"wpforms-submit\" data-alt-text=\"Envoi...\" data-submit-text=\"Envoyer\" aria-live=\"assertive\" value=\"wpforms-submit\">Envoyer<\/button><img loading=\"lazy\" decoding=\"async\" src=\"https:\/\/eurasierclub.be\/wp-content\/plugins\/wpforms-lite\/assets\/images\/submit-spin.svg\" class=\"wpforms-submit-spinner\" style=\"display: none;\" width=\"26\" height=\"26\" alt=\"Aan het laden\"><\/div><\/form><\/div>  <!-- .wpforms-container -->","protected":false},"excerpt":{"rendered":"<p>Vous avez d\u00e9couvert l\u2019Eurasier et vous souhaiteriez accueillir un petit eurasier chez vous ?C\u2019est un tr\u00e8s beau projet ! Pour accueillir un chiot chez vous, voici une premi\u00e8re liste de question \u00e0 vous poser: Vous avez bien r\u00e9fl\u00e9chi aux questions pr\u00e9c\u00e9dentes et vous \u00eates pr\u00eats \u00e0 accueillir un chiot, super ! En passant par le [&hellip;]<\/p>\n","protected":false},"author":1,"featured_media":0,"parent":0,"menu_order":0,"comment_status":"closed","ping_status":"closed","template":"","meta":{"footnotes":""},"class_list":["post-32","page","type-page","status-publish","hentry"],"yoast_head":"<!-- This site is optimized with the Yoast SEO plugin v27.0 - https:\/\/yoast.com\/product\/yoast-seo-wordpress\/ -->\n<title>Accueillir un chiot - Eurasier Club Belgium<\/title>\n<meta name=\"description\" content=\"eurasier club belgique belgie belgium\" \/>\n<meta name=\"robots\" content=\"index, follow, max-snippet:-1, max-image-preview:large, max-video-preview:-1\" \/>\n<link rel=\"canonical\" href=\"https:\/\/eurasierclub.be\/nl\/accueillir-un-chiot\/\" \/>\n<meta property=\"og:locale\" content=\"nl_BE\" \/>\n<meta property=\"og:type\" content=\"article\" \/>\n<meta property=\"og:title\" content=\"Accueillir un chiot - Eurasier Club Belgium\" \/>\n<meta property=\"og:description\" content=\"eurasier club belgique belgie belgium\" \/>\n<meta property=\"og:url\" content=\"https:\/\/eurasierclub.be\/nl\/accueillir-un-chiot\/\" \/>\n<meta property=\"og:site_name\" content=\"Eurasier Club Belgium\" \/>\n<meta property=\"article:publisher\" content=\"https:\/\/www.facebook.com\/EcbEurasierClubBelgie\" \/>\n<meta property=\"article:modified_time\" content=\"2024-06-25T09:12:58+00:00\" \/>\n<meta property=\"og:image\" content=\"https:\/\/eurasierclub.be\/wp-content\/uploads\/2024\/05\/W-nest-week6-1024x768.jpg\" \/>\n<meta name=\"twitter:card\" content=\"summary_large_image\" \/>\n<meta name=\"twitter:label1\" content=\"Geschatte leestijd\" \/>\n\t<meta name=\"twitter:data1\" content=\"3 minuten\" \/>\n<script type=\"application\/ld+json\" class=\"yoast-schema-graph\">{\"@context\":\"https:\/\/schema.org\",\"@graph\":[{\"@type\":\"WebPage\",\"@id\":\"https:\/\/eurasierclub.be\/accueillir-un-chiot\/\",\"url\":\"https:\/\/eurasierclub.be\/accueillir-un-chiot\/\",\"name\":\"Accueillir un chiot - Eurasier Club Belgium\",\"isPartOf\":{\"@id\":\"https:\/\/eurasierclub.be\/#website\"},\"primaryImageOfPage\":{\"@id\":\"https:\/\/eurasierclub.be\/accueillir-un-chiot\/#primaryimage\"},\"image\":{\"@id\":\"https:\/\/eurasierclub.be\/accueillir-un-chiot\/#primaryimage\"},\"thumbnailUrl\":\"https:\/\/eurasierclub.be\/wp-content\/uploads\/2024\/05\/W-nest-week6-1024x768.jpg\",\"datePublished\":\"2024-04-04T13:44:34+00:00\",\"dateModified\":\"2024-06-25T09:12:58+00:00\",\"description\":\"eurasier club belgique belgie belgium\",\"breadcrumb\":{\"@id\":\"https:\/\/eurasierclub.be\/accueillir-un-chiot\/#breadcrumb\"},\"inLanguage\":\"nl-BE\",\"potentialAction\":[{\"@type\":\"ReadAction\",\"target\":[\"https:\/\/eurasierclub.be\/accueillir-un-chiot\/\"]}]},{\"@type\":\"ImageObject\",\"inLanguage\":\"nl-BE\",\"@id\":\"https:\/\/eurasierclub.be\/accueillir-un-chiot\/#primaryimage\",\"url\":\"https:\/\/eurasierclub.be\/wp-content\/uploads\/2024\/05\/W-nest-week6-1024x768.jpg\",\"contentUrl\":\"https:\/\/eurasierclub.be\/wp-content\/uploads\/2024\/05\/W-nest-week6-1024x768.jpg\"},{\"@type\":\"BreadcrumbList\",\"@id\":\"https:\/\/eurasierclub.be\/accueillir-un-chiot\/#breadcrumb\",\"itemListElement\":[{\"@type\":\"ListItem\",\"position\":1,\"name\":\"Accueil\",\"item\":\"https:\/\/eurasierclub.be\/\"},{\"@type\":\"ListItem\",\"position\":2,\"name\":\"Accueillir un chiot\"}]},{\"@type\":\"WebSite\",\"@id\":\"https:\/\/eurasierclub.be\/#website\",\"url\":\"https:\/\/eurasierclub.be\/\",\"name\":\"Eurasier Club Belgium\",\"description\":\"Eurasier Club Belgium\",\"publisher\":{\"@id\":\"https:\/\/eurasierclub.be\/#organization\"},\"alternateName\":\"eurasier belgium\",\"potentialAction\":[{\"@type\":\"SearchAction\",\"target\":{\"@type\":\"EntryPoint\",\"urlTemplate\":\"https:\/\/eurasierclub.be\/?s={search_term_string}\"},\"query-input\":{\"@type\":\"PropertyValueSpecification\",\"valueRequired\":true,\"valueName\":\"search_term_string\"}}],\"inLanguage\":\"nl-BE\"},{\"@type\":\"Organization\",\"@id\":\"https:\/\/eurasierclub.be\/#organization\",\"name\":\"ECB\",\"alternateName\":\"Eurasier Club Belgium\",\"url\":\"https:\/\/eurasierclub.be\/\",\"logo\":{\"@type\":\"ImageObject\",\"inLanguage\":\"nl-BE\",\"@id\":\"https:\/\/eurasierclub.be\/#\/schema\/logo\/image\/\",\"url\":\"https:\/\/eurasierclub.be\/wp-content\/uploads\/2024\/04\/eurasier.jpg\",\"contentUrl\":\"https:\/\/eurasierclub.be\/wp-content\/uploads\/2024\/04\/eurasier.jpg\",\"width\":493,\"height\":444,\"caption\":\"ECB\"},\"image\":{\"@id\":\"https:\/\/eurasierclub.be\/#\/schema\/logo\/image\/\"},\"sameAs\":[\"https:\/\/www.facebook.com\/EcbEurasierClubBelgie\",\"https:\/\/www.instagram.com\/eurasierclubbelgium\/\"]}]}<\/script>\n<!-- \/ Yoast SEO plugin. -->","yoast_head_json":{"title":"Accueillir un chiot - Eurasier Club Belgium","description":"eurasier club belgique belgie belgium","robots":{"index":"index","follow":"follow","max-snippet":"max-snippet:-1","max-image-preview":"max-image-preview:large","max-video-preview":"max-video-preview:-1"},"canonical":"https:\/\/eurasierclub.be\/nl\/accueillir-un-chiot\/","og_locale":"nl_BE","og_type":"article","og_title":"Accueillir un chiot - Eurasier Club Belgium","og_description":"eurasier club belgique belgie belgium","og_url":"https:\/\/eurasierclub.be\/nl\/accueillir-un-chiot\/","og_site_name":"Eurasier Club Belgium","article_publisher":"https:\/\/www.facebook.com\/EcbEurasierClubBelgie","article_modified_time":"2024-06-25T09:12:58+00:00","og_image":[{"url":"https:\/\/eurasierclub.be\/wp-content\/uploads\/2024\/05\/W-nest-week6-1024x768.jpg","type":"","width":"","height":""}],"twitter_card":"summary_large_image","twitter_misc":{"Geschatte leestijd":"3 minuten"},"schema":{"@context":"https:\/\/schema.org","@graph":[{"@type":"WebPage","@id":"https:\/\/eurasierclub.be\/accueillir-un-chiot\/","url":"https:\/\/eurasierclub.be\/accueillir-un-chiot\/","name":"Accueillir un chiot - Eurasier Club Belgium","isPartOf":{"@id":"https:\/\/eurasierclub.be\/#website"},"primaryImageOfPage":{"@id":"https:\/\/eurasierclub.be\/accueillir-un-chiot\/#primaryimage"},"image":{"@id":"https:\/\/eurasierclub.be\/accueillir-un-chiot\/#primaryimage"},"thumbnailUrl":"https:\/\/eurasierclub.be\/wp-content\/uploads\/2024\/05\/W-nest-week6-1024x768.jpg","datePublished":"2024-04-04T13:44:34+00:00","dateModified":"2024-06-25T09:12:58+00:00","description":"eurasier club belgique belgie belgium","breadcrumb":{"@id":"https:\/\/eurasierclub.be\/accueillir-un-chiot\/#breadcrumb"},"inLanguage":"nl-BE","potentialAction":[{"@type":"ReadAction","target":["https:\/\/eurasierclub.be\/accueillir-un-chiot\/"]}]},{"@type":"ImageObject","inLanguage":"nl-BE","@id":"https:\/\/eurasierclub.be\/accueillir-un-chiot\/#primaryimage","url":"https:\/\/eurasierclub.be\/wp-content\/uploads\/2024\/05\/W-nest-week6-1024x768.jpg","contentUrl":"https:\/\/eurasierclub.be\/wp-content\/uploads\/2024\/05\/W-nest-week6-1024x768.jpg"},{"@type":"BreadcrumbList","@id":"https:\/\/eurasierclub.be\/accueillir-un-chiot\/#breadcrumb","itemListElement":[{"@type":"ListItem","position":1,"name":"Accueil","item":"https:\/\/eurasierclub.be\/"},{"@type":"ListItem","position":2,"name":"Accueillir un chiot"}]},{"@type":"WebSite","@id":"https:\/\/eurasierclub.be\/#website","url":"https:\/\/eurasierclub.be\/","name":"Eurasier Club Belgium","description":"Eurasier Club Belgium","publisher":{"@id":"https:\/\/eurasierclub.be\/#organization"},"alternateName":"eurasier belgium","potentialAction":[{"@type":"SearchAction","target":{"@type":"EntryPoint","urlTemplate":"https:\/\/eurasierclub.be\/?s={search_term_string}"},"query-input":{"@type":"PropertyValueSpecification","valueRequired":true,"valueName":"search_term_string"}}],"inLanguage":"nl-BE"},{"@type":"Organization","@id":"https:\/\/eurasierclub.be\/#organization","name":"ECB","alternateName":"Eurasier Club Belgium","url":"https:\/\/eurasierclub.be\/","logo":{"@type":"ImageObject","inLanguage":"nl-BE","@id":"https:\/\/eurasierclub.be\/#\/schema\/logo\/image\/","url":"https:\/\/eurasierclub.be\/wp-content\/uploads\/2024\/04\/eurasier.jpg","contentUrl":"https:\/\/eurasierclub.be\/wp-content\/uploads\/2024\/04\/eurasier.jpg","width":493,"height":444,"caption":"ECB"},"image":{"@id":"https:\/\/eurasierclub.be\/#\/schema\/logo\/image\/"},"sameAs":["https:\/\/www.facebook.com\/EcbEurasierClubBelgie","https:\/\/www.instagram.com\/eurasierclubbelgium\/"]}]}},"_links":{"self":[{"href":"https:\/\/eurasierclub.be\/nl\/wp-json\/wp\/v2\/pages\/32","targetHints":{"allow":["GET"]}}],"collection":[{"href":"https:\/\/eurasierclub.be\/nl\/wp-json\/wp\/v2\/pages"}],"about":[{"href":"https:\/\/eurasierclub.be\/nl\/wp-json\/wp\/v2\/types\/page"}],"author":[{"embeddable":true,"href":"https:\/\/eurasierclub.be\/nl\/wp-json\/wp\/v2\/users\/1"}],"replies":[{"embeddable":true,"href":"https:\/\/eurasierclub.be\/nl\/wp-json\/wp\/v2\/comments?post=32"}],"version-history":[{"count":6,"href":"https:\/\/eurasierclub.be\/nl\/wp-json\/wp\/v2\/pages\/32\/revisions"}],"predecessor-version":[{"id":532,"href":"https:\/\/eurasierclub.be\/nl\/wp-json\/wp\/v2\/pages\/32\/revisions\/532"}],"wp:attachment":[{"href":"https:\/\/eurasierclub.be\/nl\/wp-json\/wp\/v2\/media?parent=32"}],"curies":[{"name":"wp","href":"https:\/\/api.w.org\/{rel}","templated":true}]}}