{"id":659,"date":"2025-01-27T12:11:19","date_gmt":"2025-01-27T11:11:19","guid":{"rendered":"https:\/\/eurasierclub.be\/?page_id=659"},"modified":"2025-02-18T13:35:47","modified_gmt":"2025-02-18T12:35:47","slug":"tests-de-sante-demandes","status":"publish","type":"page","link":"https:\/\/eurasierclub.be\/nl\/tests-de-sante-demandes\/","title":{"rendered":"Gezondheidstests aangevraagd"},"content":{"rendered":"<p>Eurasiers zijn relatief robuuste honden. Er moeten echter voorzorgsmaatregelen worden genomen om bepaalde ziekten die inherent zijn aan het ras te beperken.<br>Andere ziekten komen voor in ons ras zonder dat er genetische tests beschikbaar zijn. Meer informatie over deze ziekten is beschikbaar <a href=\"https:\/\/eurasierclub.be\/nl\/declarer-la-maladie-de-votre-eurasier\/\">hier<\/a>.<br>Hier is de lijst met gezondheidstesten die vereist zijn om te fokken in onze rasvereniging.<\/p>\n\n\n\n<h2 class=\"wp-block-heading\">Heupdysplasie (HD)<\/h2>\n\n\n\n<ul class=\"wp-block-list\">\n<li>Om de heupen van je hond te testen, moet een bevoegde dierenarts r\u00f6ntgenfoto's maken en deze opsturen naar een organisatie die erkend is door de SRSH\/FCI om ze te laten lezen. In Belgi\u00eb verstuurt de dierenarts de r\u00f6ntgenfoto's meestal op Sint-Hubertusdag. Dit onderzoek kan alleen worden uitgevoerd als de hond 18 maanden oud is.<\/li>\n\n\n\n<li>Elke combinatie van ouderdieren mag worden gevormd tussen honden met FCI-classificaties HD-A en HD-B.<\/li>\n\n\n\n<li>Honden met een HD-C of HD-D of HD-E uitslag kunnen niet gebruikt worden voor voortplanting.<\/li>\n\n\n\n<li>Als in het buitenland geregistreerde mannetjes worden gebruikt, zijn de bovenstaande regels van toepassing.<\/li>\n<\/ul>\n\n\n\n<h2 class=\"wp-block-heading\">Patella ontwrichting (PL)<\/h2>\n\n\n\n<ul class=\"wp-block-list\">\n<li>Fokkers moeten hun honden laten onderzoeken op patella luxatie. De dierenarts voert dit onderzoek uit door manipulatie, te beginnen als de hond 18 maanden oud is.<\/li>\n\n\n\n<li>Fokkers mogen geen honden met patella luxatie of honden die in het verleden geopereerd zijn gebruiken voor de fok.<\/li>\n\n\n\n<li>Als in het buitenland geregistreerde mannetjes worden gebruikt, zijn de bovenstaande regels van toepassing.<\/li>\n<\/ul>\n\n\n\n<h2 class=\"wp-block-heading\">Ogen (ECVO)<\/h2>\n\n\n\n<ul class=\"wp-block-list\">\n<li>Fokkers moeten hun honden laten onderzoeken door een ECVO-gecertificeerde oogarts. Het doel is om erfelijke oogafwijkingen, ooglidafwijkingen en goniodysplasie te voorkomen.<\/li>\n\n\n\n<li>Dit onderzoek kan pas plaatsvinden vanaf de dag dat de hond 18 maanden oud is.<\/li>\n\n\n\n<li>De fokker mag elke combinatie vormen tussen twee honden zonder oogafwijkingen.<\/li>\n\n\n\n<li>De fokker mag alleen twee honden die lijden aan een milde vorm van distichiasis combineren met honden die vrij zijn van deze afwijking.<\/li>\n\n\n\n<li>De fokker mag alleen honden die lijden aan een milde vorm van goniodysplasie fokken met honden die vrij zijn van deze afwijking.<\/li>\n\n\n\n<li>De fokker moet honden die niet vrij zijn van de andere onderzochte oogafwijkingen, uitsluiten van de fok.<\/li>\n\n\n\n<li>Als in het buitenland geregistreerde mannetjes worden gebruikt, zijn de bovenstaande regels van toepassing.<\/li>\n<\/ul>\n\n\n\n<p>Je kunt de lijst van ECVO-beoefenaars vinden op <a href=\"https:\/\/belgianecvopanel.be\/nederlands\">deze pagina<\/a><\/p>\n\n\n\n<h2 class=\"wp-block-heading\">Dandy Walker<\/h2>\n\n\n\n<div class=\"wp-block-columns is-layout-flex wp-container-core-columns-is-layout-28f84493 wp-block-columns-is-layout-flex\">\n<div class=\"wp-block-column is-layout-flow wp-block-column-is-layout-flow\">\n<p>Fokkers moeten hun fokhonden en\/of ouderdieren laten onderzoeken om erfelijk Dandy Walker syndroom te voorkomen. Je dierenarts zal een speekselmonster nemen en dit naar een laboratorium sturen.<\/p>\n\n\n\n<p>Met deze genetische test kunnen we bepalen of het ouderdier drager is van het recessieve Dandy Walker-gen. Het gen wordt recessief genoemd omdat een drager niet wordt aangetast. Als een gen dominant is, wordt de drager ook aangetast.<\/p>\n\n\n\n<p>Deze test maakt het dus mogelijk om te bepalen of de hond een \u201cdrager\u201d is die de ziekte kan overdragen op zijn nakomelingen. <br>Als de genmutatie niet aanwezig is, is het dier \u201cvrij\u201d. <br>De fokker moet honden met Dandy Walker uitsluiten van de fok. <br><\/p>\n<\/div>\n\n\n\n<div class=\"wp-block-column is-layout-flow wp-block-column-is-layout-flow\">\n<figure class=\"wp-block-image size-large\"><img loading=\"lazy\" decoding=\"async\" width=\"1024\" height=\"1024\" src=\"https:\/\/eurasierclub.be\/wp-content\/uploads\/2025\/01\/Votre-texte-de-paragraphe-1024x1024.png\" alt=\"\" class=\"wp-image-660\" srcset=\"\" sizes=\"auto, (max-width: 1024px) 100vw, 1024px\" data-srcset=\"\" \/><figcaption class=\"wp-element-caption\">Hoe Dandy Walker wordt doorgegeven<\/figcaption><\/figure>\n\n\n\n<p>Honden die \u201cdrager\u201d zijn van het Dandy Walker syndroom mogen zich alleen voortplanten met een hond die vrij is van het syndroom en onder bepaalde voorwaarden binnen de club. Omdat het doel is om de Eurasier genenpoel niet te veel te beperken, mag een dragerhond zich op een gecontroleerde manier voortplanten.<\/p>\n<\/div>\n<\/div>\n\n\n\n<h2 class=\"wp-block-heading\">Schildklier<\/h2>\n\n\n\n<ul class=\"wp-block-list\">\n<li>Fokkers moeten de schildklieren van hun honden regelmatig testen om auto-immuunhypothyreo\u00efdie te voorkomen.<\/li>\n\n\n\n<li>Dit onderzoek kan alleen worden uitgevoerd vanaf de dag dat de hond in kwestie 18 maanden oud is. Het moet ook voor elk nest herhaald worden.<\/li>\n\n\n\n<li>De dierenarts neemt een bloedmonster en stuurt dat naar het laboratorium. Je moet de <strong>TGAA <\/strong>(anti-thyroglobuline antilichamen)<strong>, vrij T4 en TSH<\/strong>.<\/li>\n\n\n\n<li><strong>De resultaten van het schildklieronderzoek mogen op het moment van dekking niet ouder zijn dan 1 jaar. Bij honden ouder dan 5 jaar,<\/strong> deze test<strong> mag niet ouder zijn dan 2 jaar op het moment van dekking.<\/strong><\/li>\n\n\n\n<li>De fokker moet honden terugtrekken waarvoor het resultaat van de\u00a0<strong>TGAA\u00a0<\/strong>is positief voor reproductie. De overige waarden, totaal T4 en TSH, moeten binnen de referentiewaarden liggen die door het betreffende laboratorium worden aanbevole<\/li>\n<\/ul>\n\n\n\n<p><\/p>\n\n\n\n<h2 class=\"wp-block-heading\">DNA en afstamming<\/h2>\n\n\n\n<p>Fokkers moeten de puppy's en hun ouders laten DNA-testen om er zeker van te zijn dat de puppy's afkomstig zijn van de ouders die bij de SRSH zijn aangegeven.<br>Dit geldt ook als het gebruikte mannetje buitenlands is.<\/p>\n\n\n\n<h2 class=\"wp-block-heading\">Gezondheidstests en borg<\/h2>\n\n\n\n<p>Als je via onze club wilt adopteren, vraagt de ECB je om een aanbetaling van \u20ac300. Deze borg krijg je terug als je de gevraagde gezondheidstesten hebt uitgevoerd, binnen de eerste 4 levensjaren van je puppy.<\/p>\n\n\n\n<p><em>Maar waarom zou ik de gezondheidstests doen als ik niet wil dat hij zich voortplant?<\/em><br>Toegegeven, je wilt niet fokken met je hond, dus je kunt je afvragen wat het nut is van gezondheidstesten met je hond. <br>Deze gezondheidstesten worden niet voor niets aangevraagd, zoals je je kunt voorstellen! Het belang ligt in het welzijn en de algehele gezondheid van het ras. <br>Ons doel is om een zo nauwkeurig mogelijk beeld te krijgen van hoe de gezondheid van ons ras zich ontwikkelt. We willen gezonde honden blijven fokken, maar ook honden die geen gebreken doorgeven aan hun nakomelingen. <br>Dit is alleen mogelijk als we zoveel mogelijk gegevens hebben! <br>Het is belangrijk dat de fokcommissie controleert of de puppy's die uit de huwelijken voortkomen in goede gezondheid zijn en of de testen goed zijn.<\/p>\n\n\n\n<p><em>Als je het niet doet om je voort te planten, dan doe je het om het ras in stand te houden en het welzijn te waarborgen.<\/em><\/p>\n\n\n\n<p>Informatie over ECB fokhonden vindt u op de pagina<\/p>\n\n\n\n<p><\/p>","protected":false},"excerpt":{"rendered":"<p>L&rsquo;Eurasier est un chien relativement robuste. Cependant il convient de prendre des pr\u00e9cautions pour limiter certaines maladies inh\u00e9rentes \u00e0 la race.D&rsquo;autres maladies existent dans notre race sans tests g\u00e9n\u00e9tiques disponibles. Plus d\u2019informations sur ces maladies sont disponibles ici.Voici la liste des tests de sant\u00e9 requis pour reproduire au sein de notre club de race. Dysplasie [&hellip;]<\/p>\n","protected":false},"author":1,"featured_media":0,"parent":0,"menu_order":0,"comment_status":"closed","ping_status":"closed","template":"","meta":{"footnotes":""},"class_list":["post-659","page","type-page","status-publish","hentry"],"yoast_head":"<!-- This site is optimized with the Yoast SEO plugin v27.0 - https:\/\/yoast.com\/product\/yoast-seo-wordpress\/ -->\n<title>Tests de sant\u00e9 demand\u00e9s<\/title>\n<meta name=\"description\" content=\"Tests de sant\u00e9s demand\u00e9s par l&#039;IFEZ pour la reproduction d&#039;Eurasier - Gezondheidstests aangevraagd door IFEZ en ECB voor reproductie Eurasier\" \/>\n<meta name=\"robots\" content=\"index, follow, max-snippet:-1, max-image-preview:large, max-video-preview:-1\" \/>\n<link rel=\"canonical\" href=\"https:\/\/eurasierclub.be\/nl\/tests-de-sante-demandes\/\" \/>\n<meta property=\"og:locale\" content=\"nl_BE\" \/>\n<meta property=\"og:type\" content=\"article\" \/>\n<meta property=\"og:title\" content=\"Tests de sant\u00e9 demand\u00e9s\" \/>\n<meta property=\"og:description\" content=\"Tests de sant\u00e9s demand\u00e9s par l&#039;IFEZ pour la reproduction d&#039;Eurasier - Gezondheidstests aangevraagd door IFEZ en ECB voor reproductie Eurasier\" \/>\n<meta property=\"og:url\" content=\"https:\/\/eurasierclub.be\/nl\/tests-de-sante-demandes\/\" \/>\n<meta property=\"og:site_name\" content=\"Eurasier Club Belgium\" \/>\n<meta property=\"article:publisher\" content=\"https:\/\/www.facebook.com\/EcbEurasierClubBelgie\" \/>\n<meta property=\"article:modified_time\" content=\"2025-02-18T12:35:47+00:00\" \/>\n<meta property=\"og:image\" content=\"https:\/\/eurasierclub.be\/wp-content\/uploads\/2025\/01\/Votre-texte-de-paragraphe.png\" \/>\n\t<meta property=\"og:image:width\" content=\"1080\" \/>\n\t<meta property=\"og:image:height\" content=\"1080\" \/>\n\t<meta property=\"og:image:type\" content=\"image\/png\" \/>\n<meta name=\"twitter:card\" content=\"summary_large_image\" \/>\n<meta name=\"twitter:label1\" content=\"Geschatte leestijd\" \/>\n\t<meta name=\"twitter:data1\" content=\"6 minuten\" \/>\n<script type=\"application\/ld+json\" class=\"yoast-schema-graph\">{\"@context\":\"https:\/\/schema.org\",\"@graph\":[{\"@type\":\"WebPage\",\"@id\":\"https:\/\/eurasierclub.be\/tests-de-sante-demandes\/\",\"url\":\"https:\/\/eurasierclub.be\/tests-de-sante-demandes\/\",\"name\":\"Tests de sant\u00e9 demand\u00e9s\",\"isPartOf\":{\"@id\":\"https:\/\/eurasierclub.be\/#website\"},\"primaryImageOfPage\":{\"@id\":\"https:\/\/eurasierclub.be\/tests-de-sante-demandes\/#primaryimage\"},\"image\":{\"@id\":\"https:\/\/eurasierclub.be\/tests-de-sante-demandes\/#primaryimage\"},\"thumbnailUrl\":\"https:\/\/eurasierclub.be\/wp-content\/uploads\/2025\/01\/Votre-texte-de-paragraphe-1024x1024.png\",\"datePublished\":\"2025-01-27T11:11:19+00:00\",\"dateModified\":\"2025-02-18T12:35:47+00:00\",\"description\":\"Tests de sant\u00e9s demand\u00e9s par l'IFEZ pour la reproduction d'Eurasier - Gezondheidstests aangevraagd door IFEZ en ECB voor reproductie Eurasier\",\"breadcrumb\":{\"@id\":\"https:\/\/eurasierclub.be\/tests-de-sante-demandes\/#breadcrumb\"},\"inLanguage\":\"nl-BE\",\"potentialAction\":[{\"@type\":\"ReadAction\",\"target\":[\"https:\/\/eurasierclub.be\/tests-de-sante-demandes\/\"]}]},{\"@type\":\"ImageObject\",\"inLanguage\":\"nl-BE\",\"@id\":\"https:\/\/eurasierclub.be\/tests-de-sante-demandes\/#primaryimage\",\"url\":\"https:\/\/eurasierclub.be\/wp-content\/uploads\/2025\/01\/Votre-texte-de-paragraphe-1024x1024.png\",\"contentUrl\":\"https:\/\/eurasierclub.be\/wp-content\/uploads\/2025\/01\/Votre-texte-de-paragraphe-1024x1024.png\"},{\"@type\":\"BreadcrumbList\",\"@id\":\"https:\/\/eurasierclub.be\/tests-de-sante-demandes\/#breadcrumb\",\"itemListElement\":[{\"@type\":\"ListItem\",\"position\":1,\"name\":\"Accueil\",\"item\":\"https:\/\/eurasierclub.be\/\"},{\"@type\":\"ListItem\",\"position\":2,\"name\":\"Tests de sant\u00e9 demand\u00e9s\"}]},{\"@type\":\"WebSite\",\"@id\":\"https:\/\/eurasierclub.be\/#website\",\"url\":\"https:\/\/eurasierclub.be\/\",\"name\":\"Eurasier Club Belgium\",\"description\":\"Eurasier Club Belgium\",\"publisher\":{\"@id\":\"https:\/\/eurasierclub.be\/#organization\"},\"alternateName\":\"eurasier belgium\",\"potentialAction\":[{\"@type\":\"SearchAction\",\"target\":{\"@type\":\"EntryPoint\",\"urlTemplate\":\"https:\/\/eurasierclub.be\/?s={search_term_string}\"},\"query-input\":{\"@type\":\"PropertyValueSpecification\",\"valueRequired\":true,\"valueName\":\"search_term_string\"}}],\"inLanguage\":\"nl-BE\"},{\"@type\":\"Organization\",\"@id\":\"https:\/\/eurasierclub.be\/#organization\",\"name\":\"ECB\",\"alternateName\":\"Eurasier Club Belgium\",\"url\":\"https:\/\/eurasierclub.be\/\",\"logo\":{\"@type\":\"ImageObject\",\"inLanguage\":\"nl-BE\",\"@id\":\"https:\/\/eurasierclub.be\/#\/schema\/logo\/image\/\",\"url\":\"https:\/\/eurasierclub.be\/wp-content\/uploads\/2024\/04\/eurasier.jpg\",\"contentUrl\":\"https:\/\/eurasierclub.be\/wp-content\/uploads\/2024\/04\/eurasier.jpg\",\"width\":493,\"height\":444,\"caption\":\"ECB\"},\"image\":{\"@id\":\"https:\/\/eurasierclub.be\/#\/schema\/logo\/image\/\"},\"sameAs\":[\"https:\/\/www.facebook.com\/EcbEurasierClubBelgie\",\"https:\/\/www.instagram.com\/eurasierclubbelgium\/\"]}]}<\/script>\n<!-- \/ Yoast SEO plugin. -->","yoast_head_json":{"title":"Gezondheidstests aangevraagd","description":"Tests de sant\u00e9s demand\u00e9s par l'IFEZ pour la reproduction d'Eurasier - Gezondheidstests aangevraagd door IFEZ en ECB voor reproductie Eurasier","robots":{"index":"index","follow":"follow","max-snippet":"max-snippet:-1","max-image-preview":"max-image-preview:large","max-video-preview":"max-video-preview:-1"},"canonical":"https:\/\/eurasierclub.be\/nl\/tests-de-sante-demandes\/","og_locale":"nl_BE","og_type":"article","og_title":"Tests de sant\u00e9 demand\u00e9s","og_description":"Tests de sant\u00e9s demand\u00e9s par l'IFEZ pour la reproduction d'Eurasier - Gezondheidstests aangevraagd door IFEZ en ECB voor reproductie Eurasier","og_url":"https:\/\/eurasierclub.be\/nl\/tests-de-sante-demandes\/","og_site_name":"Eurasier Club Belgium","article_publisher":"https:\/\/www.facebook.com\/EcbEurasierClubBelgie","article_modified_time":"2025-02-18T12:35:47+00:00","og_image":[{"width":1080,"height":1080,"url":"https:\/\/eurasierclub.be\/wp-content\/uploads\/2025\/01\/Votre-texte-de-paragraphe.png","type":"image\/png"}],"twitter_card":"summary_large_image","twitter_misc":{"Geschatte leestijd":"6 minuten"},"schema":{"@context":"https:\/\/schema.org","@graph":[{"@type":"WebPage","@id":"https:\/\/eurasierclub.be\/tests-de-sante-demandes\/","url":"https:\/\/eurasierclub.be\/tests-de-sante-demandes\/","name":"Gezondheidstests aangevraagd","isPartOf":{"@id":"https:\/\/eurasierclub.be\/#website"},"primaryImageOfPage":{"@id":"https:\/\/eurasierclub.be\/tests-de-sante-demandes\/#primaryimage"},"image":{"@id":"https:\/\/eurasierclub.be\/tests-de-sante-demandes\/#primaryimage"},"thumbnailUrl":"https:\/\/eurasierclub.be\/wp-content\/uploads\/2025\/01\/Votre-texte-de-paragraphe-1024x1024.png","datePublished":"2025-01-27T11:11:19+00:00","dateModified":"2025-02-18T12:35:47+00:00","description":"Tests de sant\u00e9s demand\u00e9s par l'IFEZ pour la reproduction d'Eurasier - Gezondheidstests aangevraagd door IFEZ en ECB voor reproductie Eurasier","breadcrumb":{"@id":"https:\/\/eurasierclub.be\/tests-de-sante-demandes\/#breadcrumb"},"inLanguage":"nl-BE","potentialAction":[{"@type":"ReadAction","target":["https:\/\/eurasierclub.be\/tests-de-sante-demandes\/"]}]},{"@type":"ImageObject","inLanguage":"nl-BE","@id":"https:\/\/eurasierclub.be\/tests-de-sante-demandes\/#primaryimage","url":"https:\/\/eurasierclub.be\/wp-content\/uploads\/2025\/01\/Votre-texte-de-paragraphe-1024x1024.png","contentUrl":"https:\/\/eurasierclub.be\/wp-content\/uploads\/2025\/01\/Votre-texte-de-paragraphe-1024x1024.png"},{"@type":"BreadcrumbList","@id":"https:\/\/eurasierclub.be\/tests-de-sante-demandes\/#breadcrumb","itemListElement":[{"@type":"ListItem","position":1,"name":"Accueil","item":"https:\/\/eurasierclub.be\/"},{"@type":"ListItem","position":2,"name":"Tests de sant\u00e9 demand\u00e9s"}]},{"@type":"WebSite","@id":"https:\/\/eurasierclub.be\/#website","url":"https:\/\/eurasierclub.be\/","name":"Eurasier Club Belgium","description":"Eurasier Club Belgium","publisher":{"@id":"https:\/\/eurasierclub.be\/#organization"},"alternateName":"eurasier belgium","potentialAction":[{"@type":"SearchAction","target":{"@type":"EntryPoint","urlTemplate":"https:\/\/eurasierclub.be\/?s={search_term_string}"},"query-input":{"@type":"PropertyValueSpecification","valueRequired":true,"valueName":"search_term_string"}}],"inLanguage":"nl-BE"},{"@type":"Organization","@id":"https:\/\/eurasierclub.be\/#organization","name":"ECB","alternateName":"Eurasier Club Belgium","url":"https:\/\/eurasierclub.be\/","logo":{"@type":"ImageObject","inLanguage":"nl-BE","@id":"https:\/\/eurasierclub.be\/#\/schema\/logo\/image\/","url":"https:\/\/eurasierclub.be\/wp-content\/uploads\/2024\/04\/eurasier.jpg","contentUrl":"https:\/\/eurasierclub.be\/wp-content\/uploads\/2024\/04\/eurasier.jpg","width":493,"height":444,"caption":"ECB"},"image":{"@id":"https:\/\/eurasierclub.be\/#\/schema\/logo\/image\/"},"sameAs":["https:\/\/www.facebook.com\/EcbEurasierClubBelgie","https:\/\/www.instagram.com\/eurasierclubbelgium\/"]}]}},"_links":{"self":[{"href":"https:\/\/eurasierclub.be\/nl\/wp-json\/wp\/v2\/pages\/659","targetHints":{"allow":["GET"]}}],"collection":[{"href":"https:\/\/eurasierclub.be\/nl\/wp-json\/wp\/v2\/pages"}],"about":[{"href":"https:\/\/eurasierclub.be\/nl\/wp-json\/wp\/v2\/types\/page"}],"author":[{"embeddable":true,"href":"https:\/\/eurasierclub.be\/nl\/wp-json\/wp\/v2\/users\/1"}],"replies":[{"embeddable":true,"href":"https:\/\/eurasierclub.be\/nl\/wp-json\/wp\/v2\/comments?post=659"}],"version-history":[{"count":3,"href":"https:\/\/eurasierclub.be\/nl\/wp-json\/wp\/v2\/pages\/659\/revisions"}],"predecessor-version":[{"id":689,"href":"https:\/\/eurasierclub.be\/nl\/wp-json\/wp\/v2\/pages\/659\/revisions\/689"}],"wp:attachment":[{"href":"https:\/\/eurasierclub.be\/nl\/wp-json\/wp\/v2\/media?parent=659"}],"curies":[{"name":"wp","href":"https:\/\/api.w.org\/{rel}","templated":true}]}}