{"id":789,"date":"2025-07-11T09:51:35","date_gmt":"2025-07-11T07:51:35","guid":{"rendered":"https:\/\/eurasierclub.be\/?page_id=789"},"modified":"2025-07-11T09:51:36","modified_gmt":"2025-07-11T07:51:36","slug":"barbecue-annuel","status":"publish","type":"page","link":"https:\/\/eurasierclub.be\/nl\/barbecue-annuel\/","title":{"rendered":"Jaarlijkse barbecue!"},"content":{"rendered":"<p><em>Beste leden en sympathisanten<\/em>,<br><\/p>\n\n\n\n<p>Ook dit jaar organiseert de Eurasier club Belgi\u00eb op <strong><em>zaterdag 30 augustus<\/em><\/strong> een barbecue, beginnend met een gezellige wandeling met aansluitend de BBQ.<\/p>\n\n\n\n<h2 class=\"wp-block-heading\">Programma:<\/h2>\n\n\n\n<p><strong>13.45h : <\/strong> Samenkomst van de wandeling: <strong>Kolonie 7 Kapelstraat Merksplas Parking aan Kapel<\/strong>.<br><strong>16.00h <\/strong>: Aankomst op BBQ-locatie Chiro lokaal: <strong>Bavelstraat 85 Rijkevorsel<\/strong>.<br>Gezellige BBQ met diverse vleessoorten, salades en vegetarische (voor vegetarische optie graag\nvermelden bij inschrijving)<br><\/p>\n\n\n\n<h2 class=\"wp-block-heading\">Kosten: <\/h2>\n\n\n\n<p>Leden: \u20ac 15 Kinderen onder 12 jaar gratis<br>Niet-leden: \u20ac 25 Kinderen van 6 tot 12 jaar \u20ac10<br>Inschrijven en betaling voor 20 augustus via \u201c bestuur@eurasierclub.be \u201c<br><strong>Betaling: <\/strong><br>ECB Eurasier club Belgi\u00eb\u201c BE61 7340 7570 9317 \u201c (Naam +aantal deelnemers vermelden)<\/p>\n\n\n\n<p>We hopen jullie talrijk te mogen verwelkomen om er samen een onvergetelijke dag van te maken!<\/p>\n\n\n\n<p>Met vriendelijke groeten het bestuur.<br><em>Aur\u00e9lie, Corinne, Nancy et Erik<\/em><\/p>\n\n\n\n<h2 class=\"wp-block-heading\">Extra info:<\/h2>\n\n\n\n<p>De wandeling is vrij om er aan deel te nemen, maar wel graag melden bij inschrijving.<br>De BBQ start rond 16.30h, we voorzien voldoende drankjes aan democratische prijzen.<br>Vergeet zonnecr\u00e8me, een petje of regenkledij niet (indien nodig)<br>We kijken ernaar uit om de jaarlijkse BQ samen met jullie te vieren! \nDe inrichters en club zijn niet verantwoordelijk voor eventuele ongevallen.<br><strong>P.S.:<\/strong> vergeet je viervoeter niet<\/p>\n\n\n\n<p><\/p>","protected":false},"excerpt":{"rendered":"<p>Chers membres et sympathisants, Cette ann\u00e9e encore, l&rsquo;ECB organise un barbecue le samedi 30 ao\u00fbt qui d\u00e9butera par une agr\u00e9able promenade suivie du barbecue. Programme: 13.45h : Rendez-vous de la promenade: Colonie7 Kapelstraat Merksplas, Parking \u00e0 Chapelle.16.00h : Arriv\u00e9e au lieu du BBQ Chiro local: Bavelstraat 85 Rijkevorsel.BBQ chaleureux avec diff\u00e9rentes sortes de viandes, salades [&hellip;]<\/p>\n","protected":false},"author":1,"featured_media":0,"parent":0,"menu_order":0,"comment_status":"closed","ping_status":"closed","template":"","meta":{"footnotes":""},"class_list":["post-789","page","type-page","status-publish","hentry"],"yoast_head":"<!-- This site is optimized with the Yoast SEO plugin v27.0 - https:\/\/yoast.com\/product\/yoast-seo-wordpress\/ -->\n<title>Barbecue annuel ! - Eurasier Club Belgium<\/title>\n<meta name=\"description\" content=\"eurasier club belgique belgie belgium\" \/>\n<meta name=\"robots\" content=\"index, follow, max-snippet:-1, max-image-preview:large, max-video-preview:-1\" \/>\n<link rel=\"canonical\" href=\"https:\/\/eurasierclub.be\/nl\/barbecue-annuel\/\" \/>\n<meta property=\"og:locale\" content=\"nl_BE\" \/>\n<meta property=\"og:type\" content=\"article\" \/>\n<meta property=\"og:title\" content=\"Barbecue annuel ! - Eurasier Club Belgium\" \/>\n<meta property=\"og:description\" content=\"eurasier club belgique belgie belgium\" \/>\n<meta property=\"og:url\" content=\"https:\/\/eurasierclub.be\/nl\/barbecue-annuel\/\" \/>\n<meta property=\"og:site_name\" content=\"Eurasier Club Belgium\" \/>\n<meta property=\"article:publisher\" content=\"https:\/\/www.facebook.com\/EcbEurasierClubBelgie\" \/>\n<meta property=\"article:modified_time\" content=\"2025-07-11T07:51:36+00:00\" \/>\n<meta name=\"twitter:card\" content=\"summary_large_image\" \/>\n<meta name=\"twitter:label1\" content=\"Geschatte leestijd\" \/>\n\t<meta name=\"twitter:data1\" content=\"1 minuut\" \/>\n<script type=\"application\/ld+json\" class=\"yoast-schema-graph\">{\"@context\":\"https:\/\/schema.org\",\"@graph\":[{\"@type\":\"WebPage\",\"@id\":\"https:\/\/eurasierclub.be\/barbecue-annuel\/\",\"url\":\"https:\/\/eurasierclub.be\/barbecue-annuel\/\",\"name\":\"Barbecue annuel ! - Eurasier Club Belgium\",\"isPartOf\":{\"@id\":\"https:\/\/eurasierclub.be\/#website\"},\"datePublished\":\"2025-07-11T07:51:35+00:00\",\"dateModified\":\"2025-07-11T07:51:36+00:00\",\"description\":\"eurasier club belgique belgie belgium\",\"breadcrumb\":{\"@id\":\"https:\/\/eurasierclub.be\/barbecue-annuel\/#breadcrumb\"},\"inLanguage\":\"nl-BE\",\"potentialAction\":[{\"@type\":\"ReadAction\",\"target\":[\"https:\/\/eurasierclub.be\/barbecue-annuel\/\"]}]},{\"@type\":\"BreadcrumbList\",\"@id\":\"https:\/\/eurasierclub.be\/barbecue-annuel\/#breadcrumb\",\"itemListElement\":[{\"@type\":\"ListItem\",\"position\":1,\"name\":\"Accueil\",\"item\":\"https:\/\/eurasierclub.be\/\"},{\"@type\":\"ListItem\",\"position\":2,\"name\":\"Barbecue annuel !\"}]},{\"@type\":\"WebSite\",\"@id\":\"https:\/\/eurasierclub.be\/#website\",\"url\":\"https:\/\/eurasierclub.be\/\",\"name\":\"Eurasier Club Belgium\",\"description\":\"Eurasier Club Belgium\",\"publisher\":{\"@id\":\"https:\/\/eurasierclub.be\/#organization\"},\"alternateName\":\"eurasier belgium\",\"potentialAction\":[{\"@type\":\"SearchAction\",\"target\":{\"@type\":\"EntryPoint\",\"urlTemplate\":\"https:\/\/eurasierclub.be\/?s={search_term_string}\"},\"query-input\":{\"@type\":\"PropertyValueSpecification\",\"valueRequired\":true,\"valueName\":\"search_term_string\"}}],\"inLanguage\":\"nl-BE\"},{\"@type\":\"Organization\",\"@id\":\"https:\/\/eurasierclub.be\/#organization\",\"name\":\"ECB\",\"alternateName\":\"Eurasier Club Belgium\",\"url\":\"https:\/\/eurasierclub.be\/\",\"logo\":{\"@type\":\"ImageObject\",\"inLanguage\":\"nl-BE\",\"@id\":\"https:\/\/eurasierclub.be\/#\/schema\/logo\/image\/\",\"url\":\"https:\/\/eurasierclub.be\/wp-content\/uploads\/2024\/04\/eurasier.jpg\",\"contentUrl\":\"https:\/\/eurasierclub.be\/wp-content\/uploads\/2024\/04\/eurasier.jpg\",\"width\":493,\"height\":444,\"caption\":\"ECB\"},\"image\":{\"@id\":\"https:\/\/eurasierclub.be\/#\/schema\/logo\/image\/\"},\"sameAs\":[\"https:\/\/www.facebook.com\/EcbEurasierClubBelgie\",\"https:\/\/www.instagram.com\/eurasierclubbelgium\/\"]}]}<\/script>\n<!-- \/ Yoast SEO plugin. -->","yoast_head_json":{"title":"Barbecue annuel ! - Eurasier Club Belgium","description":"eurasier club belgique belgie belgium","robots":{"index":"index","follow":"follow","max-snippet":"max-snippet:-1","max-image-preview":"max-image-preview:large","max-video-preview":"max-video-preview:-1"},"canonical":"https:\/\/eurasierclub.be\/nl\/barbecue-annuel\/","og_locale":"nl_BE","og_type":"article","og_title":"Barbecue annuel ! - Eurasier Club Belgium","og_description":"eurasier club belgique belgie belgium","og_url":"https:\/\/eurasierclub.be\/nl\/barbecue-annuel\/","og_site_name":"Eurasier Club Belgium","article_publisher":"https:\/\/www.facebook.com\/EcbEurasierClubBelgie","article_modified_time":"2025-07-11T07:51:36+00:00","twitter_card":"summary_large_image","twitter_misc":{"Geschatte leestijd":"1 minuut"},"schema":{"@context":"https:\/\/schema.org","@graph":[{"@type":"WebPage","@id":"https:\/\/eurasierclub.be\/barbecue-annuel\/","url":"https:\/\/eurasierclub.be\/barbecue-annuel\/","name":"Barbecue annuel ! - Eurasier Club Belgium","isPartOf":{"@id":"https:\/\/eurasierclub.be\/#website"},"datePublished":"2025-07-11T07:51:35+00:00","dateModified":"2025-07-11T07:51:36+00:00","description":"eurasier club belgique belgie belgium","breadcrumb":{"@id":"https:\/\/eurasierclub.be\/barbecue-annuel\/#breadcrumb"},"inLanguage":"nl-BE","potentialAction":[{"@type":"ReadAction","target":["https:\/\/eurasierclub.be\/barbecue-annuel\/"]}]},{"@type":"BreadcrumbList","@id":"https:\/\/eurasierclub.be\/barbecue-annuel\/#breadcrumb","itemListElement":[{"@type":"ListItem","position":1,"name":"Accueil","item":"https:\/\/eurasierclub.be\/"},{"@type":"ListItem","position":2,"name":"Barbecue annuel !"}]},{"@type":"WebSite","@id":"https:\/\/eurasierclub.be\/#website","url":"https:\/\/eurasierclub.be\/","name":"Eurasier Club Belgium","description":"Eurasier Club Belgium","publisher":{"@id":"https:\/\/eurasierclub.be\/#organization"},"alternateName":"eurasier belgium","potentialAction":[{"@type":"SearchAction","target":{"@type":"EntryPoint","urlTemplate":"https:\/\/eurasierclub.be\/?s={search_term_string}"},"query-input":{"@type":"PropertyValueSpecification","valueRequired":true,"valueName":"search_term_string"}}],"inLanguage":"nl-BE"},{"@type":"Organization","@id":"https:\/\/eurasierclub.be\/#organization","name":"ECB","alternateName":"Eurasier Club Belgium","url":"https:\/\/eurasierclub.be\/","logo":{"@type":"ImageObject","inLanguage":"nl-BE","@id":"https:\/\/eurasierclub.be\/#\/schema\/logo\/image\/","url":"https:\/\/eurasierclub.be\/wp-content\/uploads\/2024\/04\/eurasier.jpg","contentUrl":"https:\/\/eurasierclub.be\/wp-content\/uploads\/2024\/04\/eurasier.jpg","width":493,"height":444,"caption":"ECB"},"image":{"@id":"https:\/\/eurasierclub.be\/#\/schema\/logo\/image\/"},"sameAs":["https:\/\/www.facebook.com\/EcbEurasierClubBelgie","https:\/\/www.instagram.com\/eurasierclubbelgium\/"]}]}},"_links":{"self":[{"href":"https:\/\/eurasierclub.be\/nl\/wp-json\/wp\/v2\/pages\/789","targetHints":{"allow":["GET"]}}],"collection":[{"href":"https:\/\/eurasierclub.be\/nl\/wp-json\/wp\/v2\/pages"}],"about":[{"href":"https:\/\/eurasierclub.be\/nl\/wp-json\/wp\/v2\/types\/page"}],"author":[{"embeddable":true,"href":"https:\/\/eurasierclub.be\/nl\/wp-json\/wp\/v2\/users\/1"}],"replies":[{"embeddable":true,"href":"https:\/\/eurasierclub.be\/nl\/wp-json\/wp\/v2\/comments?post=789"}],"version-history":[{"count":1,"href":"https:\/\/eurasierclub.be\/nl\/wp-json\/wp\/v2\/pages\/789\/revisions"}],"predecessor-version":[{"id":790,"href":"https:\/\/eurasierclub.be\/nl\/wp-json\/wp\/v2\/pages\/789\/revisions\/790"}],"wp:attachment":[{"href":"https:\/\/eurasierclub.be\/nl\/wp-json\/wp\/v2\/media?parent=789"}],"curies":[{"name":"wp","href":"https:\/\/api.w.org\/{rel}","templated":true}]}}